{"id":2753,"date":"2021-12-08T09:41:10","date_gmt":"2021-12-08T08:41:10","guid":{"rendered":"https:\/\/www.normisjon.no\/vebu\/?page_id=2753"},"modified":"2021-12-08T09:58:09","modified_gmt":"2021-12-08T08:58:09","slug":"actas-nye-bo-hjemmeleirkonsept","status":"publish","type":"page","link":"https:\/\/www.normisjon.no\/vebu\/actas-nye-bo-hjemmeleirkonsept\/","title":{"rendered":"Actas nye bo-hjemmeleirkonsept"},"content":{"rendered":"<div id=\"module-0\" class=\"hogan-module hogan-module-text hogan-module-0\"><div class=\"hogan-module-inner\"><p>I Acta er det n\u00e5 fullt fokus p\u00e5 det nye leirkonseptet som utvikles. Det har lenge v\u00e6rt et \u00f8nske om leirer utenom sommerferien som skal kunne inkludere b\u00e5de barn og unge, i tillegg til \u00e5 v\u00e6re nytt og spennende. Dette har de fire ett\u00e5ringene tatt h\u00e5nd om og er n\u00e5 i full gang for \u00e5 f\u00e5 ferdig leieropplegget som skal presenteres i mars. Leiren har f\u00e5tt tittelen Levelup, en bo-hjemme-leir som setter fokus p\u00e5 bibelundervisning med en helt ny vri. Hele leiren baseres p\u00e5 historiene om Paulus, og deltagerne f\u00e5r mulighet til \u00e5 l\u00e6re om han gjennom aktiviteter som escape room, konkurranser, game show og mye mer. Undervisningen best\u00e5r av spennende oppgaver og aktiviteter, slik at det b\u00e5de blir engasjerende, g\u00f8y og l\u00e6rerikt. Bo-hjemme-leir konseptet er akkurat det det h\u00f8res ut som, en leir hvor deltagerne sover hjemme, men f\u00e5r en hel dag pakket med aktivitet. LevelUP har ogs\u00e5 m\u00e5l om \u00e5 ikke bare v\u00e6re ett g\u00f8y nytt konsept for barn i 10-13 \u00e5rs alderen, men det skal ogs\u00e5 v\u00e6re et sted hvor ungdom skal kunne utvikle seg som ledere. Dere vil garantert f\u00e5 h\u00f8re mer om dette!<\/p><\/div><\/div>","protected":false},"excerpt":{"rendered":"<p>I Acta er det n\u00e5 fullt fokus p\u00e5 det nye leirkonseptet som utvikles. Det har lenge v\u00e6rt et \u00f8nske om leirer utenom sommerferien som skal [&hellip;]<\/p>\n","protected":false},"author":24,"featured_media":0,"parent":0,"menu_order":0,"comment_status":"closed","ping_status":"closed","template":"","meta":{"_acf_changed":false,"footnotes":""},"class_list":["post-2753","page","type-page","status-publish","hentry"],"acf":[],"yoast_head":"<!-- This site is optimized with the Yoast SEO plugin v25.9 - https:\/\/yoast.com\/wordpress\/plugins\/seo\/ -->\n<title>Actas nye bo-hjemmeleirkonsept - Region VeBu<\/title>\n<meta name=\"robots\" content=\"index, follow, max-snippet:-1, max-image-preview:large, max-video-preview:-1\" \/>\n<link rel=\"canonical\" href=\"https:\/\/www.normisjon.no\/vebu\/actas-nye-bo-hjemmeleirkonsept\/\" \/>\n<meta property=\"og:locale\" content=\"nb_NO\" \/>\n<meta property=\"og:type\" content=\"article\" \/>\n<meta property=\"og:title\" content=\"Actas nye bo-hjemmeleirkonsept - Region VeBu\" \/>\n<meta property=\"og:description\" content=\"I Acta er det n\u00e5 fullt fokus p\u00e5 det nye leirkonseptet som utvikles. Det har lenge v\u00e6rt et \u00f8nske om leirer utenom sommerferien som skal [&hellip;]\" \/>\n<meta property=\"og:url\" content=\"https:\/\/www.normisjon.no\/vebu\/actas-nye-bo-hjemmeleirkonsept\/\" \/>\n<meta property=\"og:site_name\" content=\"Region VeBu\" \/>\n<meta property=\"article:modified_time\" content=\"2021-12-08T08:58:09+00:00\" \/>\n<meta name=\"twitter:card\" content=\"summary_large_image\" \/>\n<script type=\"application\/ld+json\" class=\"yoast-schema-graph\">{\"@context\":\"https:\/\/schema.org\",\"@graph\":[{\"@type\":\"WebPage\",\"@id\":\"https:\/\/www.normisjon.no\/vebu\/actas-nye-bo-hjemmeleirkonsept\/\",\"url\":\"https:\/\/www.normisjon.no\/vebu\/actas-nye-bo-hjemmeleirkonsept\/\",\"name\":\"Actas nye bo-hjemmeleirkonsept - Region VeBu\",\"isPartOf\":{\"@id\":\"https:\/\/www.normisjon.no\/vebu\/#website\"},\"datePublished\":\"2021-12-08T08:41:10+00:00\",\"dateModified\":\"2021-12-08T08:58:09+00:00\",\"breadcrumb\":{\"@id\":\"https:\/\/www.normisjon.no\/vebu\/actas-nye-bo-hjemmeleirkonsept\/#breadcrumb\"},\"inLanguage\":\"nb-NO\",\"potentialAction\":[{\"@type\":\"ReadAction\",\"target\":[\"https:\/\/www.normisjon.no\/vebu\/actas-nye-bo-hjemmeleirkonsept\/\"]}]},{\"@type\":\"BreadcrumbList\",\"@id\":\"https:\/\/www.normisjon.no\/vebu\/actas-nye-bo-hjemmeleirkonsept\/#breadcrumb\",\"itemListElement\":[{\"@type\":\"ListItem\",\"position\":1,\"name\":\"Home\",\"item\":\"https:\/\/www.normisjon.no\/vebu\/\"},{\"@type\":\"ListItem\",\"position\":2,\"name\":\"Actas nye bo-hjemmeleirkonsept\"}]},{\"@type\":\"WebSite\",\"@id\":\"https:\/\/www.normisjon.no\/vebu\/#website\",\"url\":\"https:\/\/www.normisjon.no\/vebu\/\",\"name\":\"Region VeBu\",\"description\":\"\",\"potentialAction\":[{\"@type\":\"SearchAction\",\"target\":{\"@type\":\"EntryPoint\",\"urlTemplate\":\"https:\/\/www.normisjon.no\/vebu\/?s={search_term_string}\"},\"query-input\":{\"@type\":\"PropertyValueSpecification\",\"valueRequired\":true,\"valueName\":\"search_term_string\"}}],\"inLanguage\":\"nb-NO\"}]}<\/script>\n<!-- \/ Yoast SEO plugin. -->","yoast_head_json":{"title":"Actas nye bo-hjemmeleirkonsept - Region VeBu","robots":{"index":"index","follow":"follow","max-snippet":"max-snippet:-1","max-image-preview":"max-image-preview:large","max-video-preview":"max-video-preview:-1"},"canonical":"https:\/\/www.normisjon.no\/vebu\/actas-nye-bo-hjemmeleirkonsept\/","og_locale":"nb_NO","og_type":"article","og_title":"Actas nye bo-hjemmeleirkonsept - Region VeBu","og_description":"I Acta er det n\u00e5 fullt fokus p\u00e5 det nye leirkonseptet som utvikles. Det har lenge v\u00e6rt et \u00f8nske om leirer utenom sommerferien som skal [&hellip;]","og_url":"https:\/\/www.normisjon.no\/vebu\/actas-nye-bo-hjemmeleirkonsept\/","og_site_name":"Region VeBu","article_modified_time":"2021-12-08T08:58:09+00:00","twitter_card":"summary_large_image","schema":{"@context":"https:\/\/schema.org","@graph":[{"@type":"WebPage","@id":"https:\/\/www.normisjon.no\/vebu\/actas-nye-bo-hjemmeleirkonsept\/","url":"https:\/\/www.normisjon.no\/vebu\/actas-nye-bo-hjemmeleirkonsept\/","name":"Actas nye bo-hjemmeleirkonsept - Region VeBu","isPartOf":{"@id":"https:\/\/www.normisjon.no\/vebu\/#website"},"datePublished":"2021-12-08T08:41:10+00:00","dateModified":"2021-12-08T08:58:09+00:00","breadcrumb":{"@id":"https:\/\/www.normisjon.no\/vebu\/actas-nye-bo-hjemmeleirkonsept\/#breadcrumb"},"inLanguage":"nb-NO","potentialAction":[{"@type":"ReadAction","target":["https:\/\/www.normisjon.no\/vebu\/actas-nye-bo-hjemmeleirkonsept\/"]}]},{"@type":"BreadcrumbList","@id":"https:\/\/www.normisjon.no\/vebu\/actas-nye-bo-hjemmeleirkonsept\/#breadcrumb","itemListElement":[{"@type":"ListItem","position":1,"name":"Home","item":"https:\/\/www.normisjon.no\/vebu\/"},{"@type":"ListItem","position":2,"name":"Actas nye bo-hjemmeleirkonsept"}]},{"@type":"WebSite","@id":"https:\/\/www.normisjon.no\/vebu\/#website","url":"https:\/\/www.normisjon.no\/vebu\/","name":"Region VeBu","description":"","potentialAction":[{"@type":"SearchAction","target":{"@type":"EntryPoint","urlTemplate":"https:\/\/www.normisjon.no\/vebu\/?s={search_term_string}"},"query-input":{"@type":"PropertyValueSpecification","valueRequired":true,"valueName":"search_term_string"}}],"inLanguage":"nb-NO"}]}},"_links":{"self":[{"href":"https:\/\/www.normisjon.no\/vebu\/wp-json\/wp\/v2\/pages\/2753","targetHints":{"allow":["GET"]}}],"collection":[{"href":"https:\/\/www.normisjon.no\/vebu\/wp-json\/wp\/v2\/pages"}],"about":[{"href":"https:\/\/www.normisjon.no\/vebu\/wp-json\/wp\/v2\/types\/page"}],"author":[{"embeddable":true,"href":"https:\/\/www.normisjon.no\/vebu\/wp-json\/wp\/v2\/users\/24"}],"replies":[{"embeddable":true,"href":"https:\/\/www.normisjon.no\/vebu\/wp-json\/wp\/v2\/comments?post=2753"}],"version-history":[{"count":2,"href":"https:\/\/www.normisjon.no\/vebu\/wp-json\/wp\/v2\/pages\/2753\/revisions"}],"predecessor-version":[{"id":2755,"href":"https:\/\/www.normisjon.no\/vebu\/wp-json\/wp\/v2\/pages\/2753\/revisions\/2755"}],"wp:attachment":[{"href":"https:\/\/www.normisjon.no\/vebu\/wp-json\/wp\/v2\/media?parent=2753"}],"curies":[{"name":"wp","href":"https:\/\/api.w.org\/{rel}","templated":true}]}}