{"id":2917,"date":"2022-03-09T16:55:27","date_gmt":"2022-03-09T15:55:27","guid":{"rendered":"https:\/\/www.normisjon.no\/vebu\/?page_id=2917"},"modified":"2022-06-29T14:23:52","modified_gmt":"2022-06-29T12:23:52","slug":"bibelcamp-pa-strand-2022","status":"publish","type":"page","link":"https:\/\/www.normisjon.no\/vebu\/bibelcamp-pa-strand-2022\/","title":{"rendered":"Bibelcamp p\u00e5 Strand 2022"},"content":{"rendered":"<div id=\"module-0\" class=\"hogan-module hogan-module-text hogan-module-0\"><div class=\"hogan-module-inner\"><p>Vi har gleden av \u00e5 invitere til Bibelcamp 7.-10 juli. Strand leirsted ligger p\u00e5 \u00d8ster\u00f8ya i Sandefjord kommune og er et ypperlig sted \u00e5 tilbringe gode sommerdager.<\/p>\n<p>Hovedtema for campen er <strong>Hel ved<\/strong>. Vi har f\u00e5tt med mange spennende forkynnere, det blir lovsang og mulighet for samtale og forb\u00f8nn. Under m\u00f8tene, er det eget opplegg for barna. UngCampen for undommene er avlyst.<\/p>\n<p>Det blir ogs\u00e5 tid til \u00e5 ha ferie. Vi legger opp til aktiviteter\/turer det er mulig \u00e5 v\u00e6re med p\u00e5 eller en kan finne en strand og nyte dagen helt i ro.<\/p>\n<p>Under finner du nyttig informasjon. Ikke v\u00e6r redd for \u00e5 ta kontakt med regionkontoret dersom du har sp\u00f8rsm\u00e5l.<\/p>\n<p><strong><a href=\"https:\/\/www.normisjon.no\/vebu\/bibelcamp-22-program\/\" target=\"_blank\" rel=\"noopener\">Program<\/a><\/strong><\/p>\n<p><strong><a href=\"https:\/\/www.normisjon.no\/vebu\/bibelcamp-22-priser-og-pamelding\/\" target=\"_blank\" rel=\"noopener\">Priser og p\u00e5melding<\/a><\/strong><\/p>\n<p><strong><a href=\"https:\/\/www.normisjon.no\/vebu\/bibelcamp-22-medvirkende\/\" target=\"_blank\" rel=\"noopener\">Medvirkende<\/a><\/strong><\/p>\n<p><a href=\"https:\/\/www.normisjon.no\/vebu\/bibelcamp-22-konserter\/\" target=\"_blank\" rel=\"noopener\"><strong>Konserter<\/strong><\/a><\/p>\n<p>&nbsp;<\/p>\n<p>&nbsp;<\/p><\/div><\/div><div id=\"module-1\" class=\"hogan-module hogan-module-image hogan-module-1 hogan-image-size-large\"><div class=\"hogan-module-inner\"><figure class=\"wp-caption size-large\"><\/figure><\/div><\/div>","protected":false},"excerpt":{"rendered":"<p>Vi har gleden av \u00e5 invitere til Bibelcamp 7.-10 juli. Strand leirsted ligger p\u00e5 \u00d8ster\u00f8ya i Sandefjord kommune og er et ypperlig sted \u00e5 tilbringe [&hellip;]<\/p>\n","protected":false},"author":24,"featured_media":0,"parent":0,"menu_order":0,"comment_status":"closed","ping_status":"closed","template":"","meta":{"_acf_changed":false,"footnotes":""},"class_list":["post-2917","page","type-page","status-publish","hentry"],"acf":[],"yoast_head":"<!-- This site is optimized with the Yoast SEO plugin v25.9 - https:\/\/yoast.com\/wordpress\/plugins\/seo\/ -->\n<title>Bibelcamp p\u00e5 Strand 2022 - Region VeBu<\/title>\n<meta name=\"robots\" content=\"index, follow, max-snippet:-1, max-image-preview:large, max-video-preview:-1\" \/>\n<link rel=\"canonical\" href=\"https:\/\/www.normisjon.no\/vebu\/bibelcamp-pa-strand-2022\/\" \/>\n<meta property=\"og:locale\" content=\"nb_NO\" \/>\n<meta property=\"og:type\" content=\"article\" \/>\n<meta property=\"og:title\" content=\"Bibelcamp p\u00e5 Strand 2022 - Region VeBu\" \/>\n<meta property=\"og:description\" content=\"Vi har gleden av \u00e5 invitere til Bibelcamp 7.-10 juli. Strand leirsted ligger p\u00e5 \u00d8ster\u00f8ya i Sandefjord kommune og er et ypperlig sted \u00e5 tilbringe [&hellip;]\" \/>\n<meta property=\"og:url\" content=\"https:\/\/www.normisjon.no\/vebu\/bibelcamp-pa-strand-2022\/\" \/>\n<meta property=\"og:site_name\" content=\"Region VeBu\" \/>\n<meta property=\"article:modified_time\" content=\"2022-06-29T12:23:52+00:00\" \/>\n<meta property=\"og:image\" content=\"https:\/\/www.normisjon.no\/content\/uploads\/sites\/22\/2022\/03\/Bibelcamp2.jpg\" \/>\n\t<meta property=\"og:image:width\" content=\"569\" \/>\n\t<meta property=\"og:image:height\" content=\"474\" \/>\n\t<meta property=\"og:image:type\" content=\"image\/jpeg\" \/>\n<meta name=\"twitter:card\" content=\"summary_large_image\" \/>\n<script type=\"application\/ld+json\" class=\"yoast-schema-graph\">{\"@context\":\"https:\/\/schema.org\",\"@graph\":[{\"@type\":\"WebPage\",\"@id\":\"https:\/\/www.normisjon.no\/vebu\/bibelcamp-pa-strand-2022\/\",\"url\":\"https:\/\/www.normisjon.no\/vebu\/bibelcamp-pa-strand-2022\/\",\"name\":\"Bibelcamp p\u00e5 Strand 2022 - Region VeBu\",\"isPartOf\":{\"@id\":\"https:\/\/www.normisjon.no\/vebu\/#website\"},\"datePublished\":\"2022-03-09T15:55:27+00:00\",\"dateModified\":\"2022-06-29T12:23:52+00:00\",\"breadcrumb\":{\"@id\":\"https:\/\/www.normisjon.no\/vebu\/bibelcamp-pa-strand-2022\/#breadcrumb\"},\"inLanguage\":\"nb-NO\",\"potentialAction\":[{\"@type\":\"ReadAction\",\"target\":[\"https:\/\/www.normisjon.no\/vebu\/bibelcamp-pa-strand-2022\/\"]}]},{\"@type\":\"BreadcrumbList\",\"@id\":\"https:\/\/www.normisjon.no\/vebu\/bibelcamp-pa-strand-2022\/#breadcrumb\",\"itemListElement\":[{\"@type\":\"ListItem\",\"position\":1,\"name\":\"Home\",\"item\":\"https:\/\/www.normisjon.no\/vebu\/\"},{\"@type\":\"ListItem\",\"position\":2,\"name\":\"Bibelcamp p\u00e5 Strand 2022\"}]},{\"@type\":\"WebSite\",\"@id\":\"https:\/\/www.normisjon.no\/vebu\/#website\",\"url\":\"https:\/\/www.normisjon.no\/vebu\/\",\"name\":\"Region VeBu\",\"description\":\"\",\"potentialAction\":[{\"@type\":\"SearchAction\",\"target\":{\"@type\":\"EntryPoint\",\"urlTemplate\":\"https:\/\/www.normisjon.no\/vebu\/?s={search_term_string}\"},\"query-input\":{\"@type\":\"PropertyValueSpecification\",\"valueRequired\":true,\"valueName\":\"search_term_string\"}}],\"inLanguage\":\"nb-NO\"}]}<\/script>\n<!-- \/ Yoast SEO plugin. -->","yoast_head_json":{"title":"Bibelcamp p\u00e5 Strand 2022 - Region VeBu","robots":{"index":"index","follow":"follow","max-snippet":"max-snippet:-1","max-image-preview":"max-image-preview:large","max-video-preview":"max-video-preview:-1"},"canonical":"https:\/\/www.normisjon.no\/vebu\/bibelcamp-pa-strand-2022\/","og_locale":"nb_NO","og_type":"article","og_title":"Bibelcamp p\u00e5 Strand 2022 - Region VeBu","og_description":"Vi har gleden av \u00e5 invitere til Bibelcamp 7.-10 juli. Strand leirsted ligger p\u00e5 \u00d8ster\u00f8ya i Sandefjord kommune og er et ypperlig sted \u00e5 tilbringe [&hellip;]","og_url":"https:\/\/www.normisjon.no\/vebu\/bibelcamp-pa-strand-2022\/","og_site_name":"Region VeBu","article_modified_time":"2022-06-29T12:23:52+00:00","og_image":[{"width":569,"height":474,"url":"https:\/\/www.normisjon.no\/content\/uploads\/sites\/22\/2022\/03\/Bibelcamp2.jpg","type":"image\/jpeg"}],"twitter_card":"summary_large_image","schema":{"@context":"https:\/\/schema.org","@graph":[{"@type":"WebPage","@id":"https:\/\/www.normisjon.no\/vebu\/bibelcamp-pa-strand-2022\/","url":"https:\/\/www.normisjon.no\/vebu\/bibelcamp-pa-strand-2022\/","name":"Bibelcamp p\u00e5 Strand 2022 - Region VeBu","isPartOf":{"@id":"https:\/\/www.normisjon.no\/vebu\/#website"},"datePublished":"2022-03-09T15:55:27+00:00","dateModified":"2022-06-29T12:23:52+00:00","breadcrumb":{"@id":"https:\/\/www.normisjon.no\/vebu\/bibelcamp-pa-strand-2022\/#breadcrumb"},"inLanguage":"nb-NO","potentialAction":[{"@type":"ReadAction","target":["https:\/\/www.normisjon.no\/vebu\/bibelcamp-pa-strand-2022\/"]}]},{"@type":"BreadcrumbList","@id":"https:\/\/www.normisjon.no\/vebu\/bibelcamp-pa-strand-2022\/#breadcrumb","itemListElement":[{"@type":"ListItem","position":1,"name":"Home","item":"https:\/\/www.normisjon.no\/vebu\/"},{"@type":"ListItem","position":2,"name":"Bibelcamp p\u00e5 Strand 2022"}]},{"@type":"WebSite","@id":"https:\/\/www.normisjon.no\/vebu\/#website","url":"https:\/\/www.normisjon.no\/vebu\/","name":"Region VeBu","description":"","potentialAction":[{"@type":"SearchAction","target":{"@type":"EntryPoint","urlTemplate":"https:\/\/www.normisjon.no\/vebu\/?s={search_term_string}"},"query-input":{"@type":"PropertyValueSpecification","valueRequired":true,"valueName":"search_term_string"}}],"inLanguage":"nb-NO"}]}},"_links":{"self":[{"href":"https:\/\/www.normisjon.no\/vebu\/wp-json\/wp\/v2\/pages\/2917","targetHints":{"allow":["GET"]}}],"collection":[{"href":"https:\/\/www.normisjon.no\/vebu\/wp-json\/wp\/v2\/pages"}],"about":[{"href":"https:\/\/www.normisjon.no\/vebu\/wp-json\/wp\/v2\/types\/page"}],"author":[{"embeddable":true,"href":"https:\/\/www.normisjon.no\/vebu\/wp-json\/wp\/v2\/users\/24"}],"replies":[{"embeddable":true,"href":"https:\/\/www.normisjon.no\/vebu\/wp-json\/wp\/v2\/comments?post=2917"}],"version-history":[{"count":27,"href":"https:\/\/www.normisjon.no\/vebu\/wp-json\/wp\/v2\/pages\/2917\/revisions"}],"predecessor-version":[{"id":3252,"href":"https:\/\/www.normisjon.no\/vebu\/wp-json\/wp\/v2\/pages\/2917\/revisions\/3252"}],"wp:attachment":[{"href":"https:\/\/www.normisjon.no\/vebu\/wp-json\/wp\/v2\/media?parent=2917"}],"curies":[{"name":"wp","href":"https:\/\/api.w.org\/{rel}","templated":true}]}}