{"id":3286,"date":"2022-08-23T15:38:24","date_gmt":"2022-08-23T13:38:24","guid":{"rendered":"https:\/\/www.normisjon.no\/vebu\/?page_id=3286"},"modified":"2022-08-24T08:42:52","modified_gmt":"2022-08-24T06:42:52","slug":"loppemarked-2022","status":"publish","type":"page","link":"https:\/\/www.normisjon.no\/vebu\/loppemarked-2022\/","title":{"rendered":"Loppemarked 2022"},"content":{"rendered":"<div class=\"entry-content alignfull wp-block-post-content has-global-padding is-layout-constrained wp-block-post-content-is-layout-constrained\">\n<p>Velkommen til loppemarked p\u00e5 Gjennestad 8. oktober.<\/p>\n\n\n\n<p>D\u00f8rene \u00e5pnes kl 10.00 og stenger kl 15.00. Det vil bli \u00e5retrekning, lynlotteri, auksjon salg av mat, gr\u00f8nnsaker og selvsagt lopper.<\/p>\n\n\n\n<p>Vi tar imot lopper mandag 3.-torsdag 6. fra kl 12-19 og fredag 7. fra kl 12-16. L\u00f8rdagen tar vi ikke imot lopper.<\/p>\n\n\n\n<p>Har du lyst til \u00e5 v\u00e6re med som medarbeider? Ta kontakt med Gunn-Marit E. Selle p\u00e5 tlf 928 40 659. Vi trenger mange hender denne dagen!<\/p>\n\n\n\n<p><\/p>\n\n\n\n<figure class=\"wp-block-image size-full is-resized\"><img loading=\"lazy\" decoding=\"async\" src=\"https:\/\/www.normisjon.no\/content\/uploads\/sites\/22\/2022\/08\/Loppemarked-21-Gunnel-14-1-rotated.jpg\" alt=\"\" class=\"wp-image-3293\" width=\"832\" height=\"624\" srcset=\"https:\/\/www.normisjon.no\/content\/uploads\/sites\/22\/2022\/08\/Loppemarked-21-Gunnel-14-1-rotated.jpg 640w, https:\/\/www.normisjon.no\/content\/uploads\/sites\/22\/2022\/08\/Loppemarked-21-Gunnel-14-1-300x225.jpg 300w\" sizes=\"auto, (max-width: 832px) 100vw, 832px\" \/><\/figure>\n<\/div>","protected":false},"excerpt":{"rendered":"<p>Velkommen til loppemarked p\u00e5 Gjennestad 8. oktober. D\u00f8rene \u00e5pnes kl 10.00 og stenger kl 15.00. Det vil bli \u00e5retrekning, lynlotteri, auksjon salg av mat, gr\u00f8nnsaker [&hellip;]<\/p>\n","protected":false},"author":24,"featured_media":3290,"parent":0,"menu_order":0,"comment_status":"closed","ping_status":"closed","template":"","meta":{"_acf_changed":false,"footnotes":""},"class_list":["post-3286","page","type-page","status-publish","has-post-thumbnail","hentry"],"acf":[],"yoast_head":"<!-- This site is optimized with the Yoast SEO plugin v25.9 - https:\/\/yoast.com\/wordpress\/plugins\/seo\/ -->\n<title>Loppemarked 2022 - Region VeBu<\/title>\n<meta name=\"robots\" content=\"index, follow, max-snippet:-1, max-image-preview:large, max-video-preview:-1\" \/>\n<link rel=\"canonical\" href=\"https:\/\/www.normisjon.no\/vebu\/loppemarked-2022\/\" \/>\n<meta property=\"og:locale\" content=\"nb_NO\" \/>\n<meta property=\"og:type\" content=\"article\" \/>\n<meta property=\"og:title\" content=\"Loppemarked 2022 - Region VeBu\" \/>\n<meta property=\"og:description\" content=\"Velkommen til loppemarked p\u00e5 Gjennestad 8. oktober. D\u00f8rene \u00e5pnes kl 10.00 og stenger kl 15.00. Det vil bli \u00e5retrekning, lynlotteri, auksjon salg av mat, gr\u00f8nnsaker [&hellip;]\" \/>\n<meta property=\"og:url\" content=\"https:\/\/www.normisjon.no\/vebu\/loppemarked-2022\/\" \/>\n<meta property=\"og:site_name\" content=\"Region VeBu\" \/>\n<meta property=\"article:modified_time\" content=\"2022-08-24T06:42:52+00:00\" \/>\n<meta property=\"og:image\" content=\"https:\/\/www.normisjon.no\/content\/uploads\/sites\/22\/2022\/08\/Loppemarked-2021-2-scaled.jpg\" \/>\n\t<meta property=\"og:image:width\" content=\"2560\" \/>\n\t<meta property=\"og:image:height\" content=\"1920\" \/>\n\t<meta property=\"og:image:type\" content=\"image\/jpeg\" \/>\n<meta name=\"twitter:card\" content=\"summary_large_image\" \/>\n<meta name=\"twitter:label1\" content=\"Ansl. lesetid\" \/>\n\t<meta name=\"twitter:data1\" content=\"1 minutt\" \/>\n<script type=\"application\/ld+json\" class=\"yoast-schema-graph\">{\"@context\":\"https:\/\/schema.org\",\"@graph\":[{\"@type\":\"WebPage\",\"@id\":\"https:\/\/www.normisjon.no\/vebu\/loppemarked-2022\/\",\"url\":\"https:\/\/www.normisjon.no\/vebu\/loppemarked-2022\/\",\"name\":\"Loppemarked 2022 - Region VeBu\",\"isPartOf\":{\"@id\":\"https:\/\/www.normisjon.no\/vebu\/#website\"},\"primaryImageOfPage\":{\"@id\":\"https:\/\/www.normisjon.no\/vebu\/loppemarked-2022\/#primaryimage\"},\"image\":{\"@id\":\"https:\/\/www.normisjon.no\/vebu\/loppemarked-2022\/#primaryimage\"},\"thumbnailUrl\":\"https:\/\/www.normisjon.no\/content\/uploads\/sites\/22\/2022\/08\/Loppemarked-2021-2-scaled.jpg\",\"datePublished\":\"2022-08-23T13:38:24+00:00\",\"dateModified\":\"2022-08-24T06:42:52+00:00\",\"breadcrumb\":{\"@id\":\"https:\/\/www.normisjon.no\/vebu\/loppemarked-2022\/#breadcrumb\"},\"inLanguage\":\"nb-NO\",\"potentialAction\":[{\"@type\":\"ReadAction\",\"target\":[\"https:\/\/www.normisjon.no\/vebu\/loppemarked-2022\/\"]}]},{\"@type\":\"ImageObject\",\"inLanguage\":\"nb-NO\",\"@id\":\"https:\/\/www.normisjon.no\/vebu\/loppemarked-2022\/#primaryimage\",\"url\":\"https:\/\/www.normisjon.no\/content\/uploads\/sites\/22\/2022\/08\/Loppemarked-2021-2-scaled.jpg\",\"contentUrl\":\"https:\/\/www.normisjon.no\/content\/uploads\/sites\/22\/2022\/08\/Loppemarked-2021-2-scaled.jpg\",\"width\":2560,\"height\":1920},{\"@type\":\"BreadcrumbList\",\"@id\":\"https:\/\/www.normisjon.no\/vebu\/loppemarked-2022\/#breadcrumb\",\"itemListElement\":[{\"@type\":\"ListItem\",\"position\":1,\"name\":\"Home\",\"item\":\"https:\/\/www.normisjon.no\/vebu\/\"},{\"@type\":\"ListItem\",\"position\":2,\"name\":\"Loppemarked 2022\"}]},{\"@type\":\"WebSite\",\"@id\":\"https:\/\/www.normisjon.no\/vebu\/#website\",\"url\":\"https:\/\/www.normisjon.no\/vebu\/\",\"name\":\"Region VeBu\",\"description\":\"\",\"potentialAction\":[{\"@type\":\"SearchAction\",\"target\":{\"@type\":\"EntryPoint\",\"urlTemplate\":\"https:\/\/www.normisjon.no\/vebu\/?s={search_term_string}\"},\"query-input\":{\"@type\":\"PropertyValueSpecification\",\"valueRequired\":true,\"valueName\":\"search_term_string\"}}],\"inLanguage\":\"nb-NO\"}]}<\/script>\n<!-- \/ Yoast SEO plugin. -->","yoast_head_json":{"title":"Loppemarked 2022 - Region VeBu","robots":{"index":"index","follow":"follow","max-snippet":"max-snippet:-1","max-image-preview":"max-image-preview:large","max-video-preview":"max-video-preview:-1"},"canonical":"https:\/\/www.normisjon.no\/vebu\/loppemarked-2022\/","og_locale":"nb_NO","og_type":"article","og_title":"Loppemarked 2022 - Region VeBu","og_description":"Velkommen til loppemarked p\u00e5 Gjennestad 8. oktober. D\u00f8rene \u00e5pnes kl 10.00 og stenger kl 15.00. Det vil bli \u00e5retrekning, lynlotteri, auksjon salg av mat, gr\u00f8nnsaker [&hellip;]","og_url":"https:\/\/www.normisjon.no\/vebu\/loppemarked-2022\/","og_site_name":"Region VeBu","article_modified_time":"2022-08-24T06:42:52+00:00","og_image":[{"width":2560,"height":1920,"url":"https:\/\/www.normisjon.no\/content\/uploads\/sites\/22\/2022\/08\/Loppemarked-2021-2-scaled.jpg","type":"image\/jpeg"}],"twitter_card":"summary_large_image","twitter_misc":{"Ansl. lesetid":"1 minutt"},"schema":{"@context":"https:\/\/schema.org","@graph":[{"@type":"WebPage","@id":"https:\/\/www.normisjon.no\/vebu\/loppemarked-2022\/","url":"https:\/\/www.normisjon.no\/vebu\/loppemarked-2022\/","name":"Loppemarked 2022 - Region VeBu","isPartOf":{"@id":"https:\/\/www.normisjon.no\/vebu\/#website"},"primaryImageOfPage":{"@id":"https:\/\/www.normisjon.no\/vebu\/loppemarked-2022\/#primaryimage"},"image":{"@id":"https:\/\/www.normisjon.no\/vebu\/loppemarked-2022\/#primaryimage"},"thumbnailUrl":"https:\/\/www.normisjon.no\/content\/uploads\/sites\/22\/2022\/08\/Loppemarked-2021-2-scaled.jpg","datePublished":"2022-08-23T13:38:24+00:00","dateModified":"2022-08-24T06:42:52+00:00","breadcrumb":{"@id":"https:\/\/www.normisjon.no\/vebu\/loppemarked-2022\/#breadcrumb"},"inLanguage":"nb-NO","potentialAction":[{"@type":"ReadAction","target":["https:\/\/www.normisjon.no\/vebu\/loppemarked-2022\/"]}]},{"@type":"ImageObject","inLanguage":"nb-NO","@id":"https:\/\/www.normisjon.no\/vebu\/loppemarked-2022\/#primaryimage","url":"https:\/\/www.normisjon.no\/content\/uploads\/sites\/22\/2022\/08\/Loppemarked-2021-2-scaled.jpg","contentUrl":"https:\/\/www.normisjon.no\/content\/uploads\/sites\/22\/2022\/08\/Loppemarked-2021-2-scaled.jpg","width":2560,"height":1920},{"@type":"BreadcrumbList","@id":"https:\/\/www.normisjon.no\/vebu\/loppemarked-2022\/#breadcrumb","itemListElement":[{"@type":"ListItem","position":1,"name":"Home","item":"https:\/\/www.normisjon.no\/vebu\/"},{"@type":"ListItem","position":2,"name":"Loppemarked 2022"}]},{"@type":"WebSite","@id":"https:\/\/www.normisjon.no\/vebu\/#website","url":"https:\/\/www.normisjon.no\/vebu\/","name":"Region VeBu","description":"","potentialAction":[{"@type":"SearchAction","target":{"@type":"EntryPoint","urlTemplate":"https:\/\/www.normisjon.no\/vebu\/?s={search_term_string}"},"query-input":{"@type":"PropertyValueSpecification","valueRequired":true,"valueName":"search_term_string"}}],"inLanguage":"nb-NO"}]}},"_links":{"self":[{"href":"https:\/\/www.normisjon.no\/vebu\/wp-json\/wp\/v2\/pages\/3286","targetHints":{"allow":["GET"]}}],"collection":[{"href":"https:\/\/www.normisjon.no\/vebu\/wp-json\/wp\/v2\/pages"}],"about":[{"href":"https:\/\/www.normisjon.no\/vebu\/wp-json\/wp\/v2\/types\/page"}],"author":[{"embeddable":true,"href":"https:\/\/www.normisjon.no\/vebu\/wp-json\/wp\/v2\/users\/24"}],"replies":[{"embeddable":true,"href":"https:\/\/www.normisjon.no\/vebu\/wp-json\/wp\/v2\/comments?post=3286"}],"version-history":[{"count":3,"href":"https:\/\/www.normisjon.no\/vebu\/wp-json\/wp\/v2\/pages\/3286\/revisions"}],"predecessor-version":[{"id":3295,"href":"https:\/\/www.normisjon.no\/vebu\/wp-json\/wp\/v2\/pages\/3286\/revisions\/3295"}],"wp:featuredmedia":[{"embeddable":true,"href":"https:\/\/www.normisjon.no\/vebu\/wp-json\/wp\/v2\/media\/3290"}],"wp:attachment":[{"href":"https:\/\/www.normisjon.no\/vebu\/wp-json\/wp\/v2\/media?parent=3286"}],"curies":[{"name":"wp","href":"https:\/\/api.w.org\/{rel}","templated":true}]}}