{"id":3349,"date":"2022-10-25T10:34:13","date_gmt":"2022-10-25T08:34:13","guid":{"rendered":"https:\/\/www.normisjon.no\/vebu\/?page_id=3349"},"modified":"2022-10-25T10:42:53","modified_gmt":"2022-10-25T08:42:53","slug":"strandtorget-28-og-29-oktober-2022","status":"publish","type":"page","link":"https:\/\/www.normisjon.no\/vebu\/strandtorget-28-og-29-oktober-2022\/","title":{"rendered":"Strandtorget 28. og 29. oktober 2022"},"content":{"rendered":"<div class=\"entry-content alignfull wp-block-post-content has-global-padding is-layout-constrained wp-block-post-content-is-layout-constrained\">\n<p>Vi \u00f8nsker igjen velkommen til Strandtorget!<\/p>\n\n\n\n<p>Vi har rekordmange utstillere s\u00e5 her kan du finne mye fint. Du vil finne lefser, og  andre bakevarer, hekle- og strikkeprodukter, treprodukter,  smijernsarbeider, Tupperware, bruktting, Tiffanyengler, s\u00f8marbeider, ryer, kranser, bilder og malte ting, Norwex mopper og kluter, smykker, saft, syltet\u00f8y og andre produkter fra naturen, Linprodukter, akvareller og kort m.m.<\/p>\n\n\n\n<p>Kaf\u00e8en i peisestua er \u00e5pen og selger r\u00f8mmegr\u00f8t, lapskaus, paella, bagetter, kaffe og kaker.<\/p>\n\n\n\n<p>Det vil ogs\u00e5 v\u00e6re mulig \u00e5 vinne en flott gevinst i v\u00e5rt lynlotteri.<\/p>\n\n\n\n<p><strong>\u00c5pningstider: <\/strong><br>fredag 28. kl 11.00 &#8211; 17.00<br>l\u00f8rdag 29. kl 10.00 &#8211; 15.00<\/p>\n\n\n\n<p>Velkommen!<\/p>\n\n\n\n<p>Last ned flyer <a href=\"https:\/\/www.normisjon.no\/content\/uploads\/sites\/22\/2022\/10\/Flyer-strandtorget-okt-22-Facebook-innlegg.png\">her<\/a><\/p>\n\n\n\n<figure class=\"wp-block-gallery columns-4 is-cropped wp-block-gallery-1 is-layout-flex wp-block-gallery-is-layout-flex\"><ul class=\"blocks-gallery-grid\"><li class=\"blocks-gallery-item\"><figure><img loading=\"lazy\" decoding=\"async\" width=\"225\" height=\"300\" src=\"https:\/\/www.normisjon.no\/content\/uploads\/sites\/22\/2022\/10\/Strandtorget-1-225x300.jpg\" alt=\"\" data-id=\"3354\" data-full-url=\"https:\/\/www.normisjon.no\/content\/uploads\/sites\/22\/2022\/10\/Strandtorget-1.jpg\" data-link=\"https:\/\/www.normisjon.no\/vebu\/strandtorget-28-og-29-oktober-2022\/strandtorget-1-2\/\" class=\"wp-image-3354\" srcset=\"https:\/\/www.normisjon.no\/content\/uploads\/sites\/22\/2022\/10\/Strandtorget-1-225x300.jpg 225w, https:\/\/www.normisjon.no\/content\/uploads\/sites\/22\/2022\/10\/Strandtorget-1-768x1024.jpg 768w, https:\/\/www.normisjon.no\/content\/uploads\/sites\/22\/2022\/10\/Strandtorget-1-1152x1536.jpg 1152w, https:\/\/www.normisjon.no\/content\/uploads\/sites\/22\/2022\/10\/Strandtorget-1-1360x1813.jpg 1360w, https:\/\/www.normisjon.no\/content\/uploads\/sites\/22\/2022\/10\/Strandtorget-1-1440x1920.jpg 1440w, https:\/\/www.normisjon.no\/content\/uploads\/sites\/22\/2022\/10\/Strandtorget-1-720x960.jpg 720w, https:\/\/www.normisjon.no\/content\/uploads\/sites\/22\/2022\/10\/Strandtorget-1.jpg 1512w\" sizes=\"auto, (max-width: 225px) 100vw, 225px\" \/><\/figure><\/li><li class=\"blocks-gallery-item\"><figure><img loading=\"lazy\" decoding=\"async\" width=\"225\" height=\"300\" src=\"https:\/\/www.normisjon.no\/content\/uploads\/sites\/22\/2022\/10\/Strandtorget-2-225x300.jpg\" alt=\"\" data-id=\"3355\" data-full-url=\"https:\/\/www.normisjon.no\/content\/uploads\/sites\/22\/2022\/10\/Strandtorget-2.jpg\" data-link=\"https:\/\/www.normisjon.no\/vebu\/strandtorget-28-og-29-oktober-2022\/strandtorget-2-2\/\" class=\"wp-image-3355\" srcset=\"https:\/\/www.normisjon.no\/content\/uploads\/sites\/22\/2022\/10\/Strandtorget-2-225x300.jpg 225w, https:\/\/www.normisjon.no\/content\/uploads\/sites\/22\/2022\/10\/Strandtorget-2-768x1024.jpg 768w, https:\/\/www.normisjon.no\/content\/uploads\/sites\/22\/2022\/10\/Strandtorget-2-1152x1536.jpg 1152w, https:\/\/www.normisjon.no\/content\/uploads\/sites\/22\/2022\/10\/Strandtorget-2-1360x1813.jpg 1360w, https:\/\/www.normisjon.no\/content\/uploads\/sites\/22\/2022\/10\/Strandtorget-2-1440x1920.jpg 1440w, https:\/\/www.normisjon.no\/content\/uploads\/sites\/22\/2022\/10\/Strandtorget-2-720x960.jpg 720w, https:\/\/www.normisjon.no\/content\/uploads\/sites\/22\/2022\/10\/Strandtorget-2.jpg 1512w\" sizes=\"auto, (max-width: 225px) 100vw, 225px\" \/><\/figure><\/li><li class=\"blocks-gallery-item\"><figure><img loading=\"lazy\" decoding=\"async\" width=\"225\" height=\"300\" src=\"https:\/\/www.normisjon.no\/content\/uploads\/sites\/22\/2022\/10\/Strandtorget-4-1-225x300.jpg\" alt=\"\" data-id=\"3356\" data-full-url=\"https:\/\/www.normisjon.no\/content\/uploads\/sites\/22\/2022\/10\/Strandtorget-4-1.jpg\" data-link=\"https:\/\/www.normisjon.no\/vebu\/strandtorget-28-og-29-oktober-2022\/strandtorget-4-1\/\" class=\"wp-image-3356\" srcset=\"https:\/\/www.normisjon.no\/content\/uploads\/sites\/22\/2022\/10\/Strandtorget-4-1-225x300.jpg 225w, https:\/\/www.normisjon.no\/content\/uploads\/sites\/22\/2022\/10\/Strandtorget-4-1-768x1024.jpg 768w, https:\/\/www.normisjon.no\/content\/uploads\/sites\/22\/2022\/10\/Strandtorget-4-1-1152x1536.jpg 1152w, https:\/\/www.normisjon.no\/content\/uploads\/sites\/22\/2022\/10\/Strandtorget-4-1-1360x1813.jpg 1360w, https:\/\/www.normisjon.no\/content\/uploads\/sites\/22\/2022\/10\/Strandtorget-4-1-1440x1920.jpg 1440w, https:\/\/www.normisjon.no\/content\/uploads\/sites\/22\/2022\/10\/Strandtorget-4-1-720x960.jpg 720w, https:\/\/www.normisjon.no\/content\/uploads\/sites\/22\/2022\/10\/Strandtorget-4-1.jpg 1512w\" sizes=\"auto, (max-width: 225px) 100vw, 225px\" \/><\/figure><\/li><li class=\"blocks-gallery-item\"><figure><img loading=\"lazy\" decoding=\"async\" width=\"225\" height=\"300\" src=\"https:\/\/www.normisjon.no\/content\/uploads\/sites\/22\/2022\/10\/Strandtorget-7-225x300.jpg\" alt=\"\" data-id=\"3357\" data-full-url=\"https:\/\/www.normisjon.no\/content\/uploads\/sites\/22\/2022\/10\/Strandtorget-7.jpg\" data-link=\"https:\/\/www.normisjon.no\/vebu\/strandtorget-28-og-29-oktober-2022\/strandtorget-7-2\/\" class=\"wp-image-3357\" srcset=\"https:\/\/www.normisjon.no\/content\/uploads\/sites\/22\/2022\/10\/Strandtorget-7-225x300.jpg 225w, https:\/\/www.normisjon.no\/content\/uploads\/sites\/22\/2022\/10\/Strandtorget-7-768x1024.jpg 768w, https:\/\/www.normisjon.no\/content\/uploads\/sites\/22\/2022\/10\/Strandtorget-7-1152x1536.jpg 1152w, https:\/\/www.normisjon.no\/content\/uploads\/sites\/22\/2022\/10\/Strandtorget-7-1360x1813.jpg 1360w, https:\/\/www.normisjon.no\/content\/uploads\/sites\/22\/2022\/10\/Strandtorget-7-1440x1920.jpg 1440w, https:\/\/www.normisjon.no\/content\/uploads\/sites\/22\/2022\/10\/Strandtorget-7-720x960.jpg 720w, https:\/\/www.normisjon.no\/content\/uploads\/sites\/22\/2022\/10\/Strandtorget-7.jpg 1512w\" sizes=\"auto, (max-width: 225px) 100vw, 225px\" \/><\/figure><\/li><\/ul><\/figure>\n<\/div>","protected":false},"excerpt":{"rendered":"<p>Vi \u00f8nsker igjen velkommen til Strandtorget! Vi har rekordmange utstillere s\u00e5 her kan du finne mye fint. Du vil finne lefser, og andre bakevarer, hekle- [&hellip;]<\/p>\n","protected":false},"author":24,"featured_media":3357,"parent":0,"menu_order":0,"comment_status":"closed","ping_status":"closed","template":"","meta":{"_acf_changed":false,"footnotes":""},"class_list":["post-3349","page","type-page","status-publish","has-post-thumbnail","hentry"],"acf":[],"yoast_head":"<!-- This site is optimized with the Yoast SEO plugin v25.9 - https:\/\/yoast.com\/wordpress\/plugins\/seo\/ -->\n<title>Strandtorget 28. og 29. oktober 2022 - Region VeBu<\/title>\n<meta name=\"robots\" content=\"index, follow, max-snippet:-1, max-image-preview:large, max-video-preview:-1\" \/>\n<link rel=\"canonical\" href=\"https:\/\/www.normisjon.no\/vebu\/strandtorget-28-og-29-oktober-2022\/\" \/>\n<meta property=\"og:locale\" content=\"nb_NO\" \/>\n<meta property=\"og:type\" content=\"article\" \/>\n<meta property=\"og:title\" content=\"Strandtorget 28. og 29. oktober 2022 - Region VeBu\" \/>\n<meta property=\"og:description\" content=\"Vi \u00f8nsker igjen velkommen til Strandtorget! Vi har rekordmange utstillere s\u00e5 her kan du finne mye fint. Du vil finne lefser, og andre bakevarer, hekle- [&hellip;]\" \/>\n<meta property=\"og:url\" content=\"https:\/\/www.normisjon.no\/vebu\/strandtorget-28-og-29-oktober-2022\/\" \/>\n<meta property=\"og:site_name\" content=\"Region VeBu\" \/>\n<meta property=\"article:modified_time\" content=\"2022-10-25T08:42:53+00:00\" \/>\n<meta property=\"og:image\" content=\"https:\/\/www.normisjon.no\/content\/uploads\/sites\/22\/2022\/10\/Strandtorget-7.jpg\" \/>\n\t<meta property=\"og:image:width\" content=\"1512\" \/>\n\t<meta property=\"og:image:height\" content=\"2016\" \/>\n\t<meta property=\"og:image:type\" content=\"image\/jpeg\" \/>\n<meta name=\"twitter:card\" content=\"summary_large_image\" \/>\n<meta name=\"twitter:label1\" content=\"Ansl. lesetid\" \/>\n\t<meta name=\"twitter:data1\" content=\"2 minutter\" \/>\n<script type=\"application\/ld+json\" class=\"yoast-schema-graph\">{\"@context\":\"https:\/\/schema.org\",\"@graph\":[{\"@type\":\"WebPage\",\"@id\":\"https:\/\/www.normisjon.no\/vebu\/strandtorget-28-og-29-oktober-2022\/\",\"url\":\"https:\/\/www.normisjon.no\/vebu\/strandtorget-28-og-29-oktober-2022\/\",\"name\":\"Strandtorget 28. og 29. oktober 2022 - Region VeBu\",\"isPartOf\":{\"@id\":\"https:\/\/www.normisjon.no\/vebu\/#website\"},\"primaryImageOfPage\":{\"@id\":\"https:\/\/www.normisjon.no\/vebu\/strandtorget-28-og-29-oktober-2022\/#primaryimage\"},\"image\":{\"@id\":\"https:\/\/www.normisjon.no\/vebu\/strandtorget-28-og-29-oktober-2022\/#primaryimage\"},\"thumbnailUrl\":\"https:\/\/www.normisjon.no\/content\/uploads\/sites\/22\/2022\/10\/Strandtorget-7.jpg\",\"datePublished\":\"2022-10-25T08:34:13+00:00\",\"dateModified\":\"2022-10-25T08:42:53+00:00\",\"breadcrumb\":{\"@id\":\"https:\/\/www.normisjon.no\/vebu\/strandtorget-28-og-29-oktober-2022\/#breadcrumb\"},\"inLanguage\":\"nb-NO\",\"potentialAction\":[{\"@type\":\"ReadAction\",\"target\":[\"https:\/\/www.normisjon.no\/vebu\/strandtorget-28-og-29-oktober-2022\/\"]}]},{\"@type\":\"ImageObject\",\"inLanguage\":\"nb-NO\",\"@id\":\"https:\/\/www.normisjon.no\/vebu\/strandtorget-28-og-29-oktober-2022\/#primaryimage\",\"url\":\"https:\/\/www.normisjon.no\/content\/uploads\/sites\/22\/2022\/10\/Strandtorget-7.jpg\",\"contentUrl\":\"https:\/\/www.normisjon.no\/content\/uploads\/sites\/22\/2022\/10\/Strandtorget-7.jpg\",\"width\":1512,\"height\":2016},{\"@type\":\"BreadcrumbList\",\"@id\":\"https:\/\/www.normisjon.no\/vebu\/strandtorget-28-og-29-oktober-2022\/#breadcrumb\",\"itemListElement\":[{\"@type\":\"ListItem\",\"position\":1,\"name\":\"Home\",\"item\":\"https:\/\/www.normisjon.no\/vebu\/\"},{\"@type\":\"ListItem\",\"position\":2,\"name\":\"Strandtorget 28. og 29. oktober 2022\"}]},{\"@type\":\"WebSite\",\"@id\":\"https:\/\/www.normisjon.no\/vebu\/#website\",\"url\":\"https:\/\/www.normisjon.no\/vebu\/\",\"name\":\"Region VeBu\",\"description\":\"\",\"potentialAction\":[{\"@type\":\"SearchAction\",\"target\":{\"@type\":\"EntryPoint\",\"urlTemplate\":\"https:\/\/www.normisjon.no\/vebu\/?s={search_term_string}\"},\"query-input\":{\"@type\":\"PropertyValueSpecification\",\"valueRequired\":true,\"valueName\":\"search_term_string\"}}],\"inLanguage\":\"nb-NO\"}]}<\/script>\n<!-- \/ Yoast SEO plugin. -->","yoast_head_json":{"title":"Strandtorget 28. og 29. oktober 2022 - Region VeBu","robots":{"index":"index","follow":"follow","max-snippet":"max-snippet:-1","max-image-preview":"max-image-preview:large","max-video-preview":"max-video-preview:-1"},"canonical":"https:\/\/www.normisjon.no\/vebu\/strandtorget-28-og-29-oktober-2022\/","og_locale":"nb_NO","og_type":"article","og_title":"Strandtorget 28. og 29. oktober 2022 - Region VeBu","og_description":"Vi \u00f8nsker igjen velkommen til Strandtorget! Vi har rekordmange utstillere s\u00e5 her kan du finne mye fint. Du vil finne lefser, og andre bakevarer, hekle- [&hellip;]","og_url":"https:\/\/www.normisjon.no\/vebu\/strandtorget-28-og-29-oktober-2022\/","og_site_name":"Region VeBu","article_modified_time":"2022-10-25T08:42:53+00:00","og_image":[{"width":1512,"height":2016,"url":"https:\/\/www.normisjon.no\/content\/uploads\/sites\/22\/2022\/10\/Strandtorget-7.jpg","type":"image\/jpeg"}],"twitter_card":"summary_large_image","twitter_misc":{"Ansl. lesetid":"2 minutter"},"schema":{"@context":"https:\/\/schema.org","@graph":[{"@type":"WebPage","@id":"https:\/\/www.normisjon.no\/vebu\/strandtorget-28-og-29-oktober-2022\/","url":"https:\/\/www.normisjon.no\/vebu\/strandtorget-28-og-29-oktober-2022\/","name":"Strandtorget 28. og 29. oktober 2022 - Region VeBu","isPartOf":{"@id":"https:\/\/www.normisjon.no\/vebu\/#website"},"primaryImageOfPage":{"@id":"https:\/\/www.normisjon.no\/vebu\/strandtorget-28-og-29-oktober-2022\/#primaryimage"},"image":{"@id":"https:\/\/www.normisjon.no\/vebu\/strandtorget-28-og-29-oktober-2022\/#primaryimage"},"thumbnailUrl":"https:\/\/www.normisjon.no\/content\/uploads\/sites\/22\/2022\/10\/Strandtorget-7.jpg","datePublished":"2022-10-25T08:34:13+00:00","dateModified":"2022-10-25T08:42:53+00:00","breadcrumb":{"@id":"https:\/\/www.normisjon.no\/vebu\/strandtorget-28-og-29-oktober-2022\/#breadcrumb"},"inLanguage":"nb-NO","potentialAction":[{"@type":"ReadAction","target":["https:\/\/www.normisjon.no\/vebu\/strandtorget-28-og-29-oktober-2022\/"]}]},{"@type":"ImageObject","inLanguage":"nb-NO","@id":"https:\/\/www.normisjon.no\/vebu\/strandtorget-28-og-29-oktober-2022\/#primaryimage","url":"https:\/\/www.normisjon.no\/content\/uploads\/sites\/22\/2022\/10\/Strandtorget-7.jpg","contentUrl":"https:\/\/www.normisjon.no\/content\/uploads\/sites\/22\/2022\/10\/Strandtorget-7.jpg","width":1512,"height":2016},{"@type":"BreadcrumbList","@id":"https:\/\/www.normisjon.no\/vebu\/strandtorget-28-og-29-oktober-2022\/#breadcrumb","itemListElement":[{"@type":"ListItem","position":1,"name":"Home","item":"https:\/\/www.normisjon.no\/vebu\/"},{"@type":"ListItem","position":2,"name":"Strandtorget 28. og 29. oktober 2022"}]},{"@type":"WebSite","@id":"https:\/\/www.normisjon.no\/vebu\/#website","url":"https:\/\/www.normisjon.no\/vebu\/","name":"Region VeBu","description":"","potentialAction":[{"@type":"SearchAction","target":{"@type":"EntryPoint","urlTemplate":"https:\/\/www.normisjon.no\/vebu\/?s={search_term_string}"},"query-input":{"@type":"PropertyValueSpecification","valueRequired":true,"valueName":"search_term_string"}}],"inLanguage":"nb-NO"}]}},"_links":{"self":[{"href":"https:\/\/www.normisjon.no\/vebu\/wp-json\/wp\/v2\/pages\/3349","targetHints":{"allow":["GET"]}}],"collection":[{"href":"https:\/\/www.normisjon.no\/vebu\/wp-json\/wp\/v2\/pages"}],"about":[{"href":"https:\/\/www.normisjon.no\/vebu\/wp-json\/wp\/v2\/types\/page"}],"author":[{"embeddable":true,"href":"https:\/\/www.normisjon.no\/vebu\/wp-json\/wp\/v2\/users\/24"}],"replies":[{"embeddable":true,"href":"https:\/\/www.normisjon.no\/vebu\/wp-json\/wp\/v2\/comments?post=3349"}],"version-history":[{"count":5,"href":"https:\/\/www.normisjon.no\/vebu\/wp-json\/wp\/v2\/pages\/3349\/revisions"}],"predecessor-version":[{"id":3363,"href":"https:\/\/www.normisjon.no\/vebu\/wp-json\/wp\/v2\/pages\/3349\/revisions\/3363"}],"wp:featuredmedia":[{"embeddable":true,"href":"https:\/\/www.normisjon.no\/vebu\/wp-json\/wp\/v2\/media\/3357"}],"wp:attachment":[{"href":"https:\/\/www.normisjon.no\/vebu\/wp-json\/wp\/v2\/media?parent=3349"}],"curies":[{"name":"wp","href":"https:\/\/api.w.org\/{rel}","templated":true}]}}