{"id":3519,"date":"2023-03-06T15:05:52","date_gmt":"2023-03-06T14:05:52","guid":{"rendered":"https:\/\/www.normisjon.no\/vebu\/?page_id=3519"},"modified":"2023-03-06T15:05:53","modified_gmt":"2023-03-06T14:05:53","slug":"lunsjforedrag-med-ella-grorud","status":"publish","type":"page","link":"https:\/\/www.normisjon.no\/vebu\/lunsjforedrag-med-ella-grorud\/","title":{"rendered":"Lunsjforedrag med Ella Grorud"},"content":{"rendered":"<div class=\"entry-content alignfull wp-block-post-content has-global-padding is-layout-constrained wp-block-post-content-is-layout-constrained\">\n<p>21. mars er det klart for et litt annerledes lunsjforedrag. Tema er <strong>Ville vekster p\u00e5 menyen<\/strong>. Ella har v\u00e6rt p\u00e5 mange av v\u00e5re Strandtorg med sine velsmakende produkter fra naturen. N\u00e5 holder hun foredrag for \u00e5 inspirere andre til \u00e5 bruke naturen. Ella er over gjennomsnittet interessert i \u00e5 sanke spiselige vekster, b\u00e6r og sopp. Hennes nysgjerrighet og kunnskap om hva som skjuler seg i norsk natur av matopplevelser kommer oss til gode n\u00e5r hun holder foredrag p\u00e5 Strand. Du vil bli overrasket over alt som kan spises og hvor godt det er. Vi f\u00e5r konkrete tips til hva som kan brukes og p\u00e5 hvilken m\u00e5te. I tillegg har hun med en rekke smakspr\u00f8ver. Vil du vite mer om Ella, kan du bes\u00f8ke nettsiden hennes: <a href=\"https:\/\/www.ellassanking.no\/\" target=\"_blank\" rel=\"noreferrer noopener\">Ellas sanking<\/a>.<\/p>\n\n\n\n<p><a href=\"https:\/\/www.normisjon.no\/vebu\/lunsjforedrag-2023\/\" target=\"_blank\" rel=\"noreferrer noopener\">P\u00e5melding til alle foredrag<\/a><\/p>\n\n\n\n<figure class=\"wp-block-image size-full\"><img decoding=\"async\" src=\"https:\/\/www.normisjon.no\/content\/uploads\/sites\/22\/2023\/03\/Ella.jpg\" alt=\"\" class=\"wp-image-3520\"\/><\/figure>\n<\/div>","protected":false},"excerpt":{"rendered":"<p>21. mars er det klart for et litt annerledes lunsjforedrag. Tema er Ville vekster p\u00e5 menyen. Ella har v\u00e6rt p\u00e5 mange av v\u00e5re Strandtorg med [&hellip;]<\/p>\n","protected":false},"author":24,"featured_media":0,"parent":0,"menu_order":0,"comment_status":"closed","ping_status":"closed","template":"","meta":{"_acf_changed":false,"footnotes":""},"class_list":["post-3519","page","type-page","status-publish","hentry"],"acf":[],"yoast_head":"<!-- This site is optimized with the Yoast SEO plugin v25.9 - https:\/\/yoast.com\/wordpress\/plugins\/seo\/ -->\n<title>Lunsjforedrag med Ella Grorud - Region VeBu<\/title>\n<meta name=\"robots\" content=\"index, follow, max-snippet:-1, max-image-preview:large, max-video-preview:-1\" \/>\n<link rel=\"canonical\" href=\"https:\/\/www.normisjon.no\/vebu\/lunsjforedrag-med-ella-grorud\/\" \/>\n<meta property=\"og:locale\" content=\"nb_NO\" \/>\n<meta property=\"og:type\" content=\"article\" \/>\n<meta property=\"og:title\" content=\"Lunsjforedrag med Ella Grorud - Region VeBu\" \/>\n<meta property=\"og:description\" content=\"21. mars er det klart for et litt annerledes lunsjforedrag. Tema er Ville vekster p\u00e5 menyen. Ella har v\u00e6rt p\u00e5 mange av v\u00e5re Strandtorg med [&hellip;]\" \/>\n<meta property=\"og:url\" content=\"https:\/\/www.normisjon.no\/vebu\/lunsjforedrag-med-ella-grorud\/\" \/>\n<meta property=\"og:site_name\" content=\"Region VeBu\" \/>\n<meta property=\"article:modified_time\" content=\"2023-03-06T14:05:53+00:00\" \/>\n<meta property=\"og:image\" content=\"https:\/\/www.normisjon.no\/content\/uploads\/sites\/22\/2023\/03\/Ella.jpg\" \/>\n\t<meta property=\"og:image:width\" content=\"768\" \/>\n\t<meta property=\"og:image:height\" content=\"622\" \/>\n\t<meta property=\"og:image:type\" content=\"image\/jpeg\" \/>\n<meta name=\"twitter:card\" content=\"summary_large_image\" \/>\n<meta name=\"twitter:label1\" content=\"Ansl. lesetid\" \/>\n\t<meta name=\"twitter:data1\" content=\"1 minutt\" \/>\n<script type=\"application\/ld+json\" class=\"yoast-schema-graph\">{\"@context\":\"https:\/\/schema.org\",\"@graph\":[{\"@type\":\"WebPage\",\"@id\":\"https:\/\/www.normisjon.no\/vebu\/lunsjforedrag-med-ella-grorud\/\",\"url\":\"https:\/\/www.normisjon.no\/vebu\/lunsjforedrag-med-ella-grorud\/\",\"name\":\"Lunsjforedrag med Ella Grorud - Region VeBu\",\"isPartOf\":{\"@id\":\"https:\/\/www.normisjon.no\/vebu\/#website\"},\"primaryImageOfPage\":{\"@id\":\"https:\/\/www.normisjon.no\/vebu\/lunsjforedrag-med-ella-grorud\/#primaryimage\"},\"image\":{\"@id\":\"https:\/\/www.normisjon.no\/vebu\/lunsjforedrag-med-ella-grorud\/#primaryimage\"},\"thumbnailUrl\":\"https:\/\/www.normisjon.no\/content\/uploads\/sites\/22\/2023\/03\/Ella.jpg\",\"datePublished\":\"2023-03-06T14:05:52+00:00\",\"dateModified\":\"2023-03-06T14:05:53+00:00\",\"breadcrumb\":{\"@id\":\"https:\/\/www.normisjon.no\/vebu\/lunsjforedrag-med-ella-grorud\/#breadcrumb\"},\"inLanguage\":\"nb-NO\",\"potentialAction\":[{\"@type\":\"ReadAction\",\"target\":[\"https:\/\/www.normisjon.no\/vebu\/lunsjforedrag-med-ella-grorud\/\"]}]},{\"@type\":\"ImageObject\",\"inLanguage\":\"nb-NO\",\"@id\":\"https:\/\/www.normisjon.no\/vebu\/lunsjforedrag-med-ella-grorud\/#primaryimage\",\"url\":\"https:\/\/www.normisjon.no\/content\/uploads\/sites\/22\/2023\/03\/Ella.jpg\",\"contentUrl\":\"https:\/\/www.normisjon.no\/content\/uploads\/sites\/22\/2023\/03\/Ella.jpg\"},{\"@type\":\"BreadcrumbList\",\"@id\":\"https:\/\/www.normisjon.no\/vebu\/lunsjforedrag-med-ella-grorud\/#breadcrumb\",\"itemListElement\":[{\"@type\":\"ListItem\",\"position\":1,\"name\":\"Home\",\"item\":\"https:\/\/www.normisjon.no\/vebu\/\"},{\"@type\":\"ListItem\",\"position\":2,\"name\":\"Lunsjforedrag med Ella Grorud\"}]},{\"@type\":\"WebSite\",\"@id\":\"https:\/\/www.normisjon.no\/vebu\/#website\",\"url\":\"https:\/\/www.normisjon.no\/vebu\/\",\"name\":\"Region VeBu\",\"description\":\"\",\"potentialAction\":[{\"@type\":\"SearchAction\",\"target\":{\"@type\":\"EntryPoint\",\"urlTemplate\":\"https:\/\/www.normisjon.no\/vebu\/?s={search_term_string}\"},\"query-input\":{\"@type\":\"PropertyValueSpecification\",\"valueRequired\":true,\"valueName\":\"search_term_string\"}}],\"inLanguage\":\"nb-NO\"}]}<\/script>\n<!-- \/ Yoast SEO plugin. -->","yoast_head_json":{"title":"Lunsjforedrag med Ella Grorud - Region VeBu","robots":{"index":"index","follow":"follow","max-snippet":"max-snippet:-1","max-image-preview":"max-image-preview:large","max-video-preview":"max-video-preview:-1"},"canonical":"https:\/\/www.normisjon.no\/vebu\/lunsjforedrag-med-ella-grorud\/","og_locale":"nb_NO","og_type":"article","og_title":"Lunsjforedrag med Ella Grorud - Region VeBu","og_description":"21. mars er det klart for et litt annerledes lunsjforedrag. Tema er Ville vekster p\u00e5 menyen. Ella har v\u00e6rt p\u00e5 mange av v\u00e5re Strandtorg med [&hellip;]","og_url":"https:\/\/www.normisjon.no\/vebu\/lunsjforedrag-med-ella-grorud\/","og_site_name":"Region VeBu","article_modified_time":"2023-03-06T14:05:53+00:00","og_image":[{"width":768,"height":622,"url":"https:\/\/www.normisjon.no\/content\/uploads\/sites\/22\/2023\/03\/Ella.jpg","type":"image\/jpeg"}],"twitter_card":"summary_large_image","twitter_misc":{"Ansl. lesetid":"1 minutt"},"schema":{"@context":"https:\/\/schema.org","@graph":[{"@type":"WebPage","@id":"https:\/\/www.normisjon.no\/vebu\/lunsjforedrag-med-ella-grorud\/","url":"https:\/\/www.normisjon.no\/vebu\/lunsjforedrag-med-ella-grorud\/","name":"Lunsjforedrag med Ella Grorud - Region VeBu","isPartOf":{"@id":"https:\/\/www.normisjon.no\/vebu\/#website"},"primaryImageOfPage":{"@id":"https:\/\/www.normisjon.no\/vebu\/lunsjforedrag-med-ella-grorud\/#primaryimage"},"image":{"@id":"https:\/\/www.normisjon.no\/vebu\/lunsjforedrag-med-ella-grorud\/#primaryimage"},"thumbnailUrl":"https:\/\/www.normisjon.no\/content\/uploads\/sites\/22\/2023\/03\/Ella.jpg","datePublished":"2023-03-06T14:05:52+00:00","dateModified":"2023-03-06T14:05:53+00:00","breadcrumb":{"@id":"https:\/\/www.normisjon.no\/vebu\/lunsjforedrag-med-ella-grorud\/#breadcrumb"},"inLanguage":"nb-NO","potentialAction":[{"@type":"ReadAction","target":["https:\/\/www.normisjon.no\/vebu\/lunsjforedrag-med-ella-grorud\/"]}]},{"@type":"ImageObject","inLanguage":"nb-NO","@id":"https:\/\/www.normisjon.no\/vebu\/lunsjforedrag-med-ella-grorud\/#primaryimage","url":"https:\/\/www.normisjon.no\/content\/uploads\/sites\/22\/2023\/03\/Ella.jpg","contentUrl":"https:\/\/www.normisjon.no\/content\/uploads\/sites\/22\/2023\/03\/Ella.jpg"},{"@type":"BreadcrumbList","@id":"https:\/\/www.normisjon.no\/vebu\/lunsjforedrag-med-ella-grorud\/#breadcrumb","itemListElement":[{"@type":"ListItem","position":1,"name":"Home","item":"https:\/\/www.normisjon.no\/vebu\/"},{"@type":"ListItem","position":2,"name":"Lunsjforedrag med Ella Grorud"}]},{"@type":"WebSite","@id":"https:\/\/www.normisjon.no\/vebu\/#website","url":"https:\/\/www.normisjon.no\/vebu\/","name":"Region VeBu","description":"","potentialAction":[{"@type":"SearchAction","target":{"@type":"EntryPoint","urlTemplate":"https:\/\/www.normisjon.no\/vebu\/?s={search_term_string}"},"query-input":{"@type":"PropertyValueSpecification","valueRequired":true,"valueName":"search_term_string"}}],"inLanguage":"nb-NO"}]}},"_links":{"self":[{"href":"https:\/\/www.normisjon.no\/vebu\/wp-json\/wp\/v2\/pages\/3519","targetHints":{"allow":["GET"]}}],"collection":[{"href":"https:\/\/www.normisjon.no\/vebu\/wp-json\/wp\/v2\/pages"}],"about":[{"href":"https:\/\/www.normisjon.no\/vebu\/wp-json\/wp\/v2\/types\/page"}],"author":[{"embeddable":true,"href":"https:\/\/www.normisjon.no\/vebu\/wp-json\/wp\/v2\/users\/24"}],"replies":[{"embeddable":true,"href":"https:\/\/www.normisjon.no\/vebu\/wp-json\/wp\/v2\/comments?post=3519"}],"version-history":[{"count":2,"href":"https:\/\/www.normisjon.no\/vebu\/wp-json\/wp\/v2\/pages\/3519\/revisions"}],"predecessor-version":[{"id":3522,"href":"https:\/\/www.normisjon.no\/vebu\/wp-json\/wp\/v2\/pages\/3519\/revisions\/3522"}],"wp:attachment":[{"href":"https:\/\/www.normisjon.no\/vebu\/wp-json\/wp\/v2\/media?parent=3519"}],"curies":[{"name":"wp","href":"https:\/\/api.w.org\/{rel}","templated":true}]}}