{"id":3682,"date":"2023-04-27T10:55:19","date_gmt":"2023-04-27T08:55:19","guid":{"rendered":"https:\/\/www.normisjon.no\/vebu\/?page_id=3682"},"modified":"2023-05-31T10:33:18","modified_gmt":"2023-05-31T08:33:18","slug":"overnattingsteder-med-noen-muligheter","status":"publish","type":"page","link":"https:\/\/www.normisjon.no\/vebu\/overnattingsteder-med-noen-muligheter\/","title":{"rendered":"Overnattingsteder med noen muligheter"},"content":{"rendered":"<div class=\"entry-content alignfull wp-block-post-content has-global-padding is-layout-constrained wp-block-post-content-is-layout-constrained\">\n<p>Enhver ordner overnatting selv, men noen steder har vi forslag og et par steder tilbud om madrass p\u00e5 gulv. Vi anbefaler \u00e5 sjekke Airbnb i de ulike omr\u00e5dene i tillegg til hotell og campingplasser.<\/p>\n\n\n\n<p><strong>Natt 1:<\/strong> Mj\u00f8ndalen<br>Mulig \u00e5 overnatte i Mj\u00f8ndalen kirke p\u00e5 madrass p\u00e5 gulv.<\/p>\n\n\n\n<p><strong>Natt 2:<\/strong> \u00c5mot<\/p>\n\n\n\n<p><strong>Natt 3:<\/strong> Snarum<\/p>\n\n\n\n<p><strong>Natt 4:<\/strong> Kr\u00f8deren<br>Kr\u00f8deren Caming<br>Kr\u00f8deren Kro<\/p>\n\n\n\n<p><strong>Natt 5:<\/strong> Fl\u00e5<br>Thon hotell Bj\u00f8rneparken. Ta kontakt med Gunn-Marit for tilbudskode.<\/p>\n\n\n\n<p><strong>Natt 6:<\/strong> Bromma<br>Motell Nor-Kro<br>Rute fra Hovet: \u00c5l<\/p>\n\n\n\n<p><strong>Natt 7:<\/strong> Nesbyen<br>Vi f\u00e5r overnatte i pinsekirken Betel p\u00e5 madrass p\u00e5 gulv.<br>Rute fra Hovet: Torpomoen<\/p>\n\n\n\n<p><strong>Natt 8:<\/strong> Gol<br>Pers hotell (vi f\u00e5r 20% rabatt ved bruk av rabattkode. Ta kontakt med Gunn-Marit for kode) <br>Solstad Gjesteg\u00e5rd<\/p>\n\n\n\n<p><strong>Natt 9:<\/strong> Eikredammen, Gol\/Hemsedal<\/p>\n\n\n\n<p><strong>Natt 10:<\/strong> Hjemme (evt. Hemsedal eller annet \u00f8nsket sted)<br><br><\/p>\n<\/div>","protected":false},"excerpt":{"rendered":"<p>Enhver ordner overnatting selv, men noen steder har vi forslag og et par steder tilbud om madrass p\u00e5 gulv. Vi anbefaler \u00e5 sjekke Airbnb i [&hellip;]<\/p>\n","protected":false},"author":24,"featured_media":0,"parent":0,"menu_order":0,"comment_status":"closed","ping_status":"closed","template":"","meta":{"_acf_changed":false,"footnotes":""},"class_list":["post-3682","page","type-page","status-publish","hentry"],"acf":[],"yoast_head":"<!-- This site is optimized with the Yoast SEO plugin v25.9 - https:\/\/yoast.com\/wordpress\/plugins\/seo\/ -->\n<title>Overnattingsteder med noen muligheter - Region VeBu<\/title>\n<meta name=\"robots\" content=\"index, follow, max-snippet:-1, max-image-preview:large, max-video-preview:-1\" \/>\n<link rel=\"canonical\" href=\"https:\/\/www.normisjon.no\/vebu\/overnattingsteder-med-noen-muligheter\/\" \/>\n<meta property=\"og:locale\" content=\"nb_NO\" \/>\n<meta property=\"og:type\" content=\"article\" \/>\n<meta property=\"og:title\" content=\"Overnattingsteder med noen muligheter - Region VeBu\" \/>\n<meta property=\"og:description\" content=\"Enhver ordner overnatting selv, men noen steder har vi forslag og et par steder tilbud om madrass p\u00e5 gulv. Vi anbefaler \u00e5 sjekke Airbnb i [&hellip;]\" \/>\n<meta property=\"og:url\" content=\"https:\/\/www.normisjon.no\/vebu\/overnattingsteder-med-noen-muligheter\/\" \/>\n<meta property=\"og:site_name\" content=\"Region VeBu\" \/>\n<meta property=\"article:modified_time\" content=\"2023-05-31T08:33:18+00:00\" \/>\n<meta name=\"twitter:card\" content=\"summary_large_image\" \/>\n<meta name=\"twitter:label1\" content=\"Ansl. lesetid\" \/>\n\t<meta name=\"twitter:data1\" content=\"1 minutt\" \/>\n<script type=\"application\/ld+json\" class=\"yoast-schema-graph\">{\"@context\":\"https:\/\/schema.org\",\"@graph\":[{\"@type\":\"WebPage\",\"@id\":\"https:\/\/www.normisjon.no\/vebu\/overnattingsteder-med-noen-muligheter\/\",\"url\":\"https:\/\/www.normisjon.no\/vebu\/overnattingsteder-med-noen-muligheter\/\",\"name\":\"Overnattingsteder med noen muligheter - Region VeBu\",\"isPartOf\":{\"@id\":\"https:\/\/www.normisjon.no\/vebu\/#website\"},\"datePublished\":\"2023-04-27T08:55:19+00:00\",\"dateModified\":\"2023-05-31T08:33:18+00:00\",\"breadcrumb\":{\"@id\":\"https:\/\/www.normisjon.no\/vebu\/overnattingsteder-med-noen-muligheter\/#breadcrumb\"},\"inLanguage\":\"nb-NO\",\"potentialAction\":[{\"@type\":\"ReadAction\",\"target\":[\"https:\/\/www.normisjon.no\/vebu\/overnattingsteder-med-noen-muligheter\/\"]}]},{\"@type\":\"BreadcrumbList\",\"@id\":\"https:\/\/www.normisjon.no\/vebu\/overnattingsteder-med-noen-muligheter\/#breadcrumb\",\"itemListElement\":[{\"@type\":\"ListItem\",\"position\":1,\"name\":\"Home\",\"item\":\"https:\/\/www.normisjon.no\/vebu\/\"},{\"@type\":\"ListItem\",\"position\":2,\"name\":\"Overnattingsteder med noen muligheter\"}]},{\"@type\":\"WebSite\",\"@id\":\"https:\/\/www.normisjon.no\/vebu\/#website\",\"url\":\"https:\/\/www.normisjon.no\/vebu\/\",\"name\":\"Region VeBu\",\"description\":\"\",\"potentialAction\":[{\"@type\":\"SearchAction\",\"target\":{\"@type\":\"EntryPoint\",\"urlTemplate\":\"https:\/\/www.normisjon.no\/vebu\/?s={search_term_string}\"},\"query-input\":{\"@type\":\"PropertyValueSpecification\",\"valueRequired\":true,\"valueName\":\"search_term_string\"}}],\"inLanguage\":\"nb-NO\"}]}<\/script>\n<!-- \/ Yoast SEO plugin. -->","yoast_head_json":{"title":"Overnattingsteder med noen muligheter - Region VeBu","robots":{"index":"index","follow":"follow","max-snippet":"max-snippet:-1","max-image-preview":"max-image-preview:large","max-video-preview":"max-video-preview:-1"},"canonical":"https:\/\/www.normisjon.no\/vebu\/overnattingsteder-med-noen-muligheter\/","og_locale":"nb_NO","og_type":"article","og_title":"Overnattingsteder med noen muligheter - Region VeBu","og_description":"Enhver ordner overnatting selv, men noen steder har vi forslag og et par steder tilbud om madrass p\u00e5 gulv. Vi anbefaler \u00e5 sjekke Airbnb i [&hellip;]","og_url":"https:\/\/www.normisjon.no\/vebu\/overnattingsteder-med-noen-muligheter\/","og_site_name":"Region VeBu","article_modified_time":"2023-05-31T08:33:18+00:00","twitter_card":"summary_large_image","twitter_misc":{"Ansl. lesetid":"1 minutt"},"schema":{"@context":"https:\/\/schema.org","@graph":[{"@type":"WebPage","@id":"https:\/\/www.normisjon.no\/vebu\/overnattingsteder-med-noen-muligheter\/","url":"https:\/\/www.normisjon.no\/vebu\/overnattingsteder-med-noen-muligheter\/","name":"Overnattingsteder med noen muligheter - Region VeBu","isPartOf":{"@id":"https:\/\/www.normisjon.no\/vebu\/#website"},"datePublished":"2023-04-27T08:55:19+00:00","dateModified":"2023-05-31T08:33:18+00:00","breadcrumb":{"@id":"https:\/\/www.normisjon.no\/vebu\/overnattingsteder-med-noen-muligheter\/#breadcrumb"},"inLanguage":"nb-NO","potentialAction":[{"@type":"ReadAction","target":["https:\/\/www.normisjon.no\/vebu\/overnattingsteder-med-noen-muligheter\/"]}]},{"@type":"BreadcrumbList","@id":"https:\/\/www.normisjon.no\/vebu\/overnattingsteder-med-noen-muligheter\/#breadcrumb","itemListElement":[{"@type":"ListItem","position":1,"name":"Home","item":"https:\/\/www.normisjon.no\/vebu\/"},{"@type":"ListItem","position":2,"name":"Overnattingsteder med noen muligheter"}]},{"@type":"WebSite","@id":"https:\/\/www.normisjon.no\/vebu\/#website","url":"https:\/\/www.normisjon.no\/vebu\/","name":"Region VeBu","description":"","potentialAction":[{"@type":"SearchAction","target":{"@type":"EntryPoint","urlTemplate":"https:\/\/www.normisjon.no\/vebu\/?s={search_term_string}"},"query-input":{"@type":"PropertyValueSpecification","valueRequired":true,"valueName":"search_term_string"}}],"inLanguage":"nb-NO"}]}},"_links":{"self":[{"href":"https:\/\/www.normisjon.no\/vebu\/wp-json\/wp\/v2\/pages\/3682","targetHints":{"allow":["GET"]}}],"collection":[{"href":"https:\/\/www.normisjon.no\/vebu\/wp-json\/wp\/v2\/pages"}],"about":[{"href":"https:\/\/www.normisjon.no\/vebu\/wp-json\/wp\/v2\/types\/page"}],"author":[{"embeddable":true,"href":"https:\/\/www.normisjon.no\/vebu\/wp-json\/wp\/v2\/users\/24"}],"replies":[{"embeddable":true,"href":"https:\/\/www.normisjon.no\/vebu\/wp-json\/wp\/v2\/comments?post=3682"}],"version-history":[{"count":4,"href":"https:\/\/www.normisjon.no\/vebu\/wp-json\/wp\/v2\/pages\/3682\/revisions"}],"predecessor-version":[{"id":3763,"href":"https:\/\/www.normisjon.no\/vebu\/wp-json\/wp\/v2\/pages\/3682\/revisions\/3763"}],"wp:attachment":[{"href":"https:\/\/www.normisjon.no\/vebu\/wp-json\/wp\/v2\/media?parent=3682"}],"curies":[{"name":"wp","href":"https:\/\/api.w.org\/{rel}","templated":true}]}}