{"id":3837,"date":"2023-06-15T15:18:07","date_gmt":"2023-06-15T13:18:07","guid":{"rendered":"https:\/\/www.normisjon.no\/vebu\/?page_id=3837"},"modified":"2023-06-15T15:19:43","modified_gmt":"2023-06-15T13:19:43","slug":"sommermoter-2023","status":"publish","type":"page","link":"https:\/\/www.normisjon.no\/vebu\/sommermoter-2023\/","title":{"rendered":"Sommerm\u00f8ter 2023"},"content":{"rendered":"<div class=\"entry-content alignfull wp-block-post-content has-global-padding is-layout-constrained wp-block-post-content-is-layout-constrained\">\n<p>Sommerm\u00f8tene i \u00e5r legges til tre forskjellige steder. <\/p>\n\n\n\n<p class=\"has-regular-font-size\"><strong>S\u00f8ndag 2. juli<\/strong><br><em>Filtvet- Hurum (Filtvetveien 61)<\/em><br>Kl 13.00: tur i n\u00e6romr\u00e5det. M\u00f8t opp ved bedehuset.<br>Kl 15.30: Middag p\u00e5 lokal restaurant<br>Kl 17.30: M\u00f8te. Tale ved Svein-Tony G\u00e5rds\u00f8, sang og musikk ved Gudmund Rambekk og Olav Soltun m.fl.<\/p>\n\n\n\n<p><strong>S\u00f8ndag 9. juli<\/strong><br><em>Strand leirsted (\u00d8ster\u00f8yveien 233, Sandefjord<\/em>)<br>Kl 11.00: M\u00f8te. Tale ved Martha Irene Eriksr\u00f8d, sang og musikk ved Hallvard Alstad og Olav Soltun<br>Kl 13.00-15.00: S\u00f8ndagsbuffet<br>Kl 14.30: Tur og foredrag: &laquo;Pensjonatet&raquo; Svein-Tony G\u00e5rds\u00f8.<br>Kl 16.00: M\u00f8te. Tale ved Sam Tore Bamle, sang og musikk ved Hallvard Alstad og Olav Soltun<\/p>\n\n\n\n<p><strong>S\u00f8ndag 16. juli<\/strong><br><em>Hus\u00f8y &#8211; N\u00f8tter\u00f8y (Kirkegaten 23, Hus\u00f8ysund)<\/em><br>Kl 13.00: Guidet tur og omvisning p\u00e5 prakteiendommen Bloksberg ved Jan Erik Larsen. Oppm\u00f8te ved bedehuset.<br>Kl 15.30: Middag<br>Kl 17.30: M\u00f8te. Tale ved Svein Granerud. Sang og musikk.<\/p>\n\n\n\n<figure class=\"wp-block-image size-large\"><img loading=\"lazy\" decoding=\"async\" width=\"1024\" height=\"683\" src=\"https:\/\/www.normisjon.no\/content\/uploads\/sites\/22\/2021\/04\/April-1024x683.jpg\" alt=\"\" class=\"wp-image-2256\" srcset=\"https:\/\/www.normisjon.no\/content\/uploads\/sites\/22\/2021\/04\/April-1024x683.jpg 1024w, https:\/\/www.normisjon.no\/content\/uploads\/sites\/22\/2021\/04\/April-300x200.jpg 300w, https:\/\/www.normisjon.no\/content\/uploads\/sites\/22\/2021\/04\/April-768x512.jpg 768w, https:\/\/www.normisjon.no\/content\/uploads\/sites\/22\/2021\/04\/April-1920x1280.jpg 1920w, https:\/\/www.normisjon.no\/content\/uploads\/sites\/22\/2021\/04\/April-1360x907.jpg 1360w, https:\/\/www.normisjon.no\/content\/uploads\/sites\/22\/2021\/04\/April-960x640.jpg 960w\" sizes=\"auto, (max-width: 1024px) 100vw, 1024px\" \/><\/figure>\n<\/div>","protected":false},"excerpt":{"rendered":"<p>Sommerm\u00f8tene i \u00e5r legges til tre forskjellige steder. S\u00f8ndag 2. juliFiltvet- Hurum (Filtvetveien 61)Kl 13.00: tur i n\u00e6romr\u00e5det. M\u00f8t opp ved bedehuset.Kl 15.30: Middag p\u00e5 [&hellip;]<\/p>\n","protected":false},"author":24,"featured_media":1787,"parent":0,"menu_order":0,"comment_status":"closed","ping_status":"closed","template":"","meta":{"_acf_changed":false,"footnotes":""},"class_list":["post-3837","page","type-page","status-publish","has-post-thumbnail","hentry"],"acf":[],"yoast_head":"<!-- This site is optimized with the Yoast SEO plugin v25.9 - https:\/\/yoast.com\/wordpress\/plugins\/seo\/ -->\n<title>Sommerm\u00f8ter 2023 - Region VeBu<\/title>\n<meta name=\"robots\" content=\"index, follow, max-snippet:-1, max-image-preview:large, max-video-preview:-1\" \/>\n<link rel=\"canonical\" href=\"https:\/\/www.normisjon.no\/vebu\/sommermoter-2023\/\" \/>\n<meta property=\"og:locale\" content=\"nb_NO\" \/>\n<meta property=\"og:type\" content=\"article\" \/>\n<meta property=\"og:title\" content=\"Sommerm\u00f8ter 2023 - Region VeBu\" \/>\n<meta property=\"og:description\" content=\"Sommerm\u00f8tene i \u00e5r legges til tre forskjellige steder. S\u00f8ndag 2. juliFiltvet- Hurum (Filtvetveien 61)Kl 13.00: tur i n\u00e6romr\u00e5det. M\u00f8t opp ved bedehuset.Kl 15.30: Middag p\u00e5 [&hellip;]\" \/>\n<meta property=\"og:url\" content=\"https:\/\/www.normisjon.no\/vebu\/sommermoter-2023\/\" \/>\n<meta property=\"og:site_name\" content=\"Region VeBu\" \/>\n<meta property=\"article:modified_time\" content=\"2023-06-15T13:19:43+00:00\" \/>\n<meta property=\"og:image\" content=\"https:\/\/www.normisjon.no\/content\/uploads\/sites\/22\/2020\/06\/markblomster.jpg\" \/>\n\t<meta property=\"og:image:width\" content=\"640\" \/>\n\t<meta property=\"og:image:height\" content=\"428\" \/>\n\t<meta property=\"og:image:type\" content=\"image\/jpeg\" \/>\n<meta name=\"twitter:card\" content=\"summary_large_image\" \/>\n<meta name=\"twitter:label1\" content=\"Ansl. lesetid\" \/>\n\t<meta name=\"twitter:data1\" content=\"1 minutt\" \/>\n<script type=\"application\/ld+json\" class=\"yoast-schema-graph\">{\"@context\":\"https:\/\/schema.org\",\"@graph\":[{\"@type\":\"WebPage\",\"@id\":\"https:\/\/www.normisjon.no\/vebu\/sommermoter-2023\/\",\"url\":\"https:\/\/www.normisjon.no\/vebu\/sommermoter-2023\/\",\"name\":\"Sommerm\u00f8ter 2023 - Region VeBu\",\"isPartOf\":{\"@id\":\"https:\/\/www.normisjon.no\/vebu\/#website\"},\"primaryImageOfPage\":{\"@id\":\"https:\/\/www.normisjon.no\/vebu\/sommermoter-2023\/#primaryimage\"},\"image\":{\"@id\":\"https:\/\/www.normisjon.no\/vebu\/sommermoter-2023\/#primaryimage\"},\"thumbnailUrl\":\"https:\/\/www.normisjon.no\/content\/uploads\/sites\/22\/2020\/06\/markblomster.jpg\",\"datePublished\":\"2023-06-15T13:18:07+00:00\",\"dateModified\":\"2023-06-15T13:19:43+00:00\",\"breadcrumb\":{\"@id\":\"https:\/\/www.normisjon.no\/vebu\/sommermoter-2023\/#breadcrumb\"},\"inLanguage\":\"nb-NO\",\"potentialAction\":[{\"@type\":\"ReadAction\",\"target\":[\"https:\/\/www.normisjon.no\/vebu\/sommermoter-2023\/\"]}]},{\"@type\":\"ImageObject\",\"inLanguage\":\"nb-NO\",\"@id\":\"https:\/\/www.normisjon.no\/vebu\/sommermoter-2023\/#primaryimage\",\"url\":\"https:\/\/www.normisjon.no\/content\/uploads\/sites\/22\/2020\/06\/markblomster.jpg\",\"contentUrl\":\"https:\/\/www.normisjon.no\/content\/uploads\/sites\/22\/2020\/06\/markblomster.jpg\",\"width\":640,\"height\":428},{\"@type\":\"BreadcrumbList\",\"@id\":\"https:\/\/www.normisjon.no\/vebu\/sommermoter-2023\/#breadcrumb\",\"itemListElement\":[{\"@type\":\"ListItem\",\"position\":1,\"name\":\"Home\",\"item\":\"https:\/\/www.normisjon.no\/vebu\/\"},{\"@type\":\"ListItem\",\"position\":2,\"name\":\"Sommerm\u00f8ter 2023\"}]},{\"@type\":\"WebSite\",\"@id\":\"https:\/\/www.normisjon.no\/vebu\/#website\",\"url\":\"https:\/\/www.normisjon.no\/vebu\/\",\"name\":\"Region VeBu\",\"description\":\"\",\"potentialAction\":[{\"@type\":\"SearchAction\",\"target\":{\"@type\":\"EntryPoint\",\"urlTemplate\":\"https:\/\/www.normisjon.no\/vebu\/?s={search_term_string}\"},\"query-input\":{\"@type\":\"PropertyValueSpecification\",\"valueRequired\":true,\"valueName\":\"search_term_string\"}}],\"inLanguage\":\"nb-NO\"}]}<\/script>\n<!-- \/ Yoast SEO plugin. -->","yoast_head_json":{"title":"Sommerm\u00f8ter 2023 - Region VeBu","robots":{"index":"index","follow":"follow","max-snippet":"max-snippet:-1","max-image-preview":"max-image-preview:large","max-video-preview":"max-video-preview:-1"},"canonical":"https:\/\/www.normisjon.no\/vebu\/sommermoter-2023\/","og_locale":"nb_NO","og_type":"article","og_title":"Sommerm\u00f8ter 2023 - Region VeBu","og_description":"Sommerm\u00f8tene i \u00e5r legges til tre forskjellige steder. S\u00f8ndag 2. juliFiltvet- Hurum (Filtvetveien 61)Kl 13.00: tur i n\u00e6romr\u00e5det. M\u00f8t opp ved bedehuset.Kl 15.30: Middag p\u00e5 [&hellip;]","og_url":"https:\/\/www.normisjon.no\/vebu\/sommermoter-2023\/","og_site_name":"Region VeBu","article_modified_time":"2023-06-15T13:19:43+00:00","og_image":[{"width":640,"height":428,"url":"https:\/\/www.normisjon.no\/content\/uploads\/sites\/22\/2020\/06\/markblomster.jpg","type":"image\/jpeg"}],"twitter_card":"summary_large_image","twitter_misc":{"Ansl. lesetid":"1 minutt"},"schema":{"@context":"https:\/\/schema.org","@graph":[{"@type":"WebPage","@id":"https:\/\/www.normisjon.no\/vebu\/sommermoter-2023\/","url":"https:\/\/www.normisjon.no\/vebu\/sommermoter-2023\/","name":"Sommerm\u00f8ter 2023 - Region VeBu","isPartOf":{"@id":"https:\/\/www.normisjon.no\/vebu\/#website"},"primaryImageOfPage":{"@id":"https:\/\/www.normisjon.no\/vebu\/sommermoter-2023\/#primaryimage"},"image":{"@id":"https:\/\/www.normisjon.no\/vebu\/sommermoter-2023\/#primaryimage"},"thumbnailUrl":"https:\/\/www.normisjon.no\/content\/uploads\/sites\/22\/2020\/06\/markblomster.jpg","datePublished":"2023-06-15T13:18:07+00:00","dateModified":"2023-06-15T13:19:43+00:00","breadcrumb":{"@id":"https:\/\/www.normisjon.no\/vebu\/sommermoter-2023\/#breadcrumb"},"inLanguage":"nb-NO","potentialAction":[{"@type":"ReadAction","target":["https:\/\/www.normisjon.no\/vebu\/sommermoter-2023\/"]}]},{"@type":"ImageObject","inLanguage":"nb-NO","@id":"https:\/\/www.normisjon.no\/vebu\/sommermoter-2023\/#primaryimage","url":"https:\/\/www.normisjon.no\/content\/uploads\/sites\/22\/2020\/06\/markblomster.jpg","contentUrl":"https:\/\/www.normisjon.no\/content\/uploads\/sites\/22\/2020\/06\/markblomster.jpg","width":640,"height":428},{"@type":"BreadcrumbList","@id":"https:\/\/www.normisjon.no\/vebu\/sommermoter-2023\/#breadcrumb","itemListElement":[{"@type":"ListItem","position":1,"name":"Home","item":"https:\/\/www.normisjon.no\/vebu\/"},{"@type":"ListItem","position":2,"name":"Sommerm\u00f8ter 2023"}]},{"@type":"WebSite","@id":"https:\/\/www.normisjon.no\/vebu\/#website","url":"https:\/\/www.normisjon.no\/vebu\/","name":"Region VeBu","description":"","potentialAction":[{"@type":"SearchAction","target":{"@type":"EntryPoint","urlTemplate":"https:\/\/www.normisjon.no\/vebu\/?s={search_term_string}"},"query-input":{"@type":"PropertyValueSpecification","valueRequired":true,"valueName":"search_term_string"}}],"inLanguage":"nb-NO"}]}},"_links":{"self":[{"href":"https:\/\/www.normisjon.no\/vebu\/wp-json\/wp\/v2\/pages\/3837","targetHints":{"allow":["GET"]}}],"collection":[{"href":"https:\/\/www.normisjon.no\/vebu\/wp-json\/wp\/v2\/pages"}],"about":[{"href":"https:\/\/www.normisjon.no\/vebu\/wp-json\/wp\/v2\/types\/page"}],"author":[{"embeddable":true,"href":"https:\/\/www.normisjon.no\/vebu\/wp-json\/wp\/v2\/users\/24"}],"replies":[{"embeddable":true,"href":"https:\/\/www.normisjon.no\/vebu\/wp-json\/wp\/v2\/comments?post=3837"}],"version-history":[{"count":2,"href":"https:\/\/www.normisjon.no\/vebu\/wp-json\/wp\/v2\/pages\/3837\/revisions"}],"predecessor-version":[{"id":3839,"href":"https:\/\/www.normisjon.no\/vebu\/wp-json\/wp\/v2\/pages\/3837\/revisions\/3839"}],"wp:featuredmedia":[{"embeddable":true,"href":"https:\/\/www.normisjon.no\/vebu\/wp-json\/wp\/v2\/media\/1787"}],"wp:attachment":[{"href":"https:\/\/www.normisjon.no\/vebu\/wp-json\/wp\/v2\/media?parent=3837"}],"curies":[{"name":"wp","href":"https:\/\/api.w.org\/{rel}","templated":true}]}}