{"id":4057,"date":"2024-04-17T13:29:10","date_gmt":"2024-04-17T11:29:10","guid":{"rendered":"https:\/\/www.normisjon.no\/vebu\/?page_id=4057"},"modified":"2024-05-23T13:04:02","modified_gmt":"2024-05-23T11:04:02","slug":"etapper-goforit-24","status":"publish","type":"page","link":"https:\/\/www.normisjon.no\/vebu\/etapper-goforit-24\/","title":{"rendered":"Etapper GOFORIT 24"},"content":{"rendered":"<div class=\"entry-content alignfull wp-block-post-content has-global-padding is-layout-constrained wp-block-post-content-is-layout-constrained\">\n<p>Her er en oversikt over etappene med startsted, tidspunkt og antall km. Det kan bli mindre endringer, dette oppdateres her etterhvert. <br>Det kan ogs\u00e5 skje mindre endringer underveis. Kontakt Svein-Tony eller Gunn-Marit hvis du planlegger \u00e5 komme med underveis eller st\u00e5 ved ruta, s\u00e5 vi unng\u00e5r misforst\u00e5elser.<\/p>\n\n\n\n<div class=\"wp-block-columns is-layout-flex wp-container-core-columns-is-layout-28f84493 wp-block-columns-is-layout-flex\">\n<div class=\"wp-block-column is-layout-flow wp-block-column-is-layout-flow\" style=\"flex-basis:100%\">\n<div class=\"wp-block-columns is-layout-flex wp-container-core-columns-is-layout-28f84493 wp-block-columns-is-layout-flex\">\n<div class=\"wp-block-column is-layout-flow wp-block-column-is-layout-flow\" style=\"flex-basis:100%\">\n<figure class=\"wp-block-table\"><table><tbody><tr><td><strong>Dag\/dato<\/strong><\/td><td><strong>Etappe<\/strong><\/td><td><strong>Start-tidspunkt<\/strong><\/td><td><strong>Ca antall km<\/strong><\/td><\/tr><tr><td>Fredag 31. mai<\/td><td><a href=\"https:\/\/www.normisjon.no\/vebu\/helgeroa-larvik-metodistkirke\/\" target=\"_blank\" rel=\"noreferrer noopener\">Helgeroa bedehus &#8211; Larvik metodistkirke<\/a><\/td><td>Kl. 11.00<\/td><td>16,2<\/td><\/tr><tr><td>L\u00f8rdag 1. juni<\/td><td><a href=\"https:\/\/www.normisjon.no\/vebu\/larvik-bibliotek-hedrum-kirke\/\" target=\"_blank\" rel=\"noreferrer noopener\">Larvik bibliotek &#8211; Hedrum kirke<\/a><\/td><td>Kl. 12.15 <\/td><td>17,6<\/td><\/tr><tr><td>S\u00f8ndag 2. juni<\/td><td><a href=\"https:\/\/www.normisjon.no\/vebu\/hedrum-kirke-kodal-kirke\/\" target=\"_blank\" rel=\"noreferrer noopener\">Hedrum kirke &#8211; Kodal kirke<\/a><\/td><td>Kl. 12.30<\/td><td>15,4<\/td><\/tr><tr><td>Mandag 3. juni<\/td><td><a href=\"https:\/\/www.normisjon.no\/vebu\/kodal-kirke-gjennestad-v-g-s\/\" target=\"_blank\" rel=\"noreferrer noopener\">Kodal kirke &#8211; Gjennestad vgs<\/a><\/td><td>Kl. 10.00<\/td><td>12<\/td><\/tr><tr><td>Tirsdag 4. juni<\/td><td><a href=\"https:\/\/www.normisjon.no\/vebu\/gjennestad-bakke-molle\/\" target=\"_blank\" rel=\"noreferrer noopener\">Gjennestad vgs &#8211; Bakke m\u00f8lle Revetal<\/a><\/td><td>Kl. 10.00<\/td><td>22,2<\/td><\/tr><tr><td>Onsdag 5. juni<\/td><td><a href=\"https:\/\/www.normisjon.no\/vebu\/bakke-molle-smabathavna-holmestrand\/\" target=\"_blank\" rel=\"noreferrer noopener\">Bakke m\u00f8lle, Revetal &#8211; Holmestrand sm\u00e5b\u00e5thavn<\/a><\/td><td>Kl. 10.00<\/td><td>13,5<\/td><\/tr><tr><td>Torsdag 6. juni<\/td><td><a href=\"https:\/\/www.normisjon.no\/vebu\/holmestrand-smabathavn-horten\/\" target=\"_blank\" rel=\"noreferrer noopener\">Holmestrand sm\u00e5b\u00e5thavn &#8211; Horten<\/a><\/td><td>Kl. 10.00<\/td><td>21<\/td><\/tr><tr><td>Fredag 7. juni<\/td><td><a href=\"https:\/\/www.normisjon.no\/vebu\/horten-tonsberg\/\" target=\"_blank\" rel=\"noreferrer noopener\">Horten &#8211; T\u00f8nsberg<\/a><\/td><td>Kl. 10.00<\/td><td>19,3<\/td><\/tr><tr><td>L\u00f8rdag 8. juni<\/td><td><a href=\"https:\/\/www.normisjon.no\/vebu\/tonsberg-kjopmannskjaer\/\" target=\"_blank\" rel=\"noreferrer noopener\">T\u00f8nsberg &#8211; Kj\u00f8pmannskj\u00e6r<\/a><\/td><td>Kl. 12.00 fra torvet<\/td><td>13<\/td><\/tr><tr><td>S\u00f8ndag 9. juni<\/td><td><a href=\"https:\/\/www.normisjon.no\/vebu\/kjopmannskjaer-verdens-ende\/\" target=\"_blank\" rel=\"noreferrer noopener\">Kj\u00f8pmannskj\u00e6r &#8211; Verdens ende<\/a><br>Sjarm\u00f8retappen: Helger\u00f8dveien 331 &#8211; Verdens ende<\/td><td>Kl. 10.00<\/td><td>14,5<br>2,6 <\/td><\/tr><\/tbody><\/table><\/figure>\n<\/div>\n<\/div>\n<\/div>\n<\/div>\n<\/div><div id=\"module-0\" class=\"hogan-module hogan-module-image hogan-module-0 hogan-image-size-page-width\"><div class=\"hogan-module-inner\"><figure class=\"wp-caption size-page-width\"><img loading=\"lazy\" decoding=\"async\" width=\"605\" height=\"618\" src=\"https:\/\/www.normisjon.no\/content\/uploads\/sites\/22\/2024\/05\/Kart-.jpg\" class=\"attachment-page-width size-page-width\" alt=\"\" srcset=\"https:\/\/www.normisjon.no\/content\/uploads\/sites\/22\/2024\/05\/Kart-.jpg 605w, https:\/\/www.normisjon.no\/content\/uploads\/sites\/22\/2024\/05\/Kart--294x300.jpg 294w\" sizes=\"auto, (max-width: 605px) 100vw, 605px\" \/><\/figure><\/div><\/div>","protected":false},"excerpt":{"rendered":"<p>Her er en oversikt over etappene med startsted, tidspunkt og antall km. Det kan bli mindre endringer, dette oppdateres her etterhvert. Det kan ogs\u00e5 skje [&hellip;]<\/p>\n","protected":false},"author":24,"featured_media":4186,"parent":0,"menu_order":0,"comment_status":"closed","ping_status":"closed","template":"","meta":{"_acf_changed":false,"footnotes":""},"class_list":["post-4057","page","type-page","status-publish","has-post-thumbnail","hentry"],"acf":[],"yoast_head":"<!-- This site is optimized with the Yoast SEO plugin v25.9 - https:\/\/yoast.com\/wordpress\/plugins\/seo\/ -->\n<title>Etapper GOFORIT 24 - Region VeBu<\/title>\n<meta name=\"robots\" content=\"index, follow, max-snippet:-1, max-image-preview:large, max-video-preview:-1\" \/>\n<link rel=\"canonical\" href=\"https:\/\/www.normisjon.no\/vebu\/etapper-goforit-24\/\" \/>\n<meta property=\"og:locale\" content=\"nb_NO\" \/>\n<meta property=\"og:type\" content=\"article\" \/>\n<meta property=\"og:title\" content=\"Etapper GOFORIT 24 - Region VeBu\" \/>\n<meta property=\"og:description\" content=\"Her er en oversikt over etappene med startsted, tidspunkt og antall km. Det kan bli mindre endringer, dette oppdateres her etterhvert. Det kan ogs\u00e5 skje [&hellip;]\" \/>\n<meta property=\"og:url\" content=\"https:\/\/www.normisjon.no\/vebu\/etapper-goforit-24\/\" \/>\n<meta property=\"og:site_name\" content=\"Region VeBu\" \/>\n<meta property=\"article:modified_time\" content=\"2024-05-23T11:04:02+00:00\" \/>\n<meta property=\"og:image\" content=\"https:\/\/www.normisjon.no\/content\/uploads\/sites\/22\/2024\/05\/Kart-.jpg\" \/>\n\t<meta property=\"og:image:width\" content=\"605\" \/>\n\t<meta property=\"og:image:height\" content=\"618\" \/>\n\t<meta property=\"og:image:type\" content=\"image\/jpeg\" \/>\n<meta name=\"twitter:card\" content=\"summary_large_image\" \/>\n<meta name=\"twitter:label1\" content=\"Ansl. lesetid\" \/>\n\t<meta name=\"twitter:data1\" content=\"1 minutt\" \/>\n<script type=\"application\/ld+json\" class=\"yoast-schema-graph\">{\"@context\":\"https:\/\/schema.org\",\"@graph\":[{\"@type\":\"WebPage\",\"@id\":\"https:\/\/www.normisjon.no\/vebu\/etapper-goforit-24\/\",\"url\":\"https:\/\/www.normisjon.no\/vebu\/etapper-goforit-24\/\",\"name\":\"Etapper GOFORIT 24 - Region VeBu\",\"isPartOf\":{\"@id\":\"https:\/\/www.normisjon.no\/vebu\/#website\"},\"primaryImageOfPage\":{\"@id\":\"https:\/\/www.normisjon.no\/vebu\/etapper-goforit-24\/#primaryimage\"},\"image\":{\"@id\":\"https:\/\/www.normisjon.no\/vebu\/etapper-goforit-24\/#primaryimage\"},\"thumbnailUrl\":\"https:\/\/www.normisjon.no\/content\/uploads\/sites\/22\/2024\/05\/Kart-.jpg\",\"datePublished\":\"2024-04-17T11:29:10+00:00\",\"dateModified\":\"2024-05-23T11:04:02+00:00\",\"breadcrumb\":{\"@id\":\"https:\/\/www.normisjon.no\/vebu\/etapper-goforit-24\/#breadcrumb\"},\"inLanguage\":\"nb-NO\",\"potentialAction\":[{\"@type\":\"ReadAction\",\"target\":[\"https:\/\/www.normisjon.no\/vebu\/etapper-goforit-24\/\"]}]},{\"@type\":\"ImageObject\",\"inLanguage\":\"nb-NO\",\"@id\":\"https:\/\/www.normisjon.no\/vebu\/etapper-goforit-24\/#primaryimage\",\"url\":\"https:\/\/www.normisjon.no\/content\/uploads\/sites\/22\/2024\/05\/Kart-.jpg\",\"contentUrl\":\"https:\/\/www.normisjon.no\/content\/uploads\/sites\/22\/2024\/05\/Kart-.jpg\",\"width\":605,\"height\":618},{\"@type\":\"BreadcrumbList\",\"@id\":\"https:\/\/www.normisjon.no\/vebu\/etapper-goforit-24\/#breadcrumb\",\"itemListElement\":[{\"@type\":\"ListItem\",\"position\":1,\"name\":\"Home\",\"item\":\"https:\/\/www.normisjon.no\/vebu\/\"},{\"@type\":\"ListItem\",\"position\":2,\"name\":\"Etapper GOFORIT 24\"}]},{\"@type\":\"WebSite\",\"@id\":\"https:\/\/www.normisjon.no\/vebu\/#website\",\"url\":\"https:\/\/www.normisjon.no\/vebu\/\",\"name\":\"Region VeBu\",\"description\":\"\",\"potentialAction\":[{\"@type\":\"SearchAction\",\"target\":{\"@type\":\"EntryPoint\",\"urlTemplate\":\"https:\/\/www.normisjon.no\/vebu\/?s={search_term_string}\"},\"query-input\":{\"@type\":\"PropertyValueSpecification\",\"valueRequired\":true,\"valueName\":\"search_term_string\"}}],\"inLanguage\":\"nb-NO\"}]}<\/script>\n<!-- \/ Yoast SEO plugin. -->","yoast_head_json":{"title":"Etapper GOFORIT 24 - Region VeBu","robots":{"index":"index","follow":"follow","max-snippet":"max-snippet:-1","max-image-preview":"max-image-preview:large","max-video-preview":"max-video-preview:-1"},"canonical":"https:\/\/www.normisjon.no\/vebu\/etapper-goforit-24\/","og_locale":"nb_NO","og_type":"article","og_title":"Etapper GOFORIT 24 - Region VeBu","og_description":"Her er en oversikt over etappene med startsted, tidspunkt og antall km. Det kan bli mindre endringer, dette oppdateres her etterhvert. Det kan ogs\u00e5 skje [&hellip;]","og_url":"https:\/\/www.normisjon.no\/vebu\/etapper-goforit-24\/","og_site_name":"Region VeBu","article_modified_time":"2024-05-23T11:04:02+00:00","og_image":[{"width":605,"height":618,"url":"https:\/\/www.normisjon.no\/content\/uploads\/sites\/22\/2024\/05\/Kart-.jpg","type":"image\/jpeg"}],"twitter_card":"summary_large_image","twitter_misc":{"Ansl. lesetid":"1 minutt"},"schema":{"@context":"https:\/\/schema.org","@graph":[{"@type":"WebPage","@id":"https:\/\/www.normisjon.no\/vebu\/etapper-goforit-24\/","url":"https:\/\/www.normisjon.no\/vebu\/etapper-goforit-24\/","name":"Etapper GOFORIT 24 - Region VeBu","isPartOf":{"@id":"https:\/\/www.normisjon.no\/vebu\/#website"},"primaryImageOfPage":{"@id":"https:\/\/www.normisjon.no\/vebu\/etapper-goforit-24\/#primaryimage"},"image":{"@id":"https:\/\/www.normisjon.no\/vebu\/etapper-goforit-24\/#primaryimage"},"thumbnailUrl":"https:\/\/www.normisjon.no\/content\/uploads\/sites\/22\/2024\/05\/Kart-.jpg","datePublished":"2024-04-17T11:29:10+00:00","dateModified":"2024-05-23T11:04:02+00:00","breadcrumb":{"@id":"https:\/\/www.normisjon.no\/vebu\/etapper-goforit-24\/#breadcrumb"},"inLanguage":"nb-NO","potentialAction":[{"@type":"ReadAction","target":["https:\/\/www.normisjon.no\/vebu\/etapper-goforit-24\/"]}]},{"@type":"ImageObject","inLanguage":"nb-NO","@id":"https:\/\/www.normisjon.no\/vebu\/etapper-goforit-24\/#primaryimage","url":"https:\/\/www.normisjon.no\/content\/uploads\/sites\/22\/2024\/05\/Kart-.jpg","contentUrl":"https:\/\/www.normisjon.no\/content\/uploads\/sites\/22\/2024\/05\/Kart-.jpg","width":605,"height":618},{"@type":"BreadcrumbList","@id":"https:\/\/www.normisjon.no\/vebu\/etapper-goforit-24\/#breadcrumb","itemListElement":[{"@type":"ListItem","position":1,"name":"Home","item":"https:\/\/www.normisjon.no\/vebu\/"},{"@type":"ListItem","position":2,"name":"Etapper GOFORIT 24"}]},{"@type":"WebSite","@id":"https:\/\/www.normisjon.no\/vebu\/#website","url":"https:\/\/www.normisjon.no\/vebu\/","name":"Region VeBu","description":"","potentialAction":[{"@type":"SearchAction","target":{"@type":"EntryPoint","urlTemplate":"https:\/\/www.normisjon.no\/vebu\/?s={search_term_string}"},"query-input":{"@type":"PropertyValueSpecification","valueRequired":true,"valueName":"search_term_string"}}],"inLanguage":"nb-NO"}]}},"_links":{"self":[{"href":"https:\/\/www.normisjon.no\/vebu\/wp-json\/wp\/v2\/pages\/4057","targetHints":{"allow":["GET"]}}],"collection":[{"href":"https:\/\/www.normisjon.no\/vebu\/wp-json\/wp\/v2\/pages"}],"about":[{"href":"https:\/\/www.normisjon.no\/vebu\/wp-json\/wp\/v2\/types\/page"}],"author":[{"embeddable":true,"href":"https:\/\/www.normisjon.no\/vebu\/wp-json\/wp\/v2\/users\/24"}],"replies":[{"embeddable":true,"href":"https:\/\/www.normisjon.no\/vebu\/wp-json\/wp\/v2\/comments?post=4057"}],"version-history":[{"count":43,"href":"https:\/\/www.normisjon.no\/vebu\/wp-json\/wp\/v2\/pages\/4057\/revisions"}],"predecessor-version":[{"id":4798,"href":"https:\/\/www.normisjon.no\/vebu\/wp-json\/wp\/v2\/pages\/4057\/revisions\/4798"}],"wp:featuredmedia":[{"embeddable":true,"href":"https:\/\/www.normisjon.no\/vebu\/wp-json\/wp\/v2\/media\/4186"}],"wp:attachment":[{"href":"https:\/\/www.normisjon.no\/vebu\/wp-json\/wp\/v2\/media?parent=4057"}],"curies":[{"name":"wp","href":"https:\/\/api.w.org\/{rel}","templated":true}]}}