{"id":4113,"date":"2024-04-15T11:18:10","date_gmt":"2024-04-15T09:18:10","guid":{"rendered":"https:\/\/www.normisjon.no\/vebu\/?page_id=4113"},"modified":"2024-04-15T11:18:10","modified_gmt":"2024-04-15T09:18:10","slug":"joden-og-jorden","status":"publish","type":"page","link":"https:\/\/www.normisjon.no\/vebu\/joden-og-jorden\/","title":{"rendered":"&laquo;J\u00f8den og jorden&raquo;"},"content":{"rendered":"<div class=\"entry-content alignfull wp-block-post-content has-global-padding is-layout-constrained wp-block-post-content-is-layout-constrained\">\n<div class=\"wp-block-media-text alignwide is-stacked-on-mobile\" style=\"grid-template-columns:39% auto\"><figure class=\"wp-block-media-text__media\"><img decoding=\"async\" src=\"https:\/\/www.normisjon.no\/content\/uploads\/sites\/22\/2024\/04\/Ingeborg-Solbrekken.jpg\" alt=\"\" class=\"wp-image-4114 size-full\"\/><\/figure><div class=\"wp-block-media-text__content\">\n<p>Ingeborg Solbrekken kom over noen h\u00e5ndskrevne rapporter fra krigen som fortalte om en j\u00f8disk g\u00e5rdbruker i Vang. Hvorfor var han ikke omtalt tidligere? Solbrekken begynte \u00e5 n\u00f8ste i historien om Hans Salmonsen som ble drevet fra g\u00e5rd og grunn av norske nazister og gode nordmenn.<\/p>\n\n\n\n<p>Foredraget, som bygger p\u00e5 hennes bok med samme tittel, forteller historien om Hans Salmonsen og hans familie fra 1939 og helt frem til i dag.<\/p>\n\n\n\n<p>Gjennom foredraget forteller hun om hvordan antisemittismen i Norge ikke opph\u00f8rte med Hitler og Quislings fall.<\/p>\n<\/div><\/div>\n<\/div>","protected":false},"excerpt":{"rendered":"<p>Ingeborg Solbrekken kom over noen h\u00e5ndskrevne rapporter fra krigen som fortalte om en j\u00f8disk g\u00e5rdbruker i Vang. Hvorfor var han ikke omtalt tidligere? Solbrekken begynte [&hellip;]<\/p>\n","protected":false},"author":24,"featured_media":0,"parent":0,"menu_order":0,"comment_status":"closed","ping_status":"closed","template":"","meta":{"_acf_changed":false,"footnotes":""},"class_list":["post-4113","page","type-page","status-publish","hentry"],"acf":[],"yoast_head":"<!-- This site is optimized with the Yoast SEO plugin v25.9 - https:\/\/yoast.com\/wordpress\/plugins\/seo\/ -->\n<title>&quot;J\u00f8den og jorden&quot; - Region VeBu<\/title>\n<meta name=\"robots\" content=\"index, follow, max-snippet:-1, max-image-preview:large, max-video-preview:-1\" \/>\n<link rel=\"canonical\" href=\"https:\/\/www.normisjon.no\/vebu\/joden-og-jorden\/\" \/>\n<meta property=\"og:locale\" content=\"nb_NO\" \/>\n<meta property=\"og:type\" content=\"article\" \/>\n<meta property=\"og:title\" content=\"&quot;J\u00f8den og jorden&quot; - Region VeBu\" \/>\n<meta property=\"og:description\" content=\"Ingeborg Solbrekken kom over noen h\u00e5ndskrevne rapporter fra krigen som fortalte om en j\u00f8disk g\u00e5rdbruker i Vang. Hvorfor var han ikke omtalt tidligere? Solbrekken begynte [&hellip;]\" \/>\n<meta property=\"og:url\" content=\"https:\/\/www.normisjon.no\/vebu\/joden-og-jorden\/\" \/>\n<meta property=\"og:site_name\" content=\"Region VeBu\" \/>\n<meta property=\"og:image\" content=\"https:\/\/www.normisjon.no\/content\/uploads\/sites\/22\/2024\/04\/Ingeborg-Solbrekken.jpg\" \/>\n<meta name=\"twitter:card\" content=\"summary_large_image\" \/>\n<meta name=\"twitter:label1\" content=\"Ansl. lesetid\" \/>\n\t<meta name=\"twitter:data1\" content=\"1 minutt\" \/>\n<script type=\"application\/ld+json\" class=\"yoast-schema-graph\">{\"@context\":\"https:\/\/schema.org\",\"@graph\":[{\"@type\":\"WebPage\",\"@id\":\"https:\/\/www.normisjon.no\/vebu\/joden-og-jorden\/\",\"url\":\"https:\/\/www.normisjon.no\/vebu\/joden-og-jorden\/\",\"name\":\"\\\"J\u00f8den og jorden\\\" - Region VeBu\",\"isPartOf\":{\"@id\":\"https:\/\/www.normisjon.no\/vebu\/#website\"},\"primaryImageOfPage\":{\"@id\":\"https:\/\/www.normisjon.no\/vebu\/joden-og-jorden\/#primaryimage\"},\"image\":{\"@id\":\"https:\/\/www.normisjon.no\/vebu\/joden-og-jorden\/#primaryimage\"},\"thumbnailUrl\":\"https:\/\/www.normisjon.no\/content\/uploads\/sites\/22\/2024\/04\/Ingeborg-Solbrekken.jpg\",\"datePublished\":\"2024-04-15T09:18:10+00:00\",\"breadcrumb\":{\"@id\":\"https:\/\/www.normisjon.no\/vebu\/joden-og-jorden\/#breadcrumb\"},\"inLanguage\":\"nb-NO\",\"potentialAction\":[{\"@type\":\"ReadAction\",\"target\":[\"https:\/\/www.normisjon.no\/vebu\/joden-og-jorden\/\"]}]},{\"@type\":\"ImageObject\",\"inLanguage\":\"nb-NO\",\"@id\":\"https:\/\/www.normisjon.no\/vebu\/joden-og-jorden\/#primaryimage\",\"url\":\"https:\/\/www.normisjon.no\/content\/uploads\/sites\/22\/2024\/04\/Ingeborg-Solbrekken.jpg\",\"contentUrl\":\"https:\/\/www.normisjon.no\/content\/uploads\/sites\/22\/2024\/04\/Ingeborg-Solbrekken.jpg\"},{\"@type\":\"BreadcrumbList\",\"@id\":\"https:\/\/www.normisjon.no\/vebu\/joden-og-jorden\/#breadcrumb\",\"itemListElement\":[{\"@type\":\"ListItem\",\"position\":1,\"name\":\"Home\",\"item\":\"https:\/\/www.normisjon.no\/vebu\/\"},{\"@type\":\"ListItem\",\"position\":2,\"name\":\"&laquo;J\u00f8den og jorden&raquo;\"}]},{\"@type\":\"WebSite\",\"@id\":\"https:\/\/www.normisjon.no\/vebu\/#website\",\"url\":\"https:\/\/www.normisjon.no\/vebu\/\",\"name\":\"Region VeBu\",\"description\":\"\",\"potentialAction\":[{\"@type\":\"SearchAction\",\"target\":{\"@type\":\"EntryPoint\",\"urlTemplate\":\"https:\/\/www.normisjon.no\/vebu\/?s={search_term_string}\"},\"query-input\":{\"@type\":\"PropertyValueSpecification\",\"valueRequired\":true,\"valueName\":\"search_term_string\"}}],\"inLanguage\":\"nb-NO\"}]}<\/script>\n<!-- \/ Yoast SEO plugin. -->","yoast_head_json":{"title":"\"J\u00f8den og jorden\" - Region VeBu","robots":{"index":"index","follow":"follow","max-snippet":"max-snippet:-1","max-image-preview":"max-image-preview:large","max-video-preview":"max-video-preview:-1"},"canonical":"https:\/\/www.normisjon.no\/vebu\/joden-og-jorden\/","og_locale":"nb_NO","og_type":"article","og_title":"\"J\u00f8den og jorden\" - Region VeBu","og_description":"Ingeborg Solbrekken kom over noen h\u00e5ndskrevne rapporter fra krigen som fortalte om en j\u00f8disk g\u00e5rdbruker i Vang. Hvorfor var han ikke omtalt tidligere? Solbrekken begynte [&hellip;]","og_url":"https:\/\/www.normisjon.no\/vebu\/joden-og-jorden\/","og_site_name":"Region VeBu","og_image":[{"url":"https:\/\/www.normisjon.no\/content\/uploads\/sites\/22\/2024\/04\/Ingeborg-Solbrekken.jpg","type":"","width":"","height":""}],"twitter_card":"summary_large_image","twitter_misc":{"Ansl. lesetid":"1 minutt"},"schema":{"@context":"https:\/\/schema.org","@graph":[{"@type":"WebPage","@id":"https:\/\/www.normisjon.no\/vebu\/joden-og-jorden\/","url":"https:\/\/www.normisjon.no\/vebu\/joden-og-jorden\/","name":"\"J\u00f8den og jorden\" - Region VeBu","isPartOf":{"@id":"https:\/\/www.normisjon.no\/vebu\/#website"},"primaryImageOfPage":{"@id":"https:\/\/www.normisjon.no\/vebu\/joden-og-jorden\/#primaryimage"},"image":{"@id":"https:\/\/www.normisjon.no\/vebu\/joden-og-jorden\/#primaryimage"},"thumbnailUrl":"https:\/\/www.normisjon.no\/content\/uploads\/sites\/22\/2024\/04\/Ingeborg-Solbrekken.jpg","datePublished":"2024-04-15T09:18:10+00:00","breadcrumb":{"@id":"https:\/\/www.normisjon.no\/vebu\/joden-og-jorden\/#breadcrumb"},"inLanguage":"nb-NO","potentialAction":[{"@type":"ReadAction","target":["https:\/\/www.normisjon.no\/vebu\/joden-og-jorden\/"]}]},{"@type":"ImageObject","inLanguage":"nb-NO","@id":"https:\/\/www.normisjon.no\/vebu\/joden-og-jorden\/#primaryimage","url":"https:\/\/www.normisjon.no\/content\/uploads\/sites\/22\/2024\/04\/Ingeborg-Solbrekken.jpg","contentUrl":"https:\/\/www.normisjon.no\/content\/uploads\/sites\/22\/2024\/04\/Ingeborg-Solbrekken.jpg"},{"@type":"BreadcrumbList","@id":"https:\/\/www.normisjon.no\/vebu\/joden-og-jorden\/#breadcrumb","itemListElement":[{"@type":"ListItem","position":1,"name":"Home","item":"https:\/\/www.normisjon.no\/vebu\/"},{"@type":"ListItem","position":2,"name":"&laquo;J\u00f8den og jorden&raquo;"}]},{"@type":"WebSite","@id":"https:\/\/www.normisjon.no\/vebu\/#website","url":"https:\/\/www.normisjon.no\/vebu\/","name":"Region VeBu","description":"","potentialAction":[{"@type":"SearchAction","target":{"@type":"EntryPoint","urlTemplate":"https:\/\/www.normisjon.no\/vebu\/?s={search_term_string}"},"query-input":{"@type":"PropertyValueSpecification","valueRequired":true,"valueName":"search_term_string"}}],"inLanguage":"nb-NO"}]}},"_links":{"self":[{"href":"https:\/\/www.normisjon.no\/vebu\/wp-json\/wp\/v2\/pages\/4113","targetHints":{"allow":["GET"]}}],"collection":[{"href":"https:\/\/www.normisjon.no\/vebu\/wp-json\/wp\/v2\/pages"}],"about":[{"href":"https:\/\/www.normisjon.no\/vebu\/wp-json\/wp\/v2\/types\/page"}],"author":[{"embeddable":true,"href":"https:\/\/www.normisjon.no\/vebu\/wp-json\/wp\/v2\/users\/24"}],"replies":[{"embeddable":true,"href":"https:\/\/www.normisjon.no\/vebu\/wp-json\/wp\/v2\/comments?post=4113"}],"version-history":[{"count":1,"href":"https:\/\/www.normisjon.no\/vebu\/wp-json\/wp\/v2\/pages\/4113\/revisions"}],"predecessor-version":[{"id":4115,"href":"https:\/\/www.normisjon.no\/vebu\/wp-json\/wp\/v2\/pages\/4113\/revisions\/4115"}],"wp:attachment":[{"href":"https:\/\/www.normisjon.no\/vebu\/wp-json\/wp\/v2\/media?parent=4113"}],"curies":[{"name":"wp","href":"https:\/\/api.w.org\/{rel}","templated":true}]}}