{"id":4224,"date":"2024-05-08T13:18:21","date_gmt":"2024-05-08T11:18:21","guid":{"rendered":"https:\/\/www.normisjon.no\/vebu\/?page_id=4224"},"modified":"2024-05-08T13:57:29","modified_gmt":"2024-05-08T11:57:29","slug":"pamelding-goforit-2024","status":"publish","type":"page","link":"https:\/\/www.normisjon.no\/vebu\/pamelding-goforit-2024\/","title":{"rendered":"P\u00e5melding GOFORIT 2024"},"content":{"rendered":"<div class=\"entry-content alignfull wp-block-post-content has-global-padding is-layout-constrained wp-block-post-content-is-layout-constrained\">\n<p>Det koster 200 kr \u00e5 melde seg p\u00e5 turen uavhengig av hvor mange etapper du er med p\u00e5. Det er ogs\u00e5 mulig \u00e5 bestille GOFORIT-t-skjorte i en lett synlig gulfarge. Denne koster 200 kr.<\/p>\n\n\n\n<p>Not\u00e8r i p\u00e5meldingen om du \u00f8nsker overnatting p\u00e5 madrass der dette er mulig. <\/p>\n<\/div><div id=\"module-0\" class=\"hogan-module hogan-module-text hogan-module-0\"><div class=\"hogan-module-inner\"><div id=\"checkin_registration\"><\/div>\n<p><script src=\"https:\/\/registration.checkin.no\/registration.loader.js\" data-event-id=\"68829\" async><\/script><\/p><\/div><\/div>","protected":false},"excerpt":{"rendered":"<p>Det koster 200 kr \u00e5 melde seg p\u00e5 turen uavhengig av hvor mange etapper du er med p\u00e5. Det er ogs\u00e5 mulig \u00e5 bestille GOFORIT-t-skjorte [&hellip;]<\/p>\n","protected":false},"author":24,"featured_media":4230,"parent":0,"menu_order":0,"comment_status":"closed","ping_status":"closed","template":"","meta":{"_acf_changed":false,"footnotes":""},"class_list":["post-4224","page","type-page","status-publish","has-post-thumbnail","hentry"],"acf":[],"yoast_head":"<!-- This site is optimized with the Yoast SEO plugin v25.9 - https:\/\/yoast.com\/wordpress\/plugins\/seo\/ -->\n<title>P\u00e5melding GOFORIT 2024 - Region VeBu<\/title>\n<meta name=\"robots\" content=\"index, follow, max-snippet:-1, max-image-preview:large, max-video-preview:-1\" \/>\n<link rel=\"canonical\" href=\"https:\/\/www.normisjon.no\/vebu\/pamelding-goforit-2024\/\" \/>\n<meta property=\"og:locale\" content=\"nb_NO\" \/>\n<meta property=\"og:type\" content=\"article\" \/>\n<meta property=\"og:title\" content=\"P\u00e5melding GOFORIT 2024 - Region VeBu\" \/>\n<meta property=\"og:description\" content=\"Det koster 200 kr \u00e5 melde seg p\u00e5 turen uavhengig av hvor mange etapper du er med p\u00e5. Det er ogs\u00e5 mulig \u00e5 bestille GOFORIT-t-skjorte [&hellip;]\" \/>\n<meta property=\"og:url\" content=\"https:\/\/www.normisjon.no\/vebu\/pamelding-goforit-2024\/\" \/>\n<meta property=\"og:site_name\" content=\"Region VeBu\" \/>\n<meta property=\"article:modified_time\" content=\"2024-05-08T11:57:29+00:00\" \/>\n<meta property=\"og:image\" content=\"https:\/\/www.normisjon.no\/content\/uploads\/sites\/22\/2024\/05\/IMG_20230610_155200375-scaled.jpg\" \/>\n\t<meta property=\"og:image:width\" content=\"1920\" \/>\n\t<meta property=\"og:image:height\" content=\"2560\" \/>\n\t<meta property=\"og:image:type\" content=\"image\/jpeg\" \/>\n<meta name=\"twitter:card\" content=\"summary_large_image\" \/>\n<meta name=\"twitter:label1\" content=\"Ansl. lesetid\" \/>\n\t<meta name=\"twitter:data1\" content=\"1 minutt\" \/>\n<script type=\"application\/ld+json\" class=\"yoast-schema-graph\">{\"@context\":\"https:\/\/schema.org\",\"@graph\":[{\"@type\":\"WebPage\",\"@id\":\"https:\/\/www.normisjon.no\/vebu\/pamelding-goforit-2024\/\",\"url\":\"https:\/\/www.normisjon.no\/vebu\/pamelding-goforit-2024\/\",\"name\":\"P\u00e5melding GOFORIT 2024 - Region VeBu\",\"isPartOf\":{\"@id\":\"https:\/\/www.normisjon.no\/vebu\/#website\"},\"primaryImageOfPage\":{\"@id\":\"https:\/\/www.normisjon.no\/vebu\/pamelding-goforit-2024\/#primaryimage\"},\"image\":{\"@id\":\"https:\/\/www.normisjon.no\/vebu\/pamelding-goforit-2024\/#primaryimage\"},\"thumbnailUrl\":\"https:\/\/www.normisjon.no\/content\/uploads\/sites\/22\/2024\/05\/IMG_20230610_155200375-scaled.jpg\",\"datePublished\":\"2024-05-08T11:18:21+00:00\",\"dateModified\":\"2024-05-08T11:57:29+00:00\",\"breadcrumb\":{\"@id\":\"https:\/\/www.normisjon.no\/vebu\/pamelding-goforit-2024\/#breadcrumb\"},\"inLanguage\":\"nb-NO\",\"potentialAction\":[{\"@type\":\"ReadAction\",\"target\":[\"https:\/\/www.normisjon.no\/vebu\/pamelding-goforit-2024\/\"]}]},{\"@type\":\"ImageObject\",\"inLanguage\":\"nb-NO\",\"@id\":\"https:\/\/www.normisjon.no\/vebu\/pamelding-goforit-2024\/#primaryimage\",\"url\":\"https:\/\/www.normisjon.no\/content\/uploads\/sites\/22\/2024\/05\/IMG_20230610_155200375-scaled.jpg\",\"contentUrl\":\"https:\/\/www.normisjon.no\/content\/uploads\/sites\/22\/2024\/05\/IMG_20230610_155200375-scaled.jpg\",\"width\":1920,\"height\":2560},{\"@type\":\"BreadcrumbList\",\"@id\":\"https:\/\/www.normisjon.no\/vebu\/pamelding-goforit-2024\/#breadcrumb\",\"itemListElement\":[{\"@type\":\"ListItem\",\"position\":1,\"name\":\"Home\",\"item\":\"https:\/\/www.normisjon.no\/vebu\/\"},{\"@type\":\"ListItem\",\"position\":2,\"name\":\"P\u00e5melding GOFORIT 2024\"}]},{\"@type\":\"WebSite\",\"@id\":\"https:\/\/www.normisjon.no\/vebu\/#website\",\"url\":\"https:\/\/www.normisjon.no\/vebu\/\",\"name\":\"Region VeBu\",\"description\":\"\",\"potentialAction\":[{\"@type\":\"SearchAction\",\"target\":{\"@type\":\"EntryPoint\",\"urlTemplate\":\"https:\/\/www.normisjon.no\/vebu\/?s={search_term_string}\"},\"query-input\":{\"@type\":\"PropertyValueSpecification\",\"valueRequired\":true,\"valueName\":\"search_term_string\"}}],\"inLanguage\":\"nb-NO\"}]}<\/script>\n<!-- \/ Yoast SEO plugin. -->","yoast_head_json":{"title":"P\u00e5melding GOFORIT 2024 - Region VeBu","robots":{"index":"index","follow":"follow","max-snippet":"max-snippet:-1","max-image-preview":"max-image-preview:large","max-video-preview":"max-video-preview:-1"},"canonical":"https:\/\/www.normisjon.no\/vebu\/pamelding-goforit-2024\/","og_locale":"nb_NO","og_type":"article","og_title":"P\u00e5melding GOFORIT 2024 - Region VeBu","og_description":"Det koster 200 kr \u00e5 melde seg p\u00e5 turen uavhengig av hvor mange etapper du er med p\u00e5. Det er ogs\u00e5 mulig \u00e5 bestille GOFORIT-t-skjorte [&hellip;]","og_url":"https:\/\/www.normisjon.no\/vebu\/pamelding-goforit-2024\/","og_site_name":"Region VeBu","article_modified_time":"2024-05-08T11:57:29+00:00","og_image":[{"width":1920,"height":2560,"url":"https:\/\/www.normisjon.no\/content\/uploads\/sites\/22\/2024\/05\/IMG_20230610_155200375-scaled.jpg","type":"image\/jpeg"}],"twitter_card":"summary_large_image","twitter_misc":{"Ansl. lesetid":"1 minutt"},"schema":{"@context":"https:\/\/schema.org","@graph":[{"@type":"WebPage","@id":"https:\/\/www.normisjon.no\/vebu\/pamelding-goforit-2024\/","url":"https:\/\/www.normisjon.no\/vebu\/pamelding-goforit-2024\/","name":"P\u00e5melding GOFORIT 2024 - Region VeBu","isPartOf":{"@id":"https:\/\/www.normisjon.no\/vebu\/#website"},"primaryImageOfPage":{"@id":"https:\/\/www.normisjon.no\/vebu\/pamelding-goforit-2024\/#primaryimage"},"image":{"@id":"https:\/\/www.normisjon.no\/vebu\/pamelding-goforit-2024\/#primaryimage"},"thumbnailUrl":"https:\/\/www.normisjon.no\/content\/uploads\/sites\/22\/2024\/05\/IMG_20230610_155200375-scaled.jpg","datePublished":"2024-05-08T11:18:21+00:00","dateModified":"2024-05-08T11:57:29+00:00","breadcrumb":{"@id":"https:\/\/www.normisjon.no\/vebu\/pamelding-goforit-2024\/#breadcrumb"},"inLanguage":"nb-NO","potentialAction":[{"@type":"ReadAction","target":["https:\/\/www.normisjon.no\/vebu\/pamelding-goforit-2024\/"]}]},{"@type":"ImageObject","inLanguage":"nb-NO","@id":"https:\/\/www.normisjon.no\/vebu\/pamelding-goforit-2024\/#primaryimage","url":"https:\/\/www.normisjon.no\/content\/uploads\/sites\/22\/2024\/05\/IMG_20230610_155200375-scaled.jpg","contentUrl":"https:\/\/www.normisjon.no\/content\/uploads\/sites\/22\/2024\/05\/IMG_20230610_155200375-scaled.jpg","width":1920,"height":2560},{"@type":"BreadcrumbList","@id":"https:\/\/www.normisjon.no\/vebu\/pamelding-goforit-2024\/#breadcrumb","itemListElement":[{"@type":"ListItem","position":1,"name":"Home","item":"https:\/\/www.normisjon.no\/vebu\/"},{"@type":"ListItem","position":2,"name":"P\u00e5melding GOFORIT 2024"}]},{"@type":"WebSite","@id":"https:\/\/www.normisjon.no\/vebu\/#website","url":"https:\/\/www.normisjon.no\/vebu\/","name":"Region VeBu","description":"","potentialAction":[{"@type":"SearchAction","target":{"@type":"EntryPoint","urlTemplate":"https:\/\/www.normisjon.no\/vebu\/?s={search_term_string}"},"query-input":{"@type":"PropertyValueSpecification","valueRequired":true,"valueName":"search_term_string"}}],"inLanguage":"nb-NO"}]}},"_links":{"self":[{"href":"https:\/\/www.normisjon.no\/vebu\/wp-json\/wp\/v2\/pages\/4224","targetHints":{"allow":["GET"]}}],"collection":[{"href":"https:\/\/www.normisjon.no\/vebu\/wp-json\/wp\/v2\/pages"}],"about":[{"href":"https:\/\/www.normisjon.no\/vebu\/wp-json\/wp\/v2\/types\/page"}],"author":[{"embeddable":true,"href":"https:\/\/www.normisjon.no\/vebu\/wp-json\/wp\/v2\/users\/24"}],"replies":[{"embeddable":true,"href":"https:\/\/www.normisjon.no\/vebu\/wp-json\/wp\/v2\/comments?post=4224"}],"version-history":[{"count":6,"href":"https:\/\/www.normisjon.no\/vebu\/wp-json\/wp\/v2\/pages\/4224\/revisions"}],"predecessor-version":[{"id":4252,"href":"https:\/\/www.normisjon.no\/vebu\/wp-json\/wp\/v2\/pages\/4224\/revisions\/4252"}],"wp:featuredmedia":[{"embeddable":true,"href":"https:\/\/www.normisjon.no\/vebu\/wp-json\/wp\/v2\/media\/4230"}],"wp:attachment":[{"href":"https:\/\/www.normisjon.no\/vebu\/wp-json\/wp\/v2\/media?parent=4224"}],"curies":[{"name":"wp","href":"https:\/\/api.w.org\/{rel}","templated":true}]}}