{"id":4303,"date":"2024-05-23T11:58:28","date_gmt":"2024-05-23T09:58:28","guid":{"rendered":"https:\/\/www.normisjon.no\/vebu\/?page_id=4303"},"modified":"2024-05-23T11:58:28","modified_gmt":"2024-05-23T09:58:28","slug":"gjennestad-bakke-molle","status":"publish","type":"page","link":"https:\/\/www.normisjon.no\/vebu\/gjennestad-bakke-molle\/","title":{"rendered":"Gjennestad &#8211; Bakke M\u00f8lle"},"content":{"rendered":"<div class=\"entry-content alignfull wp-block-post-content has-global-padding is-layout-constrained wp-block-post-content-is-layout-constrained\">\n<p>Gjennestad, Stokke Ravei, Stokkeveien, Borgeveien, Gryteveien, Fossnesveien, Venner\u00f8dveien, Andebuveien, Fuskegata, Lierengveien, \u00c5sveien, Ramnesveien, Br\u00e5rveien, Gamleveien, Bispeveien, Bakke M\u00f8lle<\/p>\n<\/div>","protected":false},"excerpt":{"rendered":"<p>Gjennestad, Stokke Ravei, Stokkeveien, Borgeveien, Gryteveien, Fossnesveien, Venner\u00f8dveien, Andebuveien, Fuskegata, Lierengveien, \u00c5sveien, Ramnesveien, Br\u00e5rveien, Gamleveien, Bispeveien, Bakke M\u00f8lle<\/p>\n","protected":false},"author":24,"featured_media":0,"parent":0,"menu_order":0,"comment_status":"closed","ping_status":"closed","template":"","meta":{"_acf_changed":false,"footnotes":""},"class_list":["post-4303","page","type-page","status-publish","hentry"],"acf":[],"yoast_head":"<!-- This site is optimized with the Yoast SEO plugin v25.9 - https:\/\/yoast.com\/wordpress\/plugins\/seo\/ -->\n<title>Gjennestad - Bakke M\u00f8lle - Region VeBu<\/title>\n<meta name=\"robots\" content=\"index, follow, max-snippet:-1, max-image-preview:large, max-video-preview:-1\" \/>\n<link rel=\"canonical\" href=\"https:\/\/www.normisjon.no\/vebu\/gjennestad-bakke-molle\/\" \/>\n<meta property=\"og:locale\" content=\"nb_NO\" \/>\n<meta property=\"og:type\" content=\"article\" \/>\n<meta property=\"og:title\" content=\"Gjennestad - Bakke M\u00f8lle - Region VeBu\" \/>\n<meta property=\"og:description\" content=\"Gjennestad, Stokke Ravei, Stokkeveien, Borgeveien, Gryteveien, Fossnesveien, Venner\u00f8dveien, Andebuveien, Fuskegata, Lierengveien, \u00c5sveien, Ramnesveien, Br\u00e5rveien, Gamleveien, Bispeveien, Bakke M\u00f8lle\" \/>\n<meta property=\"og:url\" content=\"https:\/\/www.normisjon.no\/vebu\/gjennestad-bakke-molle\/\" \/>\n<meta property=\"og:site_name\" content=\"Region VeBu\" \/>\n<meta name=\"twitter:card\" content=\"summary_large_image\" \/>\n<meta name=\"twitter:label1\" content=\"Ansl. lesetid\" \/>\n\t<meta name=\"twitter:data1\" content=\"1 minutt\" \/>\n<script type=\"application\/ld+json\" class=\"yoast-schema-graph\">{\"@context\":\"https:\/\/schema.org\",\"@graph\":[{\"@type\":\"WebPage\",\"@id\":\"https:\/\/www.normisjon.no\/vebu\/gjennestad-bakke-molle\/\",\"url\":\"https:\/\/www.normisjon.no\/vebu\/gjennestad-bakke-molle\/\",\"name\":\"Gjennestad - Bakke M\u00f8lle - Region VeBu\",\"isPartOf\":{\"@id\":\"https:\/\/www.normisjon.no\/vebu\/#website\"},\"datePublished\":\"2024-05-23T09:58:28+00:00\",\"breadcrumb\":{\"@id\":\"https:\/\/www.normisjon.no\/vebu\/gjennestad-bakke-molle\/#breadcrumb\"},\"inLanguage\":\"nb-NO\",\"potentialAction\":[{\"@type\":\"ReadAction\",\"target\":[\"https:\/\/www.normisjon.no\/vebu\/gjennestad-bakke-molle\/\"]}]},{\"@type\":\"BreadcrumbList\",\"@id\":\"https:\/\/www.normisjon.no\/vebu\/gjennestad-bakke-molle\/#breadcrumb\",\"itemListElement\":[{\"@type\":\"ListItem\",\"position\":1,\"name\":\"Home\",\"item\":\"https:\/\/www.normisjon.no\/vebu\/\"},{\"@type\":\"ListItem\",\"position\":2,\"name\":\"Gjennestad &#8211; Bakke M\u00f8lle\"}]},{\"@type\":\"WebSite\",\"@id\":\"https:\/\/www.normisjon.no\/vebu\/#website\",\"url\":\"https:\/\/www.normisjon.no\/vebu\/\",\"name\":\"Region VeBu\",\"description\":\"\",\"potentialAction\":[{\"@type\":\"SearchAction\",\"target\":{\"@type\":\"EntryPoint\",\"urlTemplate\":\"https:\/\/www.normisjon.no\/vebu\/?s={search_term_string}\"},\"query-input\":{\"@type\":\"PropertyValueSpecification\",\"valueRequired\":true,\"valueName\":\"search_term_string\"}}],\"inLanguage\":\"nb-NO\"}]}<\/script>\n<!-- \/ Yoast SEO plugin. -->","yoast_head_json":{"title":"Gjennestad - Bakke M\u00f8lle - Region VeBu","robots":{"index":"index","follow":"follow","max-snippet":"max-snippet:-1","max-image-preview":"max-image-preview:large","max-video-preview":"max-video-preview:-1"},"canonical":"https:\/\/www.normisjon.no\/vebu\/gjennestad-bakke-molle\/","og_locale":"nb_NO","og_type":"article","og_title":"Gjennestad - Bakke M\u00f8lle - Region VeBu","og_description":"Gjennestad, Stokke Ravei, Stokkeveien, Borgeveien, Gryteveien, Fossnesveien, Venner\u00f8dveien, Andebuveien, Fuskegata, Lierengveien, \u00c5sveien, Ramnesveien, Br\u00e5rveien, Gamleveien, Bispeveien, Bakke M\u00f8lle","og_url":"https:\/\/www.normisjon.no\/vebu\/gjennestad-bakke-molle\/","og_site_name":"Region VeBu","twitter_card":"summary_large_image","twitter_misc":{"Ansl. lesetid":"1 minutt"},"schema":{"@context":"https:\/\/schema.org","@graph":[{"@type":"WebPage","@id":"https:\/\/www.normisjon.no\/vebu\/gjennestad-bakke-molle\/","url":"https:\/\/www.normisjon.no\/vebu\/gjennestad-bakke-molle\/","name":"Gjennestad - Bakke M\u00f8lle - Region VeBu","isPartOf":{"@id":"https:\/\/www.normisjon.no\/vebu\/#website"},"datePublished":"2024-05-23T09:58:28+00:00","breadcrumb":{"@id":"https:\/\/www.normisjon.no\/vebu\/gjennestad-bakke-molle\/#breadcrumb"},"inLanguage":"nb-NO","potentialAction":[{"@type":"ReadAction","target":["https:\/\/www.normisjon.no\/vebu\/gjennestad-bakke-molle\/"]}]},{"@type":"BreadcrumbList","@id":"https:\/\/www.normisjon.no\/vebu\/gjennestad-bakke-molle\/#breadcrumb","itemListElement":[{"@type":"ListItem","position":1,"name":"Home","item":"https:\/\/www.normisjon.no\/vebu\/"},{"@type":"ListItem","position":2,"name":"Gjennestad &#8211; Bakke M\u00f8lle"}]},{"@type":"WebSite","@id":"https:\/\/www.normisjon.no\/vebu\/#website","url":"https:\/\/www.normisjon.no\/vebu\/","name":"Region VeBu","description":"","potentialAction":[{"@type":"SearchAction","target":{"@type":"EntryPoint","urlTemplate":"https:\/\/www.normisjon.no\/vebu\/?s={search_term_string}"},"query-input":{"@type":"PropertyValueSpecification","valueRequired":true,"valueName":"search_term_string"}}],"inLanguage":"nb-NO"}]}},"_links":{"self":[{"href":"https:\/\/www.normisjon.no\/vebu\/wp-json\/wp\/v2\/pages\/4303","targetHints":{"allow":["GET"]}}],"collection":[{"href":"https:\/\/www.normisjon.no\/vebu\/wp-json\/wp\/v2\/pages"}],"about":[{"href":"https:\/\/www.normisjon.no\/vebu\/wp-json\/wp\/v2\/types\/page"}],"author":[{"embeddable":true,"href":"https:\/\/www.normisjon.no\/vebu\/wp-json\/wp\/v2\/users\/24"}],"replies":[{"embeddable":true,"href":"https:\/\/www.normisjon.no\/vebu\/wp-json\/wp\/v2\/comments?post=4303"}],"version-history":[{"count":1,"href":"https:\/\/www.normisjon.no\/vebu\/wp-json\/wp\/v2\/pages\/4303\/revisions"}],"predecessor-version":[{"id":4304,"href":"https:\/\/www.normisjon.no\/vebu\/wp-json\/wp\/v2\/pages\/4303\/revisions\/4304"}],"wp:attachment":[{"href":"https:\/\/www.normisjon.no\/vebu\/wp-json\/wp\/v2\/media?parent=4303"}],"curies":[{"name":"wp","href":"https:\/\/api.w.org\/{rel}","templated":true}]}}