{"id":4309,"date":"2024-05-23T12:05:07","date_gmt":"2024-05-23T10:05:07","guid":{"rendered":"https:\/\/www.normisjon.no\/vebu\/?page_id=4309"},"modified":"2024-05-23T12:05:07","modified_gmt":"2024-05-23T10:05:07","slug":"holmestrand-smabathavn-horten","status":"publish","type":"page","link":"https:\/\/www.normisjon.no\/vebu\/holmestrand-smabathavn-horten\/","title":{"rendered":"Holmestrand sm\u00e5b\u00e5thavn &#8211; Horten"},"content":{"rendered":"<div class=\"entry-content alignfull wp-block-post-content has-global-padding is-layout-constrained wp-block-post-content-is-layout-constrained\">\n<p>Weidemanns gate, Langgaten, Skolegaten (delvis sykkelsti), Mulvikaveien\/Skolegaten, Hellandveien, Falkenstensveien, Mindre vei til venstre etter ca 12,2 km, videre p\u00e5 Falkenstensveien igjen, Til h\u00f8yre inn Evjeveien (etter 14,8 km) s\u00e5 liten vei til Dampejordet, Falkenstensveien, Mellom keisemark, Torggata, Torvet\/ Storgata, Ferjegata, Inspirekirken<\/p>\n<\/div>","protected":false},"excerpt":{"rendered":"<p>Weidemanns gate, Langgaten, Skolegaten (delvis sykkelsti), Mulvikaveien\/Skolegaten, Hellandveien, Falkenstensveien, Mindre vei til venstre etter ca 12,2 km, videre p\u00e5 Falkenstensveien igjen, Til h\u00f8yre inn Evjeveien [&hellip;]<\/p>\n","protected":false},"author":24,"featured_media":0,"parent":0,"menu_order":0,"comment_status":"closed","ping_status":"closed","template":"","meta":{"_acf_changed":false,"footnotes":""},"class_list":["post-4309","page","type-page","status-publish","hentry"],"acf":[],"yoast_head":"<!-- This site is optimized with the Yoast SEO plugin v25.9 - https:\/\/yoast.com\/wordpress\/plugins\/seo\/ -->\n<title>Holmestrand sm\u00e5b\u00e5thavn - Horten - Region VeBu<\/title>\n<meta name=\"robots\" content=\"index, follow, max-snippet:-1, max-image-preview:large, max-video-preview:-1\" \/>\n<link rel=\"canonical\" href=\"https:\/\/www.normisjon.no\/vebu\/holmestrand-smabathavn-horten\/\" \/>\n<meta property=\"og:locale\" content=\"nb_NO\" \/>\n<meta property=\"og:type\" content=\"article\" \/>\n<meta property=\"og:title\" content=\"Holmestrand sm\u00e5b\u00e5thavn - Horten - Region VeBu\" \/>\n<meta property=\"og:description\" content=\"Weidemanns gate, Langgaten, Skolegaten (delvis sykkelsti), Mulvikaveien\/Skolegaten, Hellandveien, Falkenstensveien, Mindre vei til venstre etter ca 12,2 km, videre p\u00e5 Falkenstensveien igjen, Til h\u00f8yre inn Evjeveien [&hellip;]\" \/>\n<meta property=\"og:url\" content=\"https:\/\/www.normisjon.no\/vebu\/holmestrand-smabathavn-horten\/\" \/>\n<meta property=\"og:site_name\" content=\"Region VeBu\" \/>\n<meta name=\"twitter:card\" content=\"summary_large_image\" \/>\n<meta name=\"twitter:label1\" content=\"Ansl. lesetid\" \/>\n\t<meta name=\"twitter:data1\" content=\"1 minutt\" \/>\n<script type=\"application\/ld+json\" class=\"yoast-schema-graph\">{\"@context\":\"https:\/\/schema.org\",\"@graph\":[{\"@type\":\"WebPage\",\"@id\":\"https:\/\/www.normisjon.no\/vebu\/holmestrand-smabathavn-horten\/\",\"url\":\"https:\/\/www.normisjon.no\/vebu\/holmestrand-smabathavn-horten\/\",\"name\":\"Holmestrand sm\u00e5b\u00e5thavn - Horten - Region VeBu\",\"isPartOf\":{\"@id\":\"https:\/\/www.normisjon.no\/vebu\/#website\"},\"datePublished\":\"2024-05-23T10:05:07+00:00\",\"breadcrumb\":{\"@id\":\"https:\/\/www.normisjon.no\/vebu\/holmestrand-smabathavn-horten\/#breadcrumb\"},\"inLanguage\":\"nb-NO\",\"potentialAction\":[{\"@type\":\"ReadAction\",\"target\":[\"https:\/\/www.normisjon.no\/vebu\/holmestrand-smabathavn-horten\/\"]}]},{\"@type\":\"BreadcrumbList\",\"@id\":\"https:\/\/www.normisjon.no\/vebu\/holmestrand-smabathavn-horten\/#breadcrumb\",\"itemListElement\":[{\"@type\":\"ListItem\",\"position\":1,\"name\":\"Home\",\"item\":\"https:\/\/www.normisjon.no\/vebu\/\"},{\"@type\":\"ListItem\",\"position\":2,\"name\":\"Holmestrand sm\u00e5b\u00e5thavn &#8211; Horten\"}]},{\"@type\":\"WebSite\",\"@id\":\"https:\/\/www.normisjon.no\/vebu\/#website\",\"url\":\"https:\/\/www.normisjon.no\/vebu\/\",\"name\":\"Region VeBu\",\"description\":\"\",\"potentialAction\":[{\"@type\":\"SearchAction\",\"target\":{\"@type\":\"EntryPoint\",\"urlTemplate\":\"https:\/\/www.normisjon.no\/vebu\/?s={search_term_string}\"},\"query-input\":{\"@type\":\"PropertyValueSpecification\",\"valueRequired\":true,\"valueName\":\"search_term_string\"}}],\"inLanguage\":\"nb-NO\"}]}<\/script>\n<!-- \/ Yoast SEO plugin. -->","yoast_head_json":{"title":"Holmestrand sm\u00e5b\u00e5thavn - Horten - Region VeBu","robots":{"index":"index","follow":"follow","max-snippet":"max-snippet:-1","max-image-preview":"max-image-preview:large","max-video-preview":"max-video-preview:-1"},"canonical":"https:\/\/www.normisjon.no\/vebu\/holmestrand-smabathavn-horten\/","og_locale":"nb_NO","og_type":"article","og_title":"Holmestrand sm\u00e5b\u00e5thavn - Horten - Region VeBu","og_description":"Weidemanns gate, Langgaten, Skolegaten (delvis sykkelsti), Mulvikaveien\/Skolegaten, Hellandveien, Falkenstensveien, Mindre vei til venstre etter ca 12,2 km, videre p\u00e5 Falkenstensveien igjen, Til h\u00f8yre inn Evjeveien [&hellip;]","og_url":"https:\/\/www.normisjon.no\/vebu\/holmestrand-smabathavn-horten\/","og_site_name":"Region VeBu","twitter_card":"summary_large_image","twitter_misc":{"Ansl. lesetid":"1 minutt"},"schema":{"@context":"https:\/\/schema.org","@graph":[{"@type":"WebPage","@id":"https:\/\/www.normisjon.no\/vebu\/holmestrand-smabathavn-horten\/","url":"https:\/\/www.normisjon.no\/vebu\/holmestrand-smabathavn-horten\/","name":"Holmestrand sm\u00e5b\u00e5thavn - Horten - Region VeBu","isPartOf":{"@id":"https:\/\/www.normisjon.no\/vebu\/#website"},"datePublished":"2024-05-23T10:05:07+00:00","breadcrumb":{"@id":"https:\/\/www.normisjon.no\/vebu\/holmestrand-smabathavn-horten\/#breadcrumb"},"inLanguage":"nb-NO","potentialAction":[{"@type":"ReadAction","target":["https:\/\/www.normisjon.no\/vebu\/holmestrand-smabathavn-horten\/"]}]},{"@type":"BreadcrumbList","@id":"https:\/\/www.normisjon.no\/vebu\/holmestrand-smabathavn-horten\/#breadcrumb","itemListElement":[{"@type":"ListItem","position":1,"name":"Home","item":"https:\/\/www.normisjon.no\/vebu\/"},{"@type":"ListItem","position":2,"name":"Holmestrand sm\u00e5b\u00e5thavn &#8211; Horten"}]},{"@type":"WebSite","@id":"https:\/\/www.normisjon.no\/vebu\/#website","url":"https:\/\/www.normisjon.no\/vebu\/","name":"Region VeBu","description":"","potentialAction":[{"@type":"SearchAction","target":{"@type":"EntryPoint","urlTemplate":"https:\/\/www.normisjon.no\/vebu\/?s={search_term_string}"},"query-input":{"@type":"PropertyValueSpecification","valueRequired":true,"valueName":"search_term_string"}}],"inLanguage":"nb-NO"}]}},"_links":{"self":[{"href":"https:\/\/www.normisjon.no\/vebu\/wp-json\/wp\/v2\/pages\/4309","targetHints":{"allow":["GET"]}}],"collection":[{"href":"https:\/\/www.normisjon.no\/vebu\/wp-json\/wp\/v2\/pages"}],"about":[{"href":"https:\/\/www.normisjon.no\/vebu\/wp-json\/wp\/v2\/types\/page"}],"author":[{"embeddable":true,"href":"https:\/\/www.normisjon.no\/vebu\/wp-json\/wp\/v2\/users\/24"}],"replies":[{"embeddable":true,"href":"https:\/\/www.normisjon.no\/vebu\/wp-json\/wp\/v2\/comments?post=4309"}],"version-history":[{"count":1,"href":"https:\/\/www.normisjon.no\/vebu\/wp-json\/wp\/v2\/pages\/4309\/revisions"}],"predecessor-version":[{"id":4310,"href":"https:\/\/www.normisjon.no\/vebu\/wp-json\/wp\/v2\/pages\/4309\/revisions\/4310"}],"wp:attachment":[{"href":"https:\/\/www.normisjon.no\/vebu\/wp-json\/wp\/v2\/media?parent=4309"}],"curies":[{"name":"wp","href":"https:\/\/api.w.org\/{rel}","templated":true}]}}