{"id":4314,"date":"2024-05-23T12:14:56","date_gmt":"2024-05-23T10:14:56","guid":{"rendered":"https:\/\/www.normisjon.no\/vebu\/?page_id=4314"},"modified":"2024-05-23T12:14:56","modified_gmt":"2024-05-23T10:14:56","slug":"horten-tonsberg","status":"publish","type":"page","link":"https:\/\/www.normisjon.no\/vebu\/horten-tonsberg\/","title":{"rendered":"Horten &#8211; T\u00f8nsberg"},"content":{"rendered":"<div class=\"entry-content alignfull wp-block-post-content has-global-padding is-layout-constrained wp-block-post-content-is-layout-constrained\">\n<p>Inspire kirken, Ned til ferjekaia, videre langs sj\u00f8en til Borre familiecamping, Steinbrygga, leden videre til den kommer inn p\u00e5 Raveien, Edvard Munchs gate, Bakkegata, Stangsgate, Romsveien, B\u00f8gata, Velleveien, Slagenveien, Botnegaten, St. Olavs gate, \u00d8vre Langgate, Svend Foyn bedehus<\/p>\n<\/div>","protected":false},"excerpt":{"rendered":"<p>Inspire kirken, Ned til ferjekaia, videre langs sj\u00f8en til Borre familiecamping, Steinbrygga, leden videre til den kommer inn p\u00e5 Raveien, Edvard Munchs gate, Bakkegata, Stangsgate, [&hellip;]<\/p>\n","protected":false},"author":24,"featured_media":0,"parent":0,"menu_order":0,"comment_status":"closed","ping_status":"closed","template":"","meta":{"_acf_changed":false,"footnotes":""},"class_list":["post-4314","page","type-page","status-publish","hentry"],"acf":[],"yoast_head":"<!-- This site is optimized with the Yoast SEO plugin v25.9 - https:\/\/yoast.com\/wordpress\/plugins\/seo\/ -->\n<title>Horten - T\u00f8nsberg - Region VeBu<\/title>\n<meta name=\"robots\" content=\"index, follow, max-snippet:-1, max-image-preview:large, max-video-preview:-1\" \/>\n<link rel=\"canonical\" href=\"https:\/\/www.normisjon.no\/vebu\/horten-tonsberg\/\" \/>\n<meta property=\"og:locale\" content=\"nb_NO\" \/>\n<meta property=\"og:type\" content=\"article\" \/>\n<meta property=\"og:title\" content=\"Horten - T\u00f8nsberg - Region VeBu\" \/>\n<meta property=\"og:description\" content=\"Inspire kirken, Ned til ferjekaia, videre langs sj\u00f8en til Borre familiecamping, Steinbrygga, leden videre til den kommer inn p\u00e5 Raveien, Edvard Munchs gate, Bakkegata, Stangsgate, [&hellip;]\" \/>\n<meta property=\"og:url\" content=\"https:\/\/www.normisjon.no\/vebu\/horten-tonsberg\/\" \/>\n<meta property=\"og:site_name\" content=\"Region VeBu\" \/>\n<meta name=\"twitter:card\" content=\"summary_large_image\" \/>\n<meta name=\"twitter:label1\" content=\"Ansl. lesetid\" \/>\n\t<meta name=\"twitter:data1\" content=\"1 minutt\" \/>\n<script type=\"application\/ld+json\" class=\"yoast-schema-graph\">{\"@context\":\"https:\/\/schema.org\",\"@graph\":[{\"@type\":\"WebPage\",\"@id\":\"https:\/\/www.normisjon.no\/vebu\/horten-tonsberg\/\",\"url\":\"https:\/\/www.normisjon.no\/vebu\/horten-tonsberg\/\",\"name\":\"Horten - T\u00f8nsberg - Region VeBu\",\"isPartOf\":{\"@id\":\"https:\/\/www.normisjon.no\/vebu\/#website\"},\"datePublished\":\"2024-05-23T10:14:56+00:00\",\"breadcrumb\":{\"@id\":\"https:\/\/www.normisjon.no\/vebu\/horten-tonsberg\/#breadcrumb\"},\"inLanguage\":\"nb-NO\",\"potentialAction\":[{\"@type\":\"ReadAction\",\"target\":[\"https:\/\/www.normisjon.no\/vebu\/horten-tonsberg\/\"]}]},{\"@type\":\"BreadcrumbList\",\"@id\":\"https:\/\/www.normisjon.no\/vebu\/horten-tonsberg\/#breadcrumb\",\"itemListElement\":[{\"@type\":\"ListItem\",\"position\":1,\"name\":\"Home\",\"item\":\"https:\/\/www.normisjon.no\/vebu\/\"},{\"@type\":\"ListItem\",\"position\":2,\"name\":\"Horten &#8211; T\u00f8nsberg\"}]},{\"@type\":\"WebSite\",\"@id\":\"https:\/\/www.normisjon.no\/vebu\/#website\",\"url\":\"https:\/\/www.normisjon.no\/vebu\/\",\"name\":\"Region VeBu\",\"description\":\"\",\"potentialAction\":[{\"@type\":\"SearchAction\",\"target\":{\"@type\":\"EntryPoint\",\"urlTemplate\":\"https:\/\/www.normisjon.no\/vebu\/?s={search_term_string}\"},\"query-input\":{\"@type\":\"PropertyValueSpecification\",\"valueRequired\":true,\"valueName\":\"search_term_string\"}}],\"inLanguage\":\"nb-NO\"}]}<\/script>\n<!-- \/ Yoast SEO plugin. -->","yoast_head_json":{"title":"Horten - T\u00f8nsberg - Region VeBu","robots":{"index":"index","follow":"follow","max-snippet":"max-snippet:-1","max-image-preview":"max-image-preview:large","max-video-preview":"max-video-preview:-1"},"canonical":"https:\/\/www.normisjon.no\/vebu\/horten-tonsberg\/","og_locale":"nb_NO","og_type":"article","og_title":"Horten - T\u00f8nsberg - Region VeBu","og_description":"Inspire kirken, Ned til ferjekaia, videre langs sj\u00f8en til Borre familiecamping, Steinbrygga, leden videre til den kommer inn p\u00e5 Raveien, Edvard Munchs gate, Bakkegata, Stangsgate, [&hellip;]","og_url":"https:\/\/www.normisjon.no\/vebu\/horten-tonsberg\/","og_site_name":"Region VeBu","twitter_card":"summary_large_image","twitter_misc":{"Ansl. lesetid":"1 minutt"},"schema":{"@context":"https:\/\/schema.org","@graph":[{"@type":"WebPage","@id":"https:\/\/www.normisjon.no\/vebu\/horten-tonsberg\/","url":"https:\/\/www.normisjon.no\/vebu\/horten-tonsberg\/","name":"Horten - T\u00f8nsberg - Region VeBu","isPartOf":{"@id":"https:\/\/www.normisjon.no\/vebu\/#website"},"datePublished":"2024-05-23T10:14:56+00:00","breadcrumb":{"@id":"https:\/\/www.normisjon.no\/vebu\/horten-tonsberg\/#breadcrumb"},"inLanguage":"nb-NO","potentialAction":[{"@type":"ReadAction","target":["https:\/\/www.normisjon.no\/vebu\/horten-tonsberg\/"]}]},{"@type":"BreadcrumbList","@id":"https:\/\/www.normisjon.no\/vebu\/horten-tonsberg\/#breadcrumb","itemListElement":[{"@type":"ListItem","position":1,"name":"Home","item":"https:\/\/www.normisjon.no\/vebu\/"},{"@type":"ListItem","position":2,"name":"Horten &#8211; T\u00f8nsberg"}]},{"@type":"WebSite","@id":"https:\/\/www.normisjon.no\/vebu\/#website","url":"https:\/\/www.normisjon.no\/vebu\/","name":"Region VeBu","description":"","potentialAction":[{"@type":"SearchAction","target":{"@type":"EntryPoint","urlTemplate":"https:\/\/www.normisjon.no\/vebu\/?s={search_term_string}"},"query-input":{"@type":"PropertyValueSpecification","valueRequired":true,"valueName":"search_term_string"}}],"inLanguage":"nb-NO"}]}},"_links":{"self":[{"href":"https:\/\/www.normisjon.no\/vebu\/wp-json\/wp\/v2\/pages\/4314","targetHints":{"allow":["GET"]}}],"collection":[{"href":"https:\/\/www.normisjon.no\/vebu\/wp-json\/wp\/v2\/pages"}],"about":[{"href":"https:\/\/www.normisjon.no\/vebu\/wp-json\/wp\/v2\/types\/page"}],"author":[{"embeddable":true,"href":"https:\/\/www.normisjon.no\/vebu\/wp-json\/wp\/v2\/users\/24"}],"replies":[{"embeddable":true,"href":"https:\/\/www.normisjon.no\/vebu\/wp-json\/wp\/v2\/comments?post=4314"}],"version-history":[{"count":1,"href":"https:\/\/www.normisjon.no\/vebu\/wp-json\/wp\/v2\/pages\/4314\/revisions"}],"predecessor-version":[{"id":4315,"href":"https:\/\/www.normisjon.no\/vebu\/wp-json\/wp\/v2\/pages\/4314\/revisions\/4315"}],"wp:attachment":[{"href":"https:\/\/www.normisjon.no\/vebu\/wp-json\/wp\/v2\/media?parent=4314"}],"curies":[{"name":"wp","href":"https:\/\/api.w.org\/{rel}","templated":true}]}}