{"id":4388,"date":"2024-10-03T17:17:46","date_gmt":"2024-10-03T15:17:46","guid":{"rendered":"https:\/\/www.normisjon.no\/vebu\/?page_id=4388"},"modified":"2024-10-03T17:17:46","modified_gmt":"2024-10-03T15:17:46","slug":"mi-sorg-er-lys","status":"publish","type":"page","link":"https:\/\/www.normisjon.no\/vebu\/mi-sorg-er-lys\/","title":{"rendered":"&laquo;Mi sorg er lys&raquo;"},"content":{"rendered":"<div class=\"entry-content alignfull wp-block-post-content has-global-padding is-layout-constrained wp-block-post-content-is-layout-constrained\">\n<div class=\"wp-block-media-text alignwide is-stacked-on-mobile\" style=\"grid-template-columns:40% auto\"><figure class=\"wp-block-media-text__media\"><img decoding=\"async\" src=\"https:\/\/www.normisjon.no\/content\/uploads\/sites\/22\/2024\/10\/Geir-Gundersen-683x1024.jpg\" alt=\"\" class=\"wp-image-4389 size-full\"\/><\/figure><div class=\"wp-block-media-text__content\">\n<p>Prest og forfatter Geir Gundersen har skrevet bok om tida etter at kona fikk kreft. Foredraget har f\u00e5tt samme tittel som boka, \u201cMi sorg er lys\u201d. <br>Et foredrag om mennesker som st\u00e5r hverandre n\u00e6r og som v\u00e5ger \u00e5 komme enda n\u00e6rmere i m\u00f8te med d\u00f8den.<\/p>\n\n\n\n<p>&laquo;Eg vil skrive for andre s\u00f8rgjande medan dei er i sorg. Eg vil skrive for dei som ein gong skal s\u00f8rgje. Eg vil skrive for dei som treng \u00e5 s\u00f8rgje meir og for dei som treng \u00e5 s\u00f8rgje mindre. Men eg vil skrive medan eg s\u00f8rgjer sj\u00f8lv&raquo;<\/p>\n<\/div><\/div>\n<\/div>","protected":false},"excerpt":{"rendered":"<p>Prest og forfatter Geir Gundersen har skrevet bok om tida etter at kona fikk kreft. Foredraget har f\u00e5tt samme tittel som boka, \u201cMi sorg er [&hellip;]<\/p>\n","protected":false},"author":24,"featured_media":0,"parent":0,"menu_order":0,"comment_status":"closed","ping_status":"closed","template":"","meta":{"_acf_changed":false,"footnotes":""},"class_list":["post-4388","page","type-page","status-publish","hentry"],"acf":[],"yoast_head":"<!-- This site is optimized with the Yoast SEO plugin v25.9 - https:\/\/yoast.com\/wordpress\/plugins\/seo\/ -->\n<title>&quot;Mi sorg er lys&quot; - Region VeBu<\/title>\n<meta name=\"robots\" content=\"index, follow, max-snippet:-1, max-image-preview:large, max-video-preview:-1\" \/>\n<link rel=\"canonical\" href=\"https:\/\/www.normisjon.no\/vebu\/mi-sorg-er-lys\/\" \/>\n<meta property=\"og:locale\" content=\"nb_NO\" \/>\n<meta property=\"og:type\" content=\"article\" \/>\n<meta property=\"og:title\" content=\"&quot;Mi sorg er lys&quot; - Region VeBu\" \/>\n<meta property=\"og:description\" content=\"Prest og forfatter Geir Gundersen har skrevet bok om tida etter at kona fikk kreft. Foredraget har f\u00e5tt samme tittel som boka, \u201cMi sorg er [&hellip;]\" \/>\n<meta property=\"og:url\" content=\"https:\/\/www.normisjon.no\/vebu\/mi-sorg-er-lys\/\" \/>\n<meta property=\"og:site_name\" content=\"Region VeBu\" \/>\n<meta property=\"og:image\" content=\"https:\/\/www.normisjon.no\/content\/uploads\/sites\/22\/2024\/10\/Geir-Gundersen-683x1024.jpg\" \/>\n<meta name=\"twitter:card\" content=\"summary_large_image\" \/>\n<meta name=\"twitter:label1\" content=\"Ansl. lesetid\" \/>\n\t<meta name=\"twitter:data1\" content=\"1 minutt\" \/>\n<script type=\"application\/ld+json\" class=\"yoast-schema-graph\">{\"@context\":\"https:\/\/schema.org\",\"@graph\":[{\"@type\":\"WebPage\",\"@id\":\"https:\/\/www.normisjon.no\/vebu\/mi-sorg-er-lys\/\",\"url\":\"https:\/\/www.normisjon.no\/vebu\/mi-sorg-er-lys\/\",\"name\":\"\\\"Mi sorg er lys\\\" - Region VeBu\",\"isPartOf\":{\"@id\":\"https:\/\/www.normisjon.no\/vebu\/#website\"},\"primaryImageOfPage\":{\"@id\":\"https:\/\/www.normisjon.no\/vebu\/mi-sorg-er-lys\/#primaryimage\"},\"image\":{\"@id\":\"https:\/\/www.normisjon.no\/vebu\/mi-sorg-er-lys\/#primaryimage\"},\"thumbnailUrl\":\"https:\/\/www.normisjon.no\/content\/uploads\/sites\/22\/2024\/10\/Geir-Gundersen-683x1024.jpg\",\"datePublished\":\"2024-10-03T15:17:46+00:00\",\"breadcrumb\":{\"@id\":\"https:\/\/www.normisjon.no\/vebu\/mi-sorg-er-lys\/#breadcrumb\"},\"inLanguage\":\"nb-NO\",\"potentialAction\":[{\"@type\":\"ReadAction\",\"target\":[\"https:\/\/www.normisjon.no\/vebu\/mi-sorg-er-lys\/\"]}]},{\"@type\":\"ImageObject\",\"inLanguage\":\"nb-NO\",\"@id\":\"https:\/\/www.normisjon.no\/vebu\/mi-sorg-er-lys\/#primaryimage\",\"url\":\"https:\/\/www.normisjon.no\/content\/uploads\/sites\/22\/2024\/10\/Geir-Gundersen-683x1024.jpg\",\"contentUrl\":\"https:\/\/www.normisjon.no\/content\/uploads\/sites\/22\/2024\/10\/Geir-Gundersen-683x1024.jpg\"},{\"@type\":\"BreadcrumbList\",\"@id\":\"https:\/\/www.normisjon.no\/vebu\/mi-sorg-er-lys\/#breadcrumb\",\"itemListElement\":[{\"@type\":\"ListItem\",\"position\":1,\"name\":\"Home\",\"item\":\"https:\/\/www.normisjon.no\/vebu\/\"},{\"@type\":\"ListItem\",\"position\":2,\"name\":\"&laquo;Mi sorg er lys&raquo;\"}]},{\"@type\":\"WebSite\",\"@id\":\"https:\/\/www.normisjon.no\/vebu\/#website\",\"url\":\"https:\/\/www.normisjon.no\/vebu\/\",\"name\":\"Region VeBu\",\"description\":\"\",\"potentialAction\":[{\"@type\":\"SearchAction\",\"target\":{\"@type\":\"EntryPoint\",\"urlTemplate\":\"https:\/\/www.normisjon.no\/vebu\/?s={search_term_string}\"},\"query-input\":{\"@type\":\"PropertyValueSpecification\",\"valueRequired\":true,\"valueName\":\"search_term_string\"}}],\"inLanguage\":\"nb-NO\"}]}<\/script>\n<!-- \/ Yoast SEO plugin. -->","yoast_head_json":{"title":"\"Mi sorg er lys\" - Region VeBu","robots":{"index":"index","follow":"follow","max-snippet":"max-snippet:-1","max-image-preview":"max-image-preview:large","max-video-preview":"max-video-preview:-1"},"canonical":"https:\/\/www.normisjon.no\/vebu\/mi-sorg-er-lys\/","og_locale":"nb_NO","og_type":"article","og_title":"\"Mi sorg er lys\" - Region VeBu","og_description":"Prest og forfatter Geir Gundersen har skrevet bok om tida etter at kona fikk kreft. Foredraget har f\u00e5tt samme tittel som boka, \u201cMi sorg er [&hellip;]","og_url":"https:\/\/www.normisjon.no\/vebu\/mi-sorg-er-lys\/","og_site_name":"Region VeBu","og_image":[{"url":"https:\/\/www.normisjon.no\/content\/uploads\/sites\/22\/2024\/10\/Geir-Gundersen-683x1024.jpg","type":"","width":"","height":""}],"twitter_card":"summary_large_image","twitter_misc":{"Ansl. lesetid":"1 minutt"},"schema":{"@context":"https:\/\/schema.org","@graph":[{"@type":"WebPage","@id":"https:\/\/www.normisjon.no\/vebu\/mi-sorg-er-lys\/","url":"https:\/\/www.normisjon.no\/vebu\/mi-sorg-er-lys\/","name":"\"Mi sorg er lys\" - Region VeBu","isPartOf":{"@id":"https:\/\/www.normisjon.no\/vebu\/#website"},"primaryImageOfPage":{"@id":"https:\/\/www.normisjon.no\/vebu\/mi-sorg-er-lys\/#primaryimage"},"image":{"@id":"https:\/\/www.normisjon.no\/vebu\/mi-sorg-er-lys\/#primaryimage"},"thumbnailUrl":"https:\/\/www.normisjon.no\/content\/uploads\/sites\/22\/2024\/10\/Geir-Gundersen-683x1024.jpg","datePublished":"2024-10-03T15:17:46+00:00","breadcrumb":{"@id":"https:\/\/www.normisjon.no\/vebu\/mi-sorg-er-lys\/#breadcrumb"},"inLanguage":"nb-NO","potentialAction":[{"@type":"ReadAction","target":["https:\/\/www.normisjon.no\/vebu\/mi-sorg-er-lys\/"]}]},{"@type":"ImageObject","inLanguage":"nb-NO","@id":"https:\/\/www.normisjon.no\/vebu\/mi-sorg-er-lys\/#primaryimage","url":"https:\/\/www.normisjon.no\/content\/uploads\/sites\/22\/2024\/10\/Geir-Gundersen-683x1024.jpg","contentUrl":"https:\/\/www.normisjon.no\/content\/uploads\/sites\/22\/2024\/10\/Geir-Gundersen-683x1024.jpg"},{"@type":"BreadcrumbList","@id":"https:\/\/www.normisjon.no\/vebu\/mi-sorg-er-lys\/#breadcrumb","itemListElement":[{"@type":"ListItem","position":1,"name":"Home","item":"https:\/\/www.normisjon.no\/vebu\/"},{"@type":"ListItem","position":2,"name":"&laquo;Mi sorg er lys&raquo;"}]},{"@type":"WebSite","@id":"https:\/\/www.normisjon.no\/vebu\/#website","url":"https:\/\/www.normisjon.no\/vebu\/","name":"Region VeBu","description":"","potentialAction":[{"@type":"SearchAction","target":{"@type":"EntryPoint","urlTemplate":"https:\/\/www.normisjon.no\/vebu\/?s={search_term_string}"},"query-input":{"@type":"PropertyValueSpecification","valueRequired":true,"valueName":"search_term_string"}}],"inLanguage":"nb-NO"}]}},"_links":{"self":[{"href":"https:\/\/www.normisjon.no\/vebu\/wp-json\/wp\/v2\/pages\/4388","targetHints":{"allow":["GET"]}}],"collection":[{"href":"https:\/\/www.normisjon.no\/vebu\/wp-json\/wp\/v2\/pages"}],"about":[{"href":"https:\/\/www.normisjon.no\/vebu\/wp-json\/wp\/v2\/types\/page"}],"author":[{"embeddable":true,"href":"https:\/\/www.normisjon.no\/vebu\/wp-json\/wp\/v2\/users\/24"}],"replies":[{"embeddable":true,"href":"https:\/\/www.normisjon.no\/vebu\/wp-json\/wp\/v2\/comments?post=4388"}],"version-history":[{"count":1,"href":"https:\/\/www.normisjon.no\/vebu\/wp-json\/wp\/v2\/pages\/4388\/revisions"}],"predecessor-version":[{"id":4390,"href":"https:\/\/www.normisjon.no\/vebu\/wp-json\/wp\/v2\/pages\/4388\/revisions\/4390"}],"wp:attachment":[{"href":"https:\/\/www.normisjon.no\/vebu\/wp-json\/wp\/v2\/media?parent=4388"}],"curies":[{"name":"wp","href":"https:\/\/api.w.org\/{rel}","templated":true}]}}