{"id":4759,"date":"2025-03-19T15:44:39","date_gmt":"2025-03-19T14:44:39","guid":{"rendered":"https:\/\/www.normisjon.no\/vebu\/?page_id=4759"},"modified":"2025-03-19T16:16:43","modified_gmt":"2025-03-19T15:16:43","slug":"vare-gjester-mariahelg-2025","status":"publish","type":"page","link":"https:\/\/www.normisjon.no\/vebu\/vare-gjester-mariahelg-2025\/","title":{"rendered":"V\u00e5re gjester Mariahelg 2025"},"content":{"rendered":"<div class=\"entry-content alignfull wp-block-post-content has-global-padding is-layout-constrained wp-block-post-content-is-layout-constrained\">\n<p><strong>Norea Mediemisjon<\/strong>\u00a0er en misjonsorganisasjon som bruker radio, TV, podkaster og digitale medier for \u00e5 formidle evangeliet. 100% av alle misjonsmidler g\u00e5r til \u00e5 drive misjon i omr\u00e5der og blant\u00a0un\u00e5dde\u00a0folkegrupper som er de mest krevende \u00e5 n\u00e5.\u00a0Gjennom samarbeid med internasjonale og lokale partnere, produserer og distribuerer Norea medieinnhold som skaper h\u00e5p, gir bibelundervisning og bidrar til diakonalt arbeid.<\/p>\n\n\n\n<p>Noreas kvinnearbeid,\u00a0<strong>H\u00e5pets Kvinner<\/strong>,\u00a0vil gi\u00a0h\u00e5p i Jesus\u00a0til kvinner p\u00e5 tvers av generasjoner.\u00a0Radio og mediespillere\u00a0formidler evangeliet og praktisk kunnskap.\u00a0B\u00f8nnegrupper\u00a0gir fellesskap og styrke i hverdagen og kjennskap til kvinners situasjon i ulike deler av verden.<\/p>\n\n\n\n<p>Vi har ogs\u00e5 et pilotprosjekt p\u00e5 Zanzibar med medieressurser knyttet til traumekurs, kalt \u00abHagars reise\u00bb.&nbsp;<\/p>\n\n\n\n<p>Norea st\u00f8tter produksjon, sendekostnader og oppf\u00f8lging av H\u00e5pets Kvinner p\u00e5 flere spr\u00e5k i Afrika, Asia, samt Israel.&nbsp;<\/p>\n\n\n\n<div class=\"wp-block-media-text alignwide is-stacked-on-mobile is-image-fill\" style=\"grid-template-columns:29% auto\"><figure class=\"wp-block-media-text__media\" style=\"background-image:url(https:\/\/www.normisjon.no\/content\/uploads\/sites\/22\/2025\/03\/Eli-Fuglestad.jpeg);background-position:50% 50%\"><img loading=\"lazy\" decoding=\"async\" width=\"958\" height=\"960\" src=\"https:\/\/www.normisjon.no\/content\/uploads\/sites\/22\/2025\/03\/Eli-Fuglestad.jpeg\" alt=\"\" class=\"wp-image-4760 size-full\" srcset=\"https:\/\/www.normisjon.no\/content\/uploads\/sites\/22\/2025\/03\/Eli-Fuglestad.jpeg 958w, https:\/\/www.normisjon.no\/content\/uploads\/sites\/22\/2025\/03\/Eli-Fuglestad-300x300.jpeg 300w, https:\/\/www.normisjon.no\/content\/uploads\/sites\/22\/2025\/03\/Eli-Fuglestad-150x150.jpeg 150w, https:\/\/www.normisjon.no\/content\/uploads\/sites\/22\/2025\/03\/Eli-Fuglestad-768x770.jpeg 768w\" sizes=\"auto, (max-width: 958px) 100vw, 958px\" \/><\/figure><div class=\"wp-block-media-text__content\">\n<p class=\"has-regular-font-size\"><strong>Eli Fuglestad<\/strong> er 50 \u00e5r, mor til tre voksne gutter og gift med Roald. Hun bor p\u00e5 N\u00e6rb\u00f8 p\u00e5 J\u00e6ren, er bonde og frivillig forkynner tilknyttet Norea Mediemisjon. I mer enn 15 \u00e5r \u00e5r slet Eli med sykdom som ME og bekkenl\u00f8sning, og ekstrem utmattelse. Hun kjente ikke p\u00e5 at Gud var en realitet i hennes liv. Men Gud kjente henne. Gjennom sitt Ord reiste Han henne opp igjen, og i dag lever hun livet &#8211; sammen med Jesus. Bibelen var lenge en lukka bok, selv om hun var vokst opp med den i hjemmet. Da hun \u00e5pnet den, m\u00e5tte hun begynne med sm\u00e5 doser. Men i disse daglige dosene fant hun mange skatter. Disse skattene har blitt til b\u00e5de en podkast, andaktsserien &laquo;Tapas for troen&raquo;, og ei bok: &laquo;Over en kopp te&raquo;. Hun ivrer for \u00e5 snakke sant om liv og tro og dele om det hun l\u00e6rte av Mesteren i sin \u00f8rkenvandring.<\/p>\n<\/div><\/div>\n\n\n\n<div class=\"wp-block-media-text alignwide is-stacked-on-mobile is-image-fill\" style=\"grid-template-columns:29% auto\"><figure class=\"wp-block-media-text__media\" style=\"background-image:url(https:\/\/www.normisjon.no\/content\/uploads\/sites\/22\/2025\/03\/Elisabeth-Lillebo-Saeth-819x1024.jpg);background-position:50% 50%\"><img loading=\"lazy\" decoding=\"async\" width=\"819\" height=\"1024\" src=\"https:\/\/www.normisjon.no\/content\/uploads\/sites\/22\/2025\/03\/Elisabeth-Lillebo-Saeth-819x1024.jpg\" alt=\"\" class=\"wp-image-4761 size-full\" srcset=\"https:\/\/www.normisjon.no\/content\/uploads\/sites\/22\/2025\/03\/Elisabeth-Lillebo-Saeth-819x1024.jpg 819w, https:\/\/www.normisjon.no\/content\/uploads\/sites\/22\/2025\/03\/Elisabeth-Lillebo-Saeth-240x300.jpg 240w, https:\/\/www.normisjon.no\/content\/uploads\/sites\/22\/2025\/03\/Elisabeth-Lillebo-Saeth-768x960.jpg 768w, https:\/\/www.normisjon.no\/content\/uploads\/sites\/22\/2025\/03\/Elisabeth-Lillebo-Saeth-1229x1536.jpg 1229w, https:\/\/www.normisjon.no\/content\/uploads\/sites\/22\/2025\/03\/Elisabeth-Lillebo-Saeth-1360x1700.jpg 1360w, https:\/\/www.normisjon.no\/content\/uploads\/sites\/22\/2025\/03\/Elisabeth-Lillebo-Saeth-1536x1920.jpg 1536w, https:\/\/www.normisjon.no\/content\/uploads\/sites\/22\/2025\/03\/Elisabeth-Lillebo-Saeth.jpg 1638w\" sizes=\"auto, (max-width: 819px) 100vw, 819px\" \/><\/figure><div class=\"wp-block-media-text__content\">\n<p class=\"has-regular-font-size\"><strong>Elisabeth Lilleb\u00f8 S\u00e6th<\/strong> er 48 \u00e5r, mor til to ten\u00e5ringsd\u00f8tre. Sammen med sin mann Jostein, arbeider hun i Norea Mediemisjon som informasjonskonsulent, sanger og forkynner. Elisabeth har de siste \u00e5rene opplevd en helt spesiell vandring med Gud, der hun har f\u00e5tt oppleve helbredelse p\u00e5 flere plan i livet. Hun brenner for \u00e5 formidle om Guds omsorg for kropp, sjel og \u00e5nd. Hun har et s\u00e6rlig ansvar for Noreas Kvinnearbeid, <strong>H\u00e5pets Kvinner<\/strong>, b\u00e5de i Norge og i kontakt med internasjonale partnere og har et stort hjerte for misjon blant un\u00e5dde folkegrupper, og s\u00e6rlig kvinner som lider.\u00a0<\/p>\n<\/div><\/div>\n<\/div>","protected":false},"excerpt":{"rendered":"<p>Norea Mediemisjon\u00a0er en misjonsorganisasjon som bruker radio, TV, podkaster og digitale medier for \u00e5 formidle evangeliet. 100% av alle misjonsmidler g\u00e5r til \u00e5 drive misjon [&hellip;]<\/p>\n","protected":false},"author":24,"featured_media":0,"parent":0,"menu_order":0,"comment_status":"closed","ping_status":"closed","template":"","meta":{"_acf_changed":false,"footnotes":""},"class_list":["post-4759","page","type-page","status-publish","hentry"],"acf":[],"yoast_head":"<!-- This site is optimized with the Yoast SEO plugin v25.9 - https:\/\/yoast.com\/wordpress\/plugins\/seo\/ -->\n<title>V\u00e5re gjester Mariahelg 2025 - Region VeBu<\/title>\n<meta name=\"robots\" content=\"index, follow, max-snippet:-1, max-image-preview:large, max-video-preview:-1\" \/>\n<link rel=\"canonical\" href=\"https:\/\/www.normisjon.no\/vebu\/vare-gjester-mariahelg-2025\/\" \/>\n<meta property=\"og:locale\" content=\"nb_NO\" \/>\n<meta property=\"og:type\" content=\"article\" \/>\n<meta property=\"og:title\" content=\"V\u00e5re gjester Mariahelg 2025 - Region VeBu\" \/>\n<meta property=\"og:description\" content=\"Norea Mediemisjon\u00a0er en misjonsorganisasjon som bruker radio, TV, podkaster og digitale medier for \u00e5 formidle evangeliet. 100% av alle misjonsmidler g\u00e5r til \u00e5 drive misjon [&hellip;]\" \/>\n<meta property=\"og:url\" content=\"https:\/\/www.normisjon.no\/vebu\/vare-gjester-mariahelg-2025\/\" \/>\n<meta property=\"og:site_name\" content=\"Region VeBu\" \/>\n<meta property=\"article:modified_time\" content=\"2025-03-19T15:16:43+00:00\" \/>\n<meta property=\"og:image\" content=\"https:\/\/www.normisjon.no\/content\/uploads\/sites\/22\/2025\/03\/Eli-Fuglestad.jpeg\" \/>\n<meta name=\"twitter:card\" content=\"summary_large_image\" \/>\n<meta name=\"twitter:label1\" content=\"Ansl. lesetid\" \/>\n\t<meta name=\"twitter:data1\" content=\"3 minutter\" \/>\n<script type=\"application\/ld+json\" class=\"yoast-schema-graph\">{\"@context\":\"https:\/\/schema.org\",\"@graph\":[{\"@type\":\"WebPage\",\"@id\":\"https:\/\/www.normisjon.no\/vebu\/vare-gjester-mariahelg-2025\/\",\"url\":\"https:\/\/www.normisjon.no\/vebu\/vare-gjester-mariahelg-2025\/\",\"name\":\"V\u00e5re gjester Mariahelg 2025 - Region VeBu\",\"isPartOf\":{\"@id\":\"https:\/\/www.normisjon.no\/vebu\/#website\"},\"primaryImageOfPage\":{\"@id\":\"https:\/\/www.normisjon.no\/vebu\/vare-gjester-mariahelg-2025\/#primaryimage\"},\"image\":{\"@id\":\"https:\/\/www.normisjon.no\/vebu\/vare-gjester-mariahelg-2025\/#primaryimage\"},\"thumbnailUrl\":\"https:\/\/www.normisjon.no\/content\/uploads\/sites\/22\/2025\/03\/Eli-Fuglestad.jpeg\",\"datePublished\":\"2025-03-19T14:44:39+00:00\",\"dateModified\":\"2025-03-19T15:16:43+00:00\",\"breadcrumb\":{\"@id\":\"https:\/\/www.normisjon.no\/vebu\/vare-gjester-mariahelg-2025\/#breadcrumb\"},\"inLanguage\":\"nb-NO\",\"potentialAction\":[{\"@type\":\"ReadAction\",\"target\":[\"https:\/\/www.normisjon.no\/vebu\/vare-gjester-mariahelg-2025\/\"]}]},{\"@type\":\"ImageObject\",\"inLanguage\":\"nb-NO\",\"@id\":\"https:\/\/www.normisjon.no\/vebu\/vare-gjester-mariahelg-2025\/#primaryimage\",\"url\":\"https:\/\/www.normisjon.no\/content\/uploads\/sites\/22\/2025\/03\/Eli-Fuglestad.jpeg\",\"contentUrl\":\"https:\/\/www.normisjon.no\/content\/uploads\/sites\/22\/2025\/03\/Eli-Fuglestad.jpeg\"},{\"@type\":\"BreadcrumbList\",\"@id\":\"https:\/\/www.normisjon.no\/vebu\/vare-gjester-mariahelg-2025\/#breadcrumb\",\"itemListElement\":[{\"@type\":\"ListItem\",\"position\":1,\"name\":\"Home\",\"item\":\"https:\/\/www.normisjon.no\/vebu\/\"},{\"@type\":\"ListItem\",\"position\":2,\"name\":\"V\u00e5re gjester Mariahelg 2025\"}]},{\"@type\":\"WebSite\",\"@id\":\"https:\/\/www.normisjon.no\/vebu\/#website\",\"url\":\"https:\/\/www.normisjon.no\/vebu\/\",\"name\":\"Region VeBu\",\"description\":\"\",\"potentialAction\":[{\"@type\":\"SearchAction\",\"target\":{\"@type\":\"EntryPoint\",\"urlTemplate\":\"https:\/\/www.normisjon.no\/vebu\/?s={search_term_string}\"},\"query-input\":{\"@type\":\"PropertyValueSpecification\",\"valueRequired\":true,\"valueName\":\"search_term_string\"}}],\"inLanguage\":\"nb-NO\"}]}<\/script>\n<!-- \/ Yoast SEO plugin. -->","yoast_head_json":{"title":"V\u00e5re gjester Mariahelg 2025 - Region VeBu","robots":{"index":"index","follow":"follow","max-snippet":"max-snippet:-1","max-image-preview":"max-image-preview:large","max-video-preview":"max-video-preview:-1"},"canonical":"https:\/\/www.normisjon.no\/vebu\/vare-gjester-mariahelg-2025\/","og_locale":"nb_NO","og_type":"article","og_title":"V\u00e5re gjester Mariahelg 2025 - Region VeBu","og_description":"Norea Mediemisjon\u00a0er en misjonsorganisasjon som bruker radio, TV, podkaster og digitale medier for \u00e5 formidle evangeliet. 100% av alle misjonsmidler g\u00e5r til \u00e5 drive misjon [&hellip;]","og_url":"https:\/\/www.normisjon.no\/vebu\/vare-gjester-mariahelg-2025\/","og_site_name":"Region VeBu","article_modified_time":"2025-03-19T15:16:43+00:00","og_image":[{"url":"https:\/\/www.normisjon.no\/content\/uploads\/sites\/22\/2025\/03\/Eli-Fuglestad.jpeg","type":"","width":"","height":""}],"twitter_card":"summary_large_image","twitter_misc":{"Ansl. lesetid":"3 minutter"},"schema":{"@context":"https:\/\/schema.org","@graph":[{"@type":"WebPage","@id":"https:\/\/www.normisjon.no\/vebu\/vare-gjester-mariahelg-2025\/","url":"https:\/\/www.normisjon.no\/vebu\/vare-gjester-mariahelg-2025\/","name":"V\u00e5re gjester Mariahelg 2025 - Region VeBu","isPartOf":{"@id":"https:\/\/www.normisjon.no\/vebu\/#website"},"primaryImageOfPage":{"@id":"https:\/\/www.normisjon.no\/vebu\/vare-gjester-mariahelg-2025\/#primaryimage"},"image":{"@id":"https:\/\/www.normisjon.no\/vebu\/vare-gjester-mariahelg-2025\/#primaryimage"},"thumbnailUrl":"https:\/\/www.normisjon.no\/content\/uploads\/sites\/22\/2025\/03\/Eli-Fuglestad.jpeg","datePublished":"2025-03-19T14:44:39+00:00","dateModified":"2025-03-19T15:16:43+00:00","breadcrumb":{"@id":"https:\/\/www.normisjon.no\/vebu\/vare-gjester-mariahelg-2025\/#breadcrumb"},"inLanguage":"nb-NO","potentialAction":[{"@type":"ReadAction","target":["https:\/\/www.normisjon.no\/vebu\/vare-gjester-mariahelg-2025\/"]}]},{"@type":"ImageObject","inLanguage":"nb-NO","@id":"https:\/\/www.normisjon.no\/vebu\/vare-gjester-mariahelg-2025\/#primaryimage","url":"https:\/\/www.normisjon.no\/content\/uploads\/sites\/22\/2025\/03\/Eli-Fuglestad.jpeg","contentUrl":"https:\/\/www.normisjon.no\/content\/uploads\/sites\/22\/2025\/03\/Eli-Fuglestad.jpeg"},{"@type":"BreadcrumbList","@id":"https:\/\/www.normisjon.no\/vebu\/vare-gjester-mariahelg-2025\/#breadcrumb","itemListElement":[{"@type":"ListItem","position":1,"name":"Home","item":"https:\/\/www.normisjon.no\/vebu\/"},{"@type":"ListItem","position":2,"name":"V\u00e5re gjester Mariahelg 2025"}]},{"@type":"WebSite","@id":"https:\/\/www.normisjon.no\/vebu\/#website","url":"https:\/\/www.normisjon.no\/vebu\/","name":"Region VeBu","description":"","potentialAction":[{"@type":"SearchAction","target":{"@type":"EntryPoint","urlTemplate":"https:\/\/www.normisjon.no\/vebu\/?s={search_term_string}"},"query-input":{"@type":"PropertyValueSpecification","valueRequired":true,"valueName":"search_term_string"}}],"inLanguage":"nb-NO"}]}},"_links":{"self":[{"href":"https:\/\/www.normisjon.no\/vebu\/wp-json\/wp\/v2\/pages\/4759","targetHints":{"allow":["GET"]}}],"collection":[{"href":"https:\/\/www.normisjon.no\/vebu\/wp-json\/wp\/v2\/pages"}],"about":[{"href":"https:\/\/www.normisjon.no\/vebu\/wp-json\/wp\/v2\/types\/page"}],"author":[{"embeddable":true,"href":"https:\/\/www.normisjon.no\/vebu\/wp-json\/wp\/v2\/users\/24"}],"replies":[{"embeddable":true,"href":"https:\/\/www.normisjon.no\/vebu\/wp-json\/wp\/v2\/comments?post=4759"}],"version-history":[{"count":3,"href":"https:\/\/www.normisjon.no\/vebu\/wp-json\/wp\/v2\/pages\/4759\/revisions"}],"predecessor-version":[{"id":4775,"href":"https:\/\/www.normisjon.no\/vebu\/wp-json\/wp\/v2\/pages\/4759\/revisions\/4775"}],"wp:attachment":[{"href":"https:\/\/www.normisjon.no\/vebu\/wp-json\/wp\/v2\/media?parent=4759"}],"curies":[{"name":"wp","href":"https:\/\/api.w.org\/{rel}","templated":true}]}}