{"id":4764,"date":"2025-03-19T15:54:54","date_gmt":"2025-03-19T14:54:54","guid":{"rendered":"https:\/\/www.normisjon.no\/vebu\/?page_id=4764"},"modified":"2025-09-17T15:44:04","modified_gmt":"2025-09-17T13:44:04","slug":"praktisk-info-mariahelg-2025","status":"publish","type":"page","link":"https:\/\/www.normisjon.no\/vebu\/praktisk-info-mariahelg-2025\/","title":{"rendered":"Praktisk info Mariahelg 2025"},"content":{"rendered":"<div class=\"entry-content alignfull wp-block-post-content has-global-padding is-layout-constrained wp-block-post-content-is-layout-constrained\">\n<p><a href=\"https:\/\/www.strand-sandefjord.no\/familietur\" target=\"_blank\" rel=\"noreferrer noopener\">Strand leirsted<\/a> ligger vakkert til ved Mefjorden. <br>Her finner du et hovedbygg med forsamlingssal, peisestue og spisesal. Overnatting skjer i fine rom med bad.<br>Du kan f\u00e5 rom alene eller dele med andre.<\/p>\n\n\n\n<p><strong>Priser <\/strong><br>Deltageravgift + overnatting:<\/p>\n\n\n\n<p>Enkeltrom 2.810.-<br>Dobbeltrom: 3.940,- (1.970,- pr pers)<br>Trippelrom: 5.210,- (1.737,- pr pers)<br>Tillegg for senget\u00f8y\/h\u00e5ndkl\u00e6r: 135,-<\/p>\n\n\n\n<p><strong>L\u00f8rdag kl 14 er det tilbud om en organisert aktivitet<\/strong>. Alternativer er: <br><strong>*<\/strong> <strong>Tur i det fri.<\/strong> De som har lyst til \u00e5 g\u00e5 en tur, samles og g\u00e5r felles til Gamlefjell (rett ved Strand) eller et annet sted.<br><strong>*<\/strong> <strong>Kakepynting.<\/strong> Kokk Rebecka gir gode tips til pynting av kake. Hver deltager f\u00e5r en liten kake \u00e5 pr\u00f8ve seg p\u00e5. Kakene serveres senere p\u00e5 dagen.<br><strong>*<\/strong> <strong>En smak av kunst- og uttrykksterapi.<\/strong> En PUST i bakken, med smak av kunst- og uttrykksterapi. I denne workshopen skal vi V\u00c6RE SKAPENDE sammen, med fokus p\u00e5 \u00e5nd, sjel og kropp.Du trenger INGEN forkunnskaper \u2013 det viktigste er at du kommer med et \u00e5pent, nysgjerrig og utforskende blikk.Det er PROSESSEN og ikke produktet som gjelder i det vi skal gj\u00f8re, s\u00e5 prestasjonen skal du f\u00e5 legge til side. Kanskje f\u00e5r du ogs\u00e5 noen verkt\u00f8y som kan v\u00e6re til hjelp i hverdagen. Denne aktiviteten koster Kr 250,-. Har du sp\u00f8rsm\u00e5l til denne aktiviteten, kan du kontakte Gro Bonden Nysveen som skal lede dette, tlf. 970 90 005.<br><strong>*Ingen aktivitet.<\/strong> Du kan ogs\u00e5 velge \u00e5 bare slappe av, g\u00e5 en tur alene eller sitte i peisestua og strikke eller skravle.<\/p>\n\n\n\n<p><strong>P\u00e5meldingsfrist: 3. okt 2025<\/strong><\/p>\n\n\n\n<p>Hvis du gjerne vil v\u00e6re med, men ikke har mulighet til \u00e5 overnatte, koster det kr 1.500,-<\/p>\n\n\n\n<p>Ta kontakt p\u00e5 406 03 097 eller <a href=\"mailto:gunn.marit.selle@normisjon.no\">gunn.marit.selle@normisjon.no<\/a> dersom du har noen sp\u00f8rsm\u00e5l.<\/p>\n<\/div>","protected":false},"excerpt":{"rendered":"<p>Strand leirsted ligger vakkert til ved Mefjorden. Her finner du et hovedbygg med forsamlingssal, peisestue og spisesal. Overnatting skjer i fine rom med bad.Du kan [&hellip;]<\/p>\n","protected":false},"author":24,"featured_media":0,"parent":0,"menu_order":0,"comment_status":"closed","ping_status":"closed","template":"","meta":{"_acf_changed":false,"footnotes":""},"class_list":["post-4764","page","type-page","status-publish","hentry"],"acf":[],"yoast_head":"<!-- This site is optimized with the Yoast SEO plugin v25.9 - https:\/\/yoast.com\/wordpress\/plugins\/seo\/ -->\n<title>Praktisk info Mariahelg 2025 - Region VeBu<\/title>\n<meta name=\"robots\" content=\"index, follow, max-snippet:-1, max-image-preview:large, max-video-preview:-1\" \/>\n<link rel=\"canonical\" href=\"https:\/\/www.normisjon.no\/vebu\/praktisk-info-mariahelg-2025\/\" \/>\n<meta property=\"og:locale\" content=\"nb_NO\" \/>\n<meta property=\"og:type\" content=\"article\" \/>\n<meta property=\"og:title\" content=\"Praktisk info Mariahelg 2025 - Region VeBu\" \/>\n<meta property=\"og:description\" content=\"Strand leirsted ligger vakkert til ved Mefjorden. Her finner du et hovedbygg med forsamlingssal, peisestue og spisesal. Overnatting skjer i fine rom med bad.Du kan [&hellip;]\" \/>\n<meta property=\"og:url\" content=\"https:\/\/www.normisjon.no\/vebu\/praktisk-info-mariahelg-2025\/\" \/>\n<meta property=\"og:site_name\" content=\"Region VeBu\" \/>\n<meta property=\"article:modified_time\" content=\"2025-09-17T13:44:04+00:00\" \/>\n<meta name=\"twitter:card\" content=\"summary_large_image\" \/>\n<meta name=\"twitter:label1\" content=\"Ansl. lesetid\" \/>\n\t<meta name=\"twitter:data1\" content=\"2 minutter\" \/>\n<script type=\"application\/ld+json\" class=\"yoast-schema-graph\">{\"@context\":\"https:\/\/schema.org\",\"@graph\":[{\"@type\":\"WebPage\",\"@id\":\"https:\/\/www.normisjon.no\/vebu\/praktisk-info-mariahelg-2025\/\",\"url\":\"https:\/\/www.normisjon.no\/vebu\/praktisk-info-mariahelg-2025\/\",\"name\":\"Praktisk info Mariahelg 2025 - Region VeBu\",\"isPartOf\":{\"@id\":\"https:\/\/www.normisjon.no\/vebu\/#website\"},\"datePublished\":\"2025-03-19T14:54:54+00:00\",\"dateModified\":\"2025-09-17T13:44:04+00:00\",\"breadcrumb\":{\"@id\":\"https:\/\/www.normisjon.no\/vebu\/praktisk-info-mariahelg-2025\/#breadcrumb\"},\"inLanguage\":\"nb-NO\",\"potentialAction\":[{\"@type\":\"ReadAction\",\"target\":[\"https:\/\/www.normisjon.no\/vebu\/praktisk-info-mariahelg-2025\/\"]}]},{\"@type\":\"BreadcrumbList\",\"@id\":\"https:\/\/www.normisjon.no\/vebu\/praktisk-info-mariahelg-2025\/#breadcrumb\",\"itemListElement\":[{\"@type\":\"ListItem\",\"position\":1,\"name\":\"Home\",\"item\":\"https:\/\/www.normisjon.no\/vebu\/\"},{\"@type\":\"ListItem\",\"position\":2,\"name\":\"Praktisk info Mariahelg 2025\"}]},{\"@type\":\"WebSite\",\"@id\":\"https:\/\/www.normisjon.no\/vebu\/#website\",\"url\":\"https:\/\/www.normisjon.no\/vebu\/\",\"name\":\"Region VeBu\",\"description\":\"\",\"potentialAction\":[{\"@type\":\"SearchAction\",\"target\":{\"@type\":\"EntryPoint\",\"urlTemplate\":\"https:\/\/www.normisjon.no\/vebu\/?s={search_term_string}\"},\"query-input\":{\"@type\":\"PropertyValueSpecification\",\"valueRequired\":true,\"valueName\":\"search_term_string\"}}],\"inLanguage\":\"nb-NO\"}]}<\/script>\n<!-- \/ Yoast SEO plugin. -->","yoast_head_json":{"title":"Praktisk info Mariahelg 2025 - Region VeBu","robots":{"index":"index","follow":"follow","max-snippet":"max-snippet:-1","max-image-preview":"max-image-preview:large","max-video-preview":"max-video-preview:-1"},"canonical":"https:\/\/www.normisjon.no\/vebu\/praktisk-info-mariahelg-2025\/","og_locale":"nb_NO","og_type":"article","og_title":"Praktisk info Mariahelg 2025 - Region VeBu","og_description":"Strand leirsted ligger vakkert til ved Mefjorden. Her finner du et hovedbygg med forsamlingssal, peisestue og spisesal. Overnatting skjer i fine rom med bad.Du kan [&hellip;]","og_url":"https:\/\/www.normisjon.no\/vebu\/praktisk-info-mariahelg-2025\/","og_site_name":"Region VeBu","article_modified_time":"2025-09-17T13:44:04+00:00","twitter_card":"summary_large_image","twitter_misc":{"Ansl. lesetid":"2 minutter"},"schema":{"@context":"https:\/\/schema.org","@graph":[{"@type":"WebPage","@id":"https:\/\/www.normisjon.no\/vebu\/praktisk-info-mariahelg-2025\/","url":"https:\/\/www.normisjon.no\/vebu\/praktisk-info-mariahelg-2025\/","name":"Praktisk info Mariahelg 2025 - Region VeBu","isPartOf":{"@id":"https:\/\/www.normisjon.no\/vebu\/#website"},"datePublished":"2025-03-19T14:54:54+00:00","dateModified":"2025-09-17T13:44:04+00:00","breadcrumb":{"@id":"https:\/\/www.normisjon.no\/vebu\/praktisk-info-mariahelg-2025\/#breadcrumb"},"inLanguage":"nb-NO","potentialAction":[{"@type":"ReadAction","target":["https:\/\/www.normisjon.no\/vebu\/praktisk-info-mariahelg-2025\/"]}]},{"@type":"BreadcrumbList","@id":"https:\/\/www.normisjon.no\/vebu\/praktisk-info-mariahelg-2025\/#breadcrumb","itemListElement":[{"@type":"ListItem","position":1,"name":"Home","item":"https:\/\/www.normisjon.no\/vebu\/"},{"@type":"ListItem","position":2,"name":"Praktisk info Mariahelg 2025"}]},{"@type":"WebSite","@id":"https:\/\/www.normisjon.no\/vebu\/#website","url":"https:\/\/www.normisjon.no\/vebu\/","name":"Region VeBu","description":"","potentialAction":[{"@type":"SearchAction","target":{"@type":"EntryPoint","urlTemplate":"https:\/\/www.normisjon.no\/vebu\/?s={search_term_string}"},"query-input":{"@type":"PropertyValueSpecification","valueRequired":true,"valueName":"search_term_string"}}],"inLanguage":"nb-NO"}]}},"_links":{"self":[{"href":"https:\/\/www.normisjon.no\/vebu\/wp-json\/wp\/v2\/pages\/4764","targetHints":{"allow":["GET"]}}],"collection":[{"href":"https:\/\/www.normisjon.no\/vebu\/wp-json\/wp\/v2\/pages"}],"about":[{"href":"https:\/\/www.normisjon.no\/vebu\/wp-json\/wp\/v2\/types\/page"}],"author":[{"embeddable":true,"href":"https:\/\/www.normisjon.no\/vebu\/wp-json\/wp\/v2\/users\/24"}],"replies":[{"embeddable":true,"href":"https:\/\/www.normisjon.no\/vebu\/wp-json\/wp\/v2\/comments?post=4764"}],"version-history":[{"count":8,"href":"https:\/\/www.normisjon.no\/vebu\/wp-json\/wp\/v2\/pages\/4764\/revisions"}],"predecessor-version":[{"id":5285,"href":"https:\/\/www.normisjon.no\/vebu\/wp-json\/wp\/v2\/pages\/4764\/revisions\/5285"}],"wp:attachment":[{"href":"https:\/\/www.normisjon.no\/vebu\/wp-json\/wp\/v2\/media?parent=4764"}],"curies":[{"name":"wp","href":"https:\/\/api.w.org\/{rel}","templated":true}]}}