{"id":5560,"date":"2026-02-23T14:53:25","date_gmt":"2026-02-23T13:53:25","guid":{"rendered":"https:\/\/www.normisjon.no\/vebu\/?page_id=5560"},"modified":"2026-04-28T14:49:14","modified_gmt":"2026-04-28T12:49:14","slug":"goforit-tur-med-tru-2026","status":"publish","type":"page","link":"https:\/\/www.normisjon.no\/vebu\/goforit-tur-med-tru-2026\/","title":{"rendered":"GOFORIT &#8211; tur med tru 2026"},"content":{"rendered":"<div class=\"entry-content alignfull wp-block-post-content has-global-padding is-layout-constrained wp-block-post-content-is-layout-constrained\">\n<p>Det blir ny GOFORIT-tur i 2026. Denne gangen starter vi to steder: Vr\u00e5dal i Telemark og Vestfossen i Buskerud. Turene m\u00f8tes i B\u00f8 i Telemark og g\u00e5r sammen via Grenland til Krager\u00f8.<\/p>\n\n\n\n<p>Sidene her blir kontinuerlig oppdatert.<\/p>\n<\/div><div id=\"module-0\" class=\"hogan-module hogan-module-grid hogan-module-0\"><div class=\"hogan-module-inner\"><div class=\"hogan-grid hogan-grid-text-center hogan-grid-size-dynamic\">\n\t<div class=\"hogan-grid-inner\">\n\t\t\t\t\t<div class=\"hogan-grid-item hogan-grid-item-size-small hogan-grid-item-type-page savage-has-image savage-has-heading\">\n\t\t\t\t<div class=\"hogan-grid-item-inner\">\n\t\t\t\t\t<div class=\"savage-card-image\">\n\t<div class=\"savage-card-image-inner\">\n\t\t<span class=\"savage-card-image-image\" style=\"background-image: url(https:\/\/www.normisjon.no\/content\/uploads\/sites\/22\/2026\/02\/Ruta-2026-768x842.jpg);\"><\/span>\t<\/div>\n<\/div>\n\t\t<div class=\"savage-card-body\">\n\t\t\t<div class=\"savage-card-body-inner\">\n\t\t\t\t<h2 class=\"savage-card-heading\">Etapper GOFORIT 2026<\/h2>\t\t\t<\/div>\n\t\t<\/div>\n\t\t<a href=\"https:\/\/www.normisjon.no\/vebu\/etapper-goforit-2026\/\" class=\"savage-card-link\"><span class=\"screen-reader-text\">Read article &quot;Etapper GOFORIT 2026&quot;<\/span><\/a>\t\t\t\t<\/div>\n\t\t\t<\/div>\n\t\t\t\t\t\t<div class=\"hogan-grid-item hogan-grid-item-size-small hogan-grid-item-type-page savage-has-image savage-has-heading\">\n\t\t\t\t<div class=\"hogan-grid-item-inner\">\n\t\t\t\t\t<div class=\"savage-card-image\">\n\t<div class=\"savage-card-image-inner\">\n\t\t<span class=\"savage-card-image-image\" style=\"background-image: url(https:\/\/www.normisjon.no\/content\/uploads\/sites\/22\/2025\/06\/Lordag-31.-mai-12-768x576.jpeg);\"><\/span>\t<\/div>\n<\/div>\n\t\t<div class=\"savage-card-body\">\n\t\t\t<div class=\"savage-card-body-inner\">\n\t\t\t\t<h2 class=\"savage-card-heading\">Arrangement under GOFORIT 2026<\/h2>\t\t\t<\/div>\n\t\t<\/div>\n\t\t<a href=\"https:\/\/www.normisjon.no\/vebu\/arrangement-under-goforit-2026\/\" class=\"savage-card-link\"><span class=\"screen-reader-text\">Read article &quot;Arrangement under GOFORIT 2026&quot;<\/span><\/a>\t\t\t\t<\/div>\n\t\t\t<\/div>\n\t\t\t\t\t\t<div class=\"hogan-grid-item hogan-grid-item-size-small hogan-grid-item-type-page savage-has-image savage-has-heading\">\n\t\t\t\t<div class=\"hogan-grid-item-inner\">\n\t\t\t\t\t<div class=\"savage-card-image\">\n\t<div class=\"savage-card-image-inner\">\n\t\t<span class=\"savage-card-image-image\" style=\"background-image: url(https:\/\/www.normisjon.no\/content\/uploads\/sites\/22\/2024\/05\/Praktisk-info-768x545.jpg);\"><\/span>\t<\/div>\n<\/div>\n\t\t<div class=\"savage-card-body\">\n\t\t\t<div class=\"savage-card-body-inner\">\n\t\t\t\t<h2 class=\"savage-card-heading\">Praktisk info GOFORIT 2026<\/h2>\t\t\t<\/div>\n\t\t<\/div>\n\t\t<a href=\"https:\/\/www.normisjon.no\/vebu\/praktisk-info-goforit-2026\/\" class=\"savage-card-link\"><span class=\"screen-reader-text\">Read article &quot;Praktisk info GOFORIT 2026&quot;<\/span><\/a>\t\t\t\t<\/div>\n\t\t\t<\/div>\n\t\t\t\t\t\t<div class=\"hogan-grid-item hogan-grid-item-size-small hogan-grid-item-type-page savage-has-image savage-has-heading\">\n\t\t\t\t<div class=\"hogan-grid-item-inner\">\n\t\t\t\t\t<div class=\"savage-card-image\">\n\t<div class=\"savage-card-image-inner\">\n\t\t<span class=\"savage-card-image-image\" style=\"background-image: url(https:\/\/www.normisjon.no\/content\/uploads\/sites\/22\/2025\/06\/Lordag-7.-juni-20-768x576.jpeg);\"><\/span>\t<\/div>\n<\/div>\n\t\t<div class=\"savage-card-body\">\n\t\t\t<div class=\"savage-card-body-inner\">\n\t\t\t\t<h2 class=\"savage-card-heading\">P\u00e5melding GOFORIT 2026<\/h2>\t\t\t<\/div>\n\t\t<\/div>\n\t\t<a href=\"https:\/\/www.normisjon.no\/vebu\/pamelding-goforit-2026\/\" class=\"savage-card-link\"><span class=\"screen-reader-text\">Read article &quot;P\u00e5melding GOFORIT 2026&quot;<\/span><\/a>\t\t\t\t<\/div>\n\t\t\t<\/div>\n\t\t\t\t\t\t<div class=\"hogan-grid-item hogan-grid-item-size-small hogan-grid-item-type-page savage-has-image savage-has-heading\">\n\t\t\t\t<div class=\"hogan-grid-item-inner\">\n\t\t\t\t\t<div class=\"savage-card-image\">\n\t<div class=\"savage-card-image-inner\">\n\t\t<span class=\"savage-card-image-image\" style=\"background-image: url(https:\/\/www.normisjon.no\/content\/uploads\/sites\/22\/2026\/04\/GOFORIT-BROSJYRE-2026--768x1086.jpg);\"><\/span>\t<\/div>\n<\/div>\n\t\t<div class=\"savage-card-body\">\n\t\t\t<div class=\"savage-card-body-inner\">\n\t\t\t\t<h2 class=\"savage-card-heading\">Brosjyre<\/h2>\t\t\t<\/div>\n\t\t<\/div>\n\t\t<a href=\"https:\/\/www.normisjon.no\/vebu\/brosjyre\/\" class=\"savage-card-link\"><span class=\"screen-reader-text\">Read article &quot;Brosjyre&quot;<\/span><\/a>\t\t\t\t<\/div>\n\t\t\t<\/div>\n\t\t\t\t<\/div>\n<\/div>\n<\/div><\/div>","protected":false},"excerpt":{"rendered":"<p>Det blir ny GOFORIT-tur i 2026. Denne gangen starter vi to steder: Vr\u00e5dal i Telemark og Vestfossen i Buskerud. Turene m\u00f8tes i B\u00f8 i Telemark [&hellip;]<\/p>\n","protected":false},"author":24,"featured_media":5586,"parent":0,"menu_order":0,"comment_status":"closed","ping_status":"closed","template":"","meta":{"_acf_changed":false,"footnotes":""},"class_list":["post-5560","page","type-page","status-publish","has-post-thumbnail","hentry"],"acf":[],"yoast_head":"<!-- This site is optimized with the Yoast SEO plugin v25.9 - https:\/\/yoast.com\/wordpress\/plugins\/seo\/ -->\n<title>GOFORIT - tur med tru 2026 - Region VeBu<\/title>\n<meta name=\"robots\" content=\"index, follow, max-snippet:-1, max-image-preview:large, max-video-preview:-1\" \/>\n<link rel=\"canonical\" href=\"https:\/\/www.normisjon.no\/vebu\/goforit-tur-med-tru-2026\/\" \/>\n<meta property=\"og:locale\" content=\"nb_NO\" \/>\n<meta property=\"og:type\" content=\"article\" \/>\n<meta property=\"og:title\" content=\"GOFORIT - tur med tru 2026 - Region VeBu\" \/>\n<meta property=\"og:description\" content=\"Det blir ny GOFORIT-tur i 2026. Denne gangen starter vi to steder: Vr\u00e5dal i Telemark og Vestfossen i Buskerud. Turene m\u00f8tes i B\u00f8 i Telemark [&hellip;]\" \/>\n<meta property=\"og:url\" content=\"https:\/\/www.normisjon.no\/vebu\/goforit-tur-med-tru-2026\/\" \/>\n<meta property=\"og:site_name\" content=\"Region VeBu\" \/>\n<meta property=\"article:modified_time\" content=\"2026-04-28T12:49:14+00:00\" \/>\n<meta property=\"og:image\" content=\"https:\/\/www.normisjon.no\/content\/uploads\/sites\/22\/2026\/02\/Ruta-2026.jpg\" \/>\n\t<meta property=\"og:image:width\" content=\"1995\" \/>\n\t<meta property=\"og:image:height\" content=\"2186\" \/>\n\t<meta property=\"og:image:type\" content=\"image\/jpeg\" \/>\n<meta name=\"twitter:card\" content=\"summary_large_image\" \/>\n<meta name=\"twitter:label1\" content=\"Ansl. lesetid\" \/>\n\t<meta name=\"twitter:data1\" content=\"1 minutt\" \/>\n<script type=\"application\/ld+json\" class=\"yoast-schema-graph\">{\"@context\":\"https:\/\/schema.org\",\"@graph\":[{\"@type\":\"WebPage\",\"@id\":\"https:\/\/www.normisjon.no\/vebu\/goforit-tur-med-tru-2026\/\",\"url\":\"https:\/\/www.normisjon.no\/vebu\/goforit-tur-med-tru-2026\/\",\"name\":\"GOFORIT - tur med tru 2026 - Region VeBu\",\"isPartOf\":{\"@id\":\"https:\/\/www.normisjon.no\/vebu\/#website\"},\"primaryImageOfPage\":{\"@id\":\"https:\/\/www.normisjon.no\/vebu\/goforit-tur-med-tru-2026\/#primaryimage\"},\"image\":{\"@id\":\"https:\/\/www.normisjon.no\/vebu\/goforit-tur-med-tru-2026\/#primaryimage\"},\"thumbnailUrl\":\"https:\/\/www.normisjon.no\/content\/uploads\/sites\/22\/2026\/02\/Ruta-2026.jpg\",\"datePublished\":\"2026-02-23T13:53:25+00:00\",\"dateModified\":\"2026-04-28T12:49:14+00:00\",\"breadcrumb\":{\"@id\":\"https:\/\/www.normisjon.no\/vebu\/goforit-tur-med-tru-2026\/#breadcrumb\"},\"inLanguage\":\"nb-NO\",\"potentialAction\":[{\"@type\":\"ReadAction\",\"target\":[\"https:\/\/www.normisjon.no\/vebu\/goforit-tur-med-tru-2026\/\"]}]},{\"@type\":\"ImageObject\",\"inLanguage\":\"nb-NO\",\"@id\":\"https:\/\/www.normisjon.no\/vebu\/goforit-tur-med-tru-2026\/#primaryimage\",\"url\":\"https:\/\/www.normisjon.no\/content\/uploads\/sites\/22\/2026\/02\/Ruta-2026.jpg\",\"contentUrl\":\"https:\/\/www.normisjon.no\/content\/uploads\/sites\/22\/2026\/02\/Ruta-2026.jpg\",\"width\":1995,\"height\":2186},{\"@type\":\"BreadcrumbList\",\"@id\":\"https:\/\/www.normisjon.no\/vebu\/goforit-tur-med-tru-2026\/#breadcrumb\",\"itemListElement\":[{\"@type\":\"ListItem\",\"position\":1,\"name\":\"Home\",\"item\":\"https:\/\/www.normisjon.no\/vebu\/\"},{\"@type\":\"ListItem\",\"position\":2,\"name\":\"GOFORIT &#8211; tur med tru 2026\"}]},{\"@type\":\"WebSite\",\"@id\":\"https:\/\/www.normisjon.no\/vebu\/#website\",\"url\":\"https:\/\/www.normisjon.no\/vebu\/\",\"name\":\"Region VeBu\",\"description\":\"\",\"potentialAction\":[{\"@type\":\"SearchAction\",\"target\":{\"@type\":\"EntryPoint\",\"urlTemplate\":\"https:\/\/www.normisjon.no\/vebu\/?s={search_term_string}\"},\"query-input\":{\"@type\":\"PropertyValueSpecification\",\"valueRequired\":true,\"valueName\":\"search_term_string\"}}],\"inLanguage\":\"nb-NO\"}]}<\/script>\n<!-- \/ Yoast SEO plugin. -->","yoast_head_json":{"title":"GOFORIT - tur med tru 2026 - Region VeBu","robots":{"index":"index","follow":"follow","max-snippet":"max-snippet:-1","max-image-preview":"max-image-preview:large","max-video-preview":"max-video-preview:-1"},"canonical":"https:\/\/www.normisjon.no\/vebu\/goforit-tur-med-tru-2026\/","og_locale":"nb_NO","og_type":"article","og_title":"GOFORIT - tur med tru 2026 - Region VeBu","og_description":"Det blir ny GOFORIT-tur i 2026. Denne gangen starter vi to steder: Vr\u00e5dal i Telemark og Vestfossen i Buskerud. Turene m\u00f8tes i B\u00f8 i Telemark [&hellip;]","og_url":"https:\/\/www.normisjon.no\/vebu\/goforit-tur-med-tru-2026\/","og_site_name":"Region VeBu","article_modified_time":"2026-04-28T12:49:14+00:00","og_image":[{"width":1995,"height":2186,"url":"https:\/\/www.normisjon.no\/content\/uploads\/sites\/22\/2026\/02\/Ruta-2026.jpg","type":"image\/jpeg"}],"twitter_card":"summary_large_image","twitter_misc":{"Ansl. lesetid":"1 minutt"},"schema":{"@context":"https:\/\/schema.org","@graph":[{"@type":"WebPage","@id":"https:\/\/www.normisjon.no\/vebu\/goforit-tur-med-tru-2026\/","url":"https:\/\/www.normisjon.no\/vebu\/goforit-tur-med-tru-2026\/","name":"GOFORIT - tur med tru 2026 - Region VeBu","isPartOf":{"@id":"https:\/\/www.normisjon.no\/vebu\/#website"},"primaryImageOfPage":{"@id":"https:\/\/www.normisjon.no\/vebu\/goforit-tur-med-tru-2026\/#primaryimage"},"image":{"@id":"https:\/\/www.normisjon.no\/vebu\/goforit-tur-med-tru-2026\/#primaryimage"},"thumbnailUrl":"https:\/\/www.normisjon.no\/content\/uploads\/sites\/22\/2026\/02\/Ruta-2026.jpg","datePublished":"2026-02-23T13:53:25+00:00","dateModified":"2026-04-28T12:49:14+00:00","breadcrumb":{"@id":"https:\/\/www.normisjon.no\/vebu\/goforit-tur-med-tru-2026\/#breadcrumb"},"inLanguage":"nb-NO","potentialAction":[{"@type":"ReadAction","target":["https:\/\/www.normisjon.no\/vebu\/goforit-tur-med-tru-2026\/"]}]},{"@type":"ImageObject","inLanguage":"nb-NO","@id":"https:\/\/www.normisjon.no\/vebu\/goforit-tur-med-tru-2026\/#primaryimage","url":"https:\/\/www.normisjon.no\/content\/uploads\/sites\/22\/2026\/02\/Ruta-2026.jpg","contentUrl":"https:\/\/www.normisjon.no\/content\/uploads\/sites\/22\/2026\/02\/Ruta-2026.jpg","width":1995,"height":2186},{"@type":"BreadcrumbList","@id":"https:\/\/www.normisjon.no\/vebu\/goforit-tur-med-tru-2026\/#breadcrumb","itemListElement":[{"@type":"ListItem","position":1,"name":"Home","item":"https:\/\/www.normisjon.no\/vebu\/"},{"@type":"ListItem","position":2,"name":"GOFORIT &#8211; tur med tru 2026"}]},{"@type":"WebSite","@id":"https:\/\/www.normisjon.no\/vebu\/#website","url":"https:\/\/www.normisjon.no\/vebu\/","name":"Region VeBu","description":"","potentialAction":[{"@type":"SearchAction","target":{"@type":"EntryPoint","urlTemplate":"https:\/\/www.normisjon.no\/vebu\/?s={search_term_string}"},"query-input":{"@type":"PropertyValueSpecification","valueRequired":true,"valueName":"search_term_string"}}],"inLanguage":"nb-NO"}]}},"_links":{"self":[{"href":"https:\/\/www.normisjon.no\/vebu\/wp-json\/wp\/v2\/pages\/5560","targetHints":{"allow":["GET"]}}],"collection":[{"href":"https:\/\/www.normisjon.no\/vebu\/wp-json\/wp\/v2\/pages"}],"about":[{"href":"https:\/\/www.normisjon.no\/vebu\/wp-json\/wp\/v2\/types\/page"}],"author":[{"embeddable":true,"href":"https:\/\/www.normisjon.no\/vebu\/wp-json\/wp\/v2\/users\/24"}],"replies":[{"embeddable":true,"href":"https:\/\/www.normisjon.no\/vebu\/wp-json\/wp\/v2\/comments?post=5560"}],"version-history":[{"count":9,"href":"https:\/\/www.normisjon.no\/vebu\/wp-json\/wp\/v2\/pages\/5560\/revisions"}],"predecessor-version":[{"id":5734,"href":"https:\/\/www.normisjon.no\/vebu\/wp-json\/wp\/v2\/pages\/5560\/revisions\/5734"}],"wp:featuredmedia":[{"embeddable":true,"href":"https:\/\/www.normisjon.no\/vebu\/wp-json\/wp\/v2\/media\/5586"}],"wp:attachment":[{"href":"https:\/\/www.normisjon.no\/vebu\/wp-json\/wp\/v2\/media?parent=5560"}],"curies":[{"name":"wp","href":"https:\/\/api.w.org\/{rel}","templated":true}]}}