{"id":5563,"date":"2026-02-23T14:48:46","date_gmt":"2026-02-23T13:48:46","guid":{"rendered":"https:\/\/www.normisjon.no\/vebu\/?page_id=5563"},"modified":"2026-04-28T15:46:51","modified_gmt":"2026-04-28T13:46:51","slug":"arrangement-under-goforit-2026","status":"publish","type":"page","link":"https:\/\/www.normisjon.no\/vebu\/arrangement-under-goforit-2026\/","title":{"rendered":"Arrangement under GOFORIT 2026"},"content":{"rendered":"<div class=\"entry-content alignfull wp-block-post-content has-global-padding is-layout-constrained wp-block-post-content-is-layout-constrained\">\n<p>Det vil bli arrangement hver dag p\u00e5 turen. <br>De aller fleste arrangement er \u00e5pne for alle, noen krever p\u00e5melding.<br>Informasjon legges her etterhvert som ting faller p\u00e5 plass. <br>Vi starter to steder, merket 1 (oppstart Vestfossen) og 2 (oppstart Vr\u00e5dal), s\u00e5 de f\u00f8rste 4 dagene, er det dobbelt med arrangement.<\/p>\n\n\n\n<figure class=\"wp-block-table\"><table><tbody><tr><td><strong>Dag\/dato<\/strong><\/td><td><strong>Kl.<\/strong><\/td><td><strong>Sted<\/strong><\/td><td><strong>Arrangement<\/strong><\/td><\/tr><tr><td><em><strong>Fredag 29. mai<\/strong> <strong>1<\/strong><\/em><\/td><td><em>10.00<\/em><\/td><td><em>Vestfossen kulturkirke<\/em><\/td><td><em>Kick off GOFORIT 2026 1.<\/em><\/td><\/tr><tr><td><\/td><td><em>18.00<\/em><\/td><td><em>Norkirken Kongsberg<\/em><\/td><td><em>Foredrag om Gustava Kielland m.m.<\/em><\/td><\/tr><tr><td><\/td><td><em>19.00<\/em><\/td><td><em>Betania Kongsberg<\/em><\/td><td><em>Ungdomsm\u00f8te<\/em><\/td><\/tr><tr><td><strong>Fredag 29. mai<\/strong> <strong>2<\/strong><\/td><td>12.00<\/td><td>Vr\u00e5dal, Kviteseidvegen 1643<\/td><td>Kick off GOFORIT 2026 2.<br>Herdis J\u00f8rgensen forteller fra vekkelsen i Vr\u00e5dal.<\/td><\/tr><tr><td><\/td><td>14.00<\/td><td>Kviteseid gamle kyrkje<\/td><td>Ord p\u00e5 veien,<br>andakt ved \u00d8yvind J\u00f8rgensen<\/td><\/tr><tr><td><\/td><td>18.00<\/td><td>Kviteseid Misjonshus<\/td><td>Quizkveld<\/td><\/tr><tr><td><em><strong>L\u00f8rdag 30. mai<\/strong> <strong>1<\/strong><\/em><\/td><td><em>10.00<\/em><\/td><td><em>Kongsberg kirke<\/em><\/td><td><em>Gudstjeneste m\/nattverd<\/em><\/td><\/tr><tr><td><\/td><td><em>14.00<\/em><\/td><td><em>S\u00f8lvgruvene<\/em><\/td><td><em>Guidet omvisning<\/em>, <em><a href=\"https:\/\/www.normisjon.no\/vebu\/pamelding-enkeltarrangement-goforit-2026\/\" target=\"_blank\" rel=\"noreferrer noopener\">p\u00e5melding<\/a> for de som ikke er p\u00e5meldt g\u00e5etappen.<\/em><\/td><\/tr><tr><td>&nbsp;<strong>L\u00f8rdag 30. mai<\/strong> <strong>2<\/strong><\/td><td>10.00<\/td><td>Kviteseid misjonshus<\/td><td>Morgensamling og avgang<\/td><\/tr><tr><td><\/td><td>18.00<\/td><td>Seljord Misjonshus<\/td><td>Kultur og misjon. Kjetil Bergheim, Reidun \u00d8verland og Ragnar Haugst\u00f8l deltar med felespill, historieframf\u00f8ring og kveding.<\/td><\/tr><tr><td><em><strong>S\u00f8ndag 31. mai<\/strong> <strong>1<\/strong><\/em><\/td><td><em>10.00<\/em><\/td><td><em>Notodden bedehus<\/em><\/td><td><em>Morgensamling og avgang<\/em><\/td><\/tr><tr><td><\/td><td><em>11.00<\/em><\/td><td><em>Notodden Misjonskirke<\/em><\/td><td><em>Gudstjeneste <\/em><\/td><\/tr><tr><td><\/td><td><em>18.00<\/em><\/td><td><em>Notodden Normisjon<\/em><\/td><td><em>M\u00f8te<\/em><\/td><\/tr><tr><td><strong>S\u00f8ndag 31. mai<\/strong> <strong>2<\/strong><\/td><td>09.00<\/td><td>Seljord misjonshus<\/td><td>Morgensamling og avgang<\/td><\/tr><tr><td><\/td><td>12.00<\/td><td>Nes (Garvikstrondi 650)<\/td><td>Gudstjeneste sammen med Seljord kyrkje<\/td><\/tr><tr><td><em><strong>Mandag 1. juni<\/strong> <strong>1<\/strong><\/em><\/td><td><em>10.00<\/em><\/td><td><em>Vatnarvegen<\/em><\/td><td><em>Morgensamling og avgang<\/em><\/td><\/tr><tr><td>&nbsp;<strong>Mandag 1. juni<\/strong> <strong>2<\/strong><\/td><td>10.00<\/td><td>Sanda camping<\/td><td>Morgensamling og avgang<\/td><\/tr><tr><td><\/td><td>18:00<\/td><td>B\u00f8 bedehus<\/td><td>Misjonsbingo og p\u00f8lsefest med miniforedrag.<\/td><\/tr><tr><td>&nbsp;<strong>Tirsdag 2. juni<\/strong><\/td><td>7.00<\/td><td>B\u00f8 bedehus<\/td><td>Morgensamling og avgang. Det vil v\u00e6re mulig \u00e5 koble seg p\u00e5 turen ved Nordheimtj\u00f8nn badeplass kl. 9.30.<\/td><\/tr><tr><td><\/td><td>11.30<\/td><td>Lunde sluse<\/td><td>Utstilling av h\u00e5ndverk, orientering om Lunde sluse og Lunde kraftverk i Sluseparken<\/td><\/tr><tr><td><\/td><td>13.20<\/td><td>Lunde sluse, <br><a href=\"https:\/\/www.telemarkskanalen.no\/om-kanalen\">Telemarkskanalen<\/a><\/td><td>Avgang med kanalb\u00e5ten Henrik Ibsen. Oppm\u00f8te senest 12.50.<br><a href=\"https:\/\/www.normisjon.no\/vebu\/pamelding-goforit-2026\/\">P\u00e5melding<\/a><\/td><\/tr><tr><td><\/td><td>17.30<\/td><td>Skien<\/td><td>Ankomst og avgang til Hauges Minde for middag.<\/td><\/tr><tr><td><\/td><td>18.00<\/td><td>Hauges Minde, Lundegata 15, Skien<\/td><td>Felles middag, kr 150. <a href=\"https:\/\/www.normisjon.no\/vebu\/pamelding-enkeltarrangement-goforit-2026\/\">P\u00e5melding.<\/a> <\/td><\/tr><tr><td><\/td><td>19.00<\/td><td>Skien Misjonskirke<\/td><td>Talkshow om misjon<\/td><\/tr><tr><td><strong>Onsdag 3. juni<\/strong><\/td><td>9.30<\/td><td>Hauges Minde<\/td><td>Morgensamling og avgang<\/td><\/tr><tr><td><\/td><td>10.00<\/td><td>Skien Handelstorg<\/td><td>Guidet Ibsentur til Brekkeparken, <a href=\"https:\/\/www.normisjon.no\/vebu\/pamelding-enkeltarrangement-goforit-2026\/\">p\u00e5melding<\/a> for de som ikke er p\u00e5meldt g\u00e5etappen.<\/td><\/tr><tr><td><\/td><td>11.00<\/td><td><a href=\"https:\/\/www.telemarkmuseum.no\/brekkeparken\/om-brekkeparken\/\" target=\"_blank\" rel=\"noreferrer noopener\">Brekkeparken<\/a><\/td><td>Foredrag: LitteraTur, <a href=\"https:\/\/www.normisjon.no\/vebu\/pamelding-enkeltarrangement-goforit-2026\/\">p\u00e5melding<\/a> for de som ikke er p\u00e5meldt g\u00e5etappen.<\/td><\/tr><tr><td><\/td><td>18.30<\/td><td>Du verden sj\u00f8fartsmuseum og vitensenter<\/td><td>Foredrag. &laquo;Cappelen &#8211; skulle bli misjon\u00e6r, startet i stedet forlag.&raquo;<\/td><\/tr><tr><td><strong>Torsdag 4. juni<\/strong><\/td><td>10.00<\/td><td>Porsgrunn<\/td><td>Morgensamling og avgang<\/td><\/tr><tr><td><\/td><td>19.00<\/td><td>Langesund kirke<\/td><td>Misjonskveld<\/td><\/tr><tr><td><strong>Fredag 5. juni<\/strong><\/td><td>10.00<\/td><td>Langesund Bad<\/td><td>Morgensamling og avgang<\/td><\/tr><tr><td><\/td><td>12.00<\/td><td>Bamble kirke<\/td><td>Rast for kropp og sjel<\/td><\/tr><tr><td><\/td><td>18.00<\/td><td>Feset bedehus<\/td><td>Quizkveld<\/td><\/tr><tr><td><strong>L\u00f8rdag 6. juni<\/strong><\/td><td>10.00<\/td><td>Feset bedehus<\/td><td>Morgensamling og avgang<\/td><\/tr><tr><td><\/td><td>19.00<\/td><td> Hellekirken<\/td><td>Konsert med Jan-Tore Saltnes<\/td><\/tr><tr><td><strong>S\u00f8ndag 7. juni<\/strong><\/td><td>11.00<\/td><td>Hellekirken<\/td><td>Morgensamling og avgang<\/td><\/tr><tr><td><\/td><td>12.00<\/td><td>Granholthagen, Gamle Krager\u00f8vei 81. <\/td><td>Nistelunsj og hagevandring<\/td><\/tr><tr><td>&nbsp;<\/td><td>13.00<\/td><td>Granholthagen, Gamle Krager\u00f8vei 81.<\/td><td>Avgang Sjarm\u00f8retappen<\/td><\/tr><tr><td><\/td><td>15.00<\/td><td>Krager\u00f8 kirke<\/td><td>Avslutningsm\u00f8te<\/td><\/tr><\/tbody><\/table><\/figure>\n<\/div>","protected":false},"excerpt":{"rendered":"<p>Det vil bli arrangement hver dag p\u00e5 turen. De aller fleste arrangement er \u00e5pne for alle, noen krever p\u00e5melding.Informasjon legges her etterhvert som ting faller [&hellip;]<\/p>\n","protected":false},"author":24,"featured_media":5099,"parent":0,"menu_order":0,"comment_status":"closed","ping_status":"closed","template":"","meta":{"_acf_changed":false,"footnotes":""},"class_list":["post-5563","page","type-page","status-publish","has-post-thumbnail","hentry"],"acf":[],"yoast_head":"<!-- This site is optimized with the Yoast SEO plugin v25.9 - https:\/\/yoast.com\/wordpress\/plugins\/seo\/ -->\n<title>Arrangement under GOFORIT 2026 - Region VeBu<\/title>\n<meta name=\"robots\" content=\"index, follow, max-snippet:-1, max-image-preview:large, max-video-preview:-1\" \/>\n<link rel=\"canonical\" href=\"https:\/\/www.normisjon.no\/vebu\/arrangement-under-goforit-2026\/\" \/>\n<meta property=\"og:locale\" content=\"nb_NO\" \/>\n<meta property=\"og:type\" content=\"article\" \/>\n<meta property=\"og:title\" content=\"Arrangement under GOFORIT 2026 - Region VeBu\" \/>\n<meta property=\"og:description\" content=\"Det vil bli arrangement hver dag p\u00e5 turen. De aller fleste arrangement er \u00e5pne for alle, noen krever p\u00e5melding.Informasjon legges her etterhvert som ting faller [&hellip;]\" \/>\n<meta property=\"og:url\" content=\"https:\/\/www.normisjon.no\/vebu\/arrangement-under-goforit-2026\/\" \/>\n<meta property=\"og:site_name\" content=\"Region VeBu\" \/>\n<meta property=\"article:modified_time\" content=\"2026-04-28T13:46:51+00:00\" \/>\n<meta property=\"og:image\" content=\"https:\/\/www.normisjon.no\/content\/uploads\/sites\/22\/2025\/06\/Lordag-31.-mai-12-scaled.jpeg\" \/>\n\t<meta property=\"og:image:width\" content=\"2560\" \/>\n\t<meta property=\"og:image:height\" content=\"1920\" \/>\n\t<meta property=\"og:image:type\" content=\"image\/jpeg\" \/>\n<meta name=\"twitter:card\" content=\"summary_large_image\" \/>\n<meta name=\"twitter:label1\" content=\"Ansl. lesetid\" \/>\n\t<meta name=\"twitter:data1\" content=\"3 minutter\" \/>\n<script type=\"application\/ld+json\" class=\"yoast-schema-graph\">{\"@context\":\"https:\/\/schema.org\",\"@graph\":[{\"@type\":\"WebPage\",\"@id\":\"https:\/\/www.normisjon.no\/vebu\/arrangement-under-goforit-2026\/\",\"url\":\"https:\/\/www.normisjon.no\/vebu\/arrangement-under-goforit-2026\/\",\"name\":\"Arrangement under GOFORIT 2026 - Region VeBu\",\"isPartOf\":{\"@id\":\"https:\/\/www.normisjon.no\/vebu\/#website\"},\"primaryImageOfPage\":{\"@id\":\"https:\/\/www.normisjon.no\/vebu\/arrangement-under-goforit-2026\/#primaryimage\"},\"image\":{\"@id\":\"https:\/\/www.normisjon.no\/vebu\/arrangement-under-goforit-2026\/#primaryimage\"},\"thumbnailUrl\":\"https:\/\/www.normisjon.no\/content\/uploads\/sites\/22\/2025\/06\/Lordag-31.-mai-12-scaled.jpeg\",\"datePublished\":\"2026-02-23T13:48:46+00:00\",\"dateModified\":\"2026-04-28T13:46:51+00:00\",\"breadcrumb\":{\"@id\":\"https:\/\/www.normisjon.no\/vebu\/arrangement-under-goforit-2026\/#breadcrumb\"},\"inLanguage\":\"nb-NO\",\"potentialAction\":[{\"@type\":\"ReadAction\",\"target\":[\"https:\/\/www.normisjon.no\/vebu\/arrangement-under-goforit-2026\/\"]}]},{\"@type\":\"ImageObject\",\"inLanguage\":\"nb-NO\",\"@id\":\"https:\/\/www.normisjon.no\/vebu\/arrangement-under-goforit-2026\/#primaryimage\",\"url\":\"https:\/\/www.normisjon.no\/content\/uploads\/sites\/22\/2025\/06\/Lordag-31.-mai-12-scaled.jpeg\",\"contentUrl\":\"https:\/\/www.normisjon.no\/content\/uploads\/sites\/22\/2025\/06\/Lordag-31.-mai-12-scaled.jpeg\",\"width\":2560,\"height\":1920},{\"@type\":\"BreadcrumbList\",\"@id\":\"https:\/\/www.normisjon.no\/vebu\/arrangement-under-goforit-2026\/#breadcrumb\",\"itemListElement\":[{\"@type\":\"ListItem\",\"position\":1,\"name\":\"Home\",\"item\":\"https:\/\/www.normisjon.no\/vebu\/\"},{\"@type\":\"ListItem\",\"position\":2,\"name\":\"Arrangement under GOFORIT 2026\"}]},{\"@type\":\"WebSite\",\"@id\":\"https:\/\/www.normisjon.no\/vebu\/#website\",\"url\":\"https:\/\/www.normisjon.no\/vebu\/\",\"name\":\"Region VeBu\",\"description\":\"\",\"potentialAction\":[{\"@type\":\"SearchAction\",\"target\":{\"@type\":\"EntryPoint\",\"urlTemplate\":\"https:\/\/www.normisjon.no\/vebu\/?s={search_term_string}\"},\"query-input\":{\"@type\":\"PropertyValueSpecification\",\"valueRequired\":true,\"valueName\":\"search_term_string\"}}],\"inLanguage\":\"nb-NO\"}]}<\/script>\n<!-- \/ Yoast SEO plugin. -->","yoast_head_json":{"title":"Arrangement under GOFORIT 2026 - Region VeBu","robots":{"index":"index","follow":"follow","max-snippet":"max-snippet:-1","max-image-preview":"max-image-preview:large","max-video-preview":"max-video-preview:-1"},"canonical":"https:\/\/www.normisjon.no\/vebu\/arrangement-under-goforit-2026\/","og_locale":"nb_NO","og_type":"article","og_title":"Arrangement under GOFORIT 2026 - Region VeBu","og_description":"Det vil bli arrangement hver dag p\u00e5 turen. De aller fleste arrangement er \u00e5pne for alle, noen krever p\u00e5melding.Informasjon legges her etterhvert som ting faller [&hellip;]","og_url":"https:\/\/www.normisjon.no\/vebu\/arrangement-under-goforit-2026\/","og_site_name":"Region VeBu","article_modified_time":"2026-04-28T13:46:51+00:00","og_image":[{"width":2560,"height":1920,"url":"https:\/\/www.normisjon.no\/content\/uploads\/sites\/22\/2025\/06\/Lordag-31.-mai-12-scaled.jpeg","type":"image\/jpeg"}],"twitter_card":"summary_large_image","twitter_misc":{"Ansl. lesetid":"3 minutter"},"schema":{"@context":"https:\/\/schema.org","@graph":[{"@type":"WebPage","@id":"https:\/\/www.normisjon.no\/vebu\/arrangement-under-goforit-2026\/","url":"https:\/\/www.normisjon.no\/vebu\/arrangement-under-goforit-2026\/","name":"Arrangement under GOFORIT 2026 - Region VeBu","isPartOf":{"@id":"https:\/\/www.normisjon.no\/vebu\/#website"},"primaryImageOfPage":{"@id":"https:\/\/www.normisjon.no\/vebu\/arrangement-under-goforit-2026\/#primaryimage"},"image":{"@id":"https:\/\/www.normisjon.no\/vebu\/arrangement-under-goforit-2026\/#primaryimage"},"thumbnailUrl":"https:\/\/www.normisjon.no\/content\/uploads\/sites\/22\/2025\/06\/Lordag-31.-mai-12-scaled.jpeg","datePublished":"2026-02-23T13:48:46+00:00","dateModified":"2026-04-28T13:46:51+00:00","breadcrumb":{"@id":"https:\/\/www.normisjon.no\/vebu\/arrangement-under-goforit-2026\/#breadcrumb"},"inLanguage":"nb-NO","potentialAction":[{"@type":"ReadAction","target":["https:\/\/www.normisjon.no\/vebu\/arrangement-under-goforit-2026\/"]}]},{"@type":"ImageObject","inLanguage":"nb-NO","@id":"https:\/\/www.normisjon.no\/vebu\/arrangement-under-goforit-2026\/#primaryimage","url":"https:\/\/www.normisjon.no\/content\/uploads\/sites\/22\/2025\/06\/Lordag-31.-mai-12-scaled.jpeg","contentUrl":"https:\/\/www.normisjon.no\/content\/uploads\/sites\/22\/2025\/06\/Lordag-31.-mai-12-scaled.jpeg","width":2560,"height":1920},{"@type":"BreadcrumbList","@id":"https:\/\/www.normisjon.no\/vebu\/arrangement-under-goforit-2026\/#breadcrumb","itemListElement":[{"@type":"ListItem","position":1,"name":"Home","item":"https:\/\/www.normisjon.no\/vebu\/"},{"@type":"ListItem","position":2,"name":"Arrangement under GOFORIT 2026"}]},{"@type":"WebSite","@id":"https:\/\/www.normisjon.no\/vebu\/#website","url":"https:\/\/www.normisjon.no\/vebu\/","name":"Region VeBu","description":"","potentialAction":[{"@type":"SearchAction","target":{"@type":"EntryPoint","urlTemplate":"https:\/\/www.normisjon.no\/vebu\/?s={search_term_string}"},"query-input":{"@type":"PropertyValueSpecification","valueRequired":true,"valueName":"search_term_string"}}],"inLanguage":"nb-NO"}]}},"_links":{"self":[{"href":"https:\/\/www.normisjon.no\/vebu\/wp-json\/wp\/v2\/pages\/5563","targetHints":{"allow":["GET"]}}],"collection":[{"href":"https:\/\/www.normisjon.no\/vebu\/wp-json\/wp\/v2\/pages"}],"about":[{"href":"https:\/\/www.normisjon.no\/vebu\/wp-json\/wp\/v2\/types\/page"}],"author":[{"embeddable":true,"href":"https:\/\/www.normisjon.no\/vebu\/wp-json\/wp\/v2\/users\/24"}],"replies":[{"embeddable":true,"href":"https:\/\/www.normisjon.no\/vebu\/wp-json\/wp\/v2\/comments?post=5563"}],"version-history":[{"count":15,"href":"https:\/\/www.normisjon.no\/vebu\/wp-json\/wp\/v2\/pages\/5563\/revisions"}],"predecessor-version":[{"id":5768,"href":"https:\/\/www.normisjon.no\/vebu\/wp-json\/wp\/v2\/pages\/5563\/revisions\/5768"}],"wp:featuredmedia":[{"embeddable":true,"href":"https:\/\/www.normisjon.no\/vebu\/wp-json\/wp\/v2\/media\/5099"}],"wp:attachment":[{"href":"https:\/\/www.normisjon.no\/vebu\/wp-json\/wp\/v2\/media?parent=5563"}],"curies":[{"name":"wp","href":"https:\/\/api.w.org\/{rel}","templated":true}]}}