{"id":5565,"date":"2026-02-23T14:41:49","date_gmt":"2026-02-23T13:41:49","guid":{"rendered":"https:\/\/www.normisjon.no\/vebu\/?page_id=5565"},"modified":"2026-04-27T11:04:18","modified_gmt":"2026-04-27T09:04:18","slug":"pamelding-goforit-2026","status":"publish","type":"page","link":"https:\/\/www.normisjon.no\/vebu\/pamelding-goforit-2026\/","title":{"rendered":"P\u00e5melding GOFORIT 2026"},"content":{"rendered":"<div class=\"entry-content alignfull wp-block-post-content has-global-padding is-layout-constrained wp-block-post-content-is-layout-constrained\">\n<p>Det koster 250 kr \u00e5 melde seg p\u00e5 turen uavhengig av hvor mange etapper du er med p\u00e5. <\/p>\n\n\n\n<p>Vi har 30 plasser p\u00e5 turen fra Lunde til Skien med Telemarkskanalen. Turen koster 700 kr og det er f\u00f8rstemann til m\u00f8lla. Vi har ogs\u00e5 reservert 10 bussbilletter fra Skien til Lunde som korresponderer med b\u00e5ten til Skien. Dette koster 365 kr i tillegg til b\u00e5tbilletten. Det er mulig \u00e5 bare v\u00e6re med p\u00e5 b\u00e5tturen.<\/p>\n\n\n\n<p>P\u00e5melding til enkeltarrangement <a href=\"https:\/\/www.normisjon.no\/vebu\/pamelding-enkeltarrangement-goforit-2026\/\" target=\"_blank\" rel=\"noreferrer noopener\">her.<\/a><\/p>\n<\/div><div id=\"module-0\" class=\"hogan-module hogan-module-text hogan-module-0\"><div class=\"hogan-module-inner\"><div id=\"checkin_registration\"><\/div>\n<p><script src=\"https:\/\/registration.checkin.no\/registration.loader.js\" data-event-id=\"218669\" async><\/script><\/p><\/div><\/div>","protected":false},"excerpt":{"rendered":"<p>Det koster 250 kr \u00e5 melde seg p\u00e5 turen uavhengig av hvor mange etapper du er med p\u00e5. Vi har 30 plasser p\u00e5 turen fra [&hellip;]<\/p>\n","protected":false},"author":24,"featured_media":5184,"parent":0,"menu_order":0,"comment_status":"closed","ping_status":"closed","template":"","meta":{"_acf_changed":false,"footnotes":""},"class_list":["post-5565","page","type-page","status-publish","has-post-thumbnail","hentry"],"acf":[],"yoast_head":"<!-- This site is optimized with the Yoast SEO plugin v25.9 - https:\/\/yoast.com\/wordpress\/plugins\/seo\/ -->\n<title>P\u00e5melding GOFORIT 2026 - Region VeBu<\/title>\n<meta name=\"robots\" content=\"index, follow, max-snippet:-1, max-image-preview:large, max-video-preview:-1\" \/>\n<link rel=\"canonical\" href=\"https:\/\/www.normisjon.no\/vebu\/pamelding-goforit-2026\/\" \/>\n<meta property=\"og:locale\" content=\"nb_NO\" \/>\n<meta property=\"og:type\" content=\"article\" \/>\n<meta property=\"og:title\" content=\"P\u00e5melding GOFORIT 2026 - Region VeBu\" \/>\n<meta property=\"og:description\" content=\"Det koster 250 kr \u00e5 melde seg p\u00e5 turen uavhengig av hvor mange etapper du er med p\u00e5. Vi har 30 plasser p\u00e5 turen fra [&hellip;]\" \/>\n<meta property=\"og:url\" content=\"https:\/\/www.normisjon.no\/vebu\/pamelding-goforit-2026\/\" \/>\n<meta property=\"og:site_name\" content=\"Region VeBu\" \/>\n<meta property=\"article:modified_time\" content=\"2026-04-27T09:04:18+00:00\" \/>\n<meta property=\"og:image\" content=\"https:\/\/www.normisjon.no\/content\/uploads\/sites\/22\/2025\/06\/Lordag-7.-juni-20-scaled.jpeg\" \/>\n\t<meta property=\"og:image:width\" content=\"2560\" \/>\n\t<meta property=\"og:image:height\" content=\"1920\" \/>\n\t<meta property=\"og:image:type\" content=\"image\/jpeg\" \/>\n<meta name=\"twitter:card\" content=\"summary_large_image\" \/>\n<meta name=\"twitter:label1\" content=\"Ansl. lesetid\" \/>\n\t<meta name=\"twitter:data1\" content=\"1 minutt\" \/>\n<script type=\"application\/ld+json\" class=\"yoast-schema-graph\">{\"@context\":\"https:\/\/schema.org\",\"@graph\":[{\"@type\":\"WebPage\",\"@id\":\"https:\/\/www.normisjon.no\/vebu\/pamelding-goforit-2026\/\",\"url\":\"https:\/\/www.normisjon.no\/vebu\/pamelding-goforit-2026\/\",\"name\":\"P\u00e5melding GOFORIT 2026 - Region VeBu\",\"isPartOf\":{\"@id\":\"https:\/\/www.normisjon.no\/vebu\/#website\"},\"primaryImageOfPage\":{\"@id\":\"https:\/\/www.normisjon.no\/vebu\/pamelding-goforit-2026\/#primaryimage\"},\"image\":{\"@id\":\"https:\/\/www.normisjon.no\/vebu\/pamelding-goforit-2026\/#primaryimage\"},\"thumbnailUrl\":\"https:\/\/www.normisjon.no\/content\/uploads\/sites\/22\/2025\/06\/Lordag-7.-juni-20-scaled.jpeg\",\"datePublished\":\"2026-02-23T13:41:49+00:00\",\"dateModified\":\"2026-04-27T09:04:18+00:00\",\"breadcrumb\":{\"@id\":\"https:\/\/www.normisjon.no\/vebu\/pamelding-goforit-2026\/#breadcrumb\"},\"inLanguage\":\"nb-NO\",\"potentialAction\":[{\"@type\":\"ReadAction\",\"target\":[\"https:\/\/www.normisjon.no\/vebu\/pamelding-goforit-2026\/\"]}]},{\"@type\":\"ImageObject\",\"inLanguage\":\"nb-NO\",\"@id\":\"https:\/\/www.normisjon.no\/vebu\/pamelding-goforit-2026\/#primaryimage\",\"url\":\"https:\/\/www.normisjon.no\/content\/uploads\/sites\/22\/2025\/06\/Lordag-7.-juni-20-scaled.jpeg\",\"contentUrl\":\"https:\/\/www.normisjon.no\/content\/uploads\/sites\/22\/2025\/06\/Lordag-7.-juni-20-scaled.jpeg\",\"width\":2560,\"height\":1920},{\"@type\":\"BreadcrumbList\",\"@id\":\"https:\/\/www.normisjon.no\/vebu\/pamelding-goforit-2026\/#breadcrumb\",\"itemListElement\":[{\"@type\":\"ListItem\",\"position\":1,\"name\":\"Home\",\"item\":\"https:\/\/www.normisjon.no\/vebu\/\"},{\"@type\":\"ListItem\",\"position\":2,\"name\":\"P\u00e5melding GOFORIT 2026\"}]},{\"@type\":\"WebSite\",\"@id\":\"https:\/\/www.normisjon.no\/vebu\/#website\",\"url\":\"https:\/\/www.normisjon.no\/vebu\/\",\"name\":\"Region VeBu\",\"description\":\"\",\"potentialAction\":[{\"@type\":\"SearchAction\",\"target\":{\"@type\":\"EntryPoint\",\"urlTemplate\":\"https:\/\/www.normisjon.no\/vebu\/?s={search_term_string}\"},\"query-input\":{\"@type\":\"PropertyValueSpecification\",\"valueRequired\":true,\"valueName\":\"search_term_string\"}}],\"inLanguage\":\"nb-NO\"}]}<\/script>\n<!-- \/ Yoast SEO plugin. -->","yoast_head_json":{"title":"P\u00e5melding GOFORIT 2026 - Region VeBu","robots":{"index":"index","follow":"follow","max-snippet":"max-snippet:-1","max-image-preview":"max-image-preview:large","max-video-preview":"max-video-preview:-1"},"canonical":"https:\/\/www.normisjon.no\/vebu\/pamelding-goforit-2026\/","og_locale":"nb_NO","og_type":"article","og_title":"P\u00e5melding GOFORIT 2026 - Region VeBu","og_description":"Det koster 250 kr \u00e5 melde seg p\u00e5 turen uavhengig av hvor mange etapper du er med p\u00e5. Vi har 30 plasser p\u00e5 turen fra [&hellip;]","og_url":"https:\/\/www.normisjon.no\/vebu\/pamelding-goforit-2026\/","og_site_name":"Region VeBu","article_modified_time":"2026-04-27T09:04:18+00:00","og_image":[{"width":2560,"height":1920,"url":"https:\/\/www.normisjon.no\/content\/uploads\/sites\/22\/2025\/06\/Lordag-7.-juni-20-scaled.jpeg","type":"image\/jpeg"}],"twitter_card":"summary_large_image","twitter_misc":{"Ansl. lesetid":"1 minutt"},"schema":{"@context":"https:\/\/schema.org","@graph":[{"@type":"WebPage","@id":"https:\/\/www.normisjon.no\/vebu\/pamelding-goforit-2026\/","url":"https:\/\/www.normisjon.no\/vebu\/pamelding-goforit-2026\/","name":"P\u00e5melding GOFORIT 2026 - Region VeBu","isPartOf":{"@id":"https:\/\/www.normisjon.no\/vebu\/#website"},"primaryImageOfPage":{"@id":"https:\/\/www.normisjon.no\/vebu\/pamelding-goforit-2026\/#primaryimage"},"image":{"@id":"https:\/\/www.normisjon.no\/vebu\/pamelding-goforit-2026\/#primaryimage"},"thumbnailUrl":"https:\/\/www.normisjon.no\/content\/uploads\/sites\/22\/2025\/06\/Lordag-7.-juni-20-scaled.jpeg","datePublished":"2026-02-23T13:41:49+00:00","dateModified":"2026-04-27T09:04:18+00:00","breadcrumb":{"@id":"https:\/\/www.normisjon.no\/vebu\/pamelding-goforit-2026\/#breadcrumb"},"inLanguage":"nb-NO","potentialAction":[{"@type":"ReadAction","target":["https:\/\/www.normisjon.no\/vebu\/pamelding-goforit-2026\/"]}]},{"@type":"ImageObject","inLanguage":"nb-NO","@id":"https:\/\/www.normisjon.no\/vebu\/pamelding-goforit-2026\/#primaryimage","url":"https:\/\/www.normisjon.no\/content\/uploads\/sites\/22\/2025\/06\/Lordag-7.-juni-20-scaled.jpeg","contentUrl":"https:\/\/www.normisjon.no\/content\/uploads\/sites\/22\/2025\/06\/Lordag-7.-juni-20-scaled.jpeg","width":2560,"height":1920},{"@type":"BreadcrumbList","@id":"https:\/\/www.normisjon.no\/vebu\/pamelding-goforit-2026\/#breadcrumb","itemListElement":[{"@type":"ListItem","position":1,"name":"Home","item":"https:\/\/www.normisjon.no\/vebu\/"},{"@type":"ListItem","position":2,"name":"P\u00e5melding GOFORIT 2026"}]},{"@type":"WebSite","@id":"https:\/\/www.normisjon.no\/vebu\/#website","url":"https:\/\/www.normisjon.no\/vebu\/","name":"Region VeBu","description":"","potentialAction":[{"@type":"SearchAction","target":{"@type":"EntryPoint","urlTemplate":"https:\/\/www.normisjon.no\/vebu\/?s={search_term_string}"},"query-input":{"@type":"PropertyValueSpecification","valueRequired":true,"valueName":"search_term_string"}}],"inLanguage":"nb-NO"}]}},"_links":{"self":[{"href":"https:\/\/www.normisjon.no\/vebu\/wp-json\/wp\/v2\/pages\/5565","targetHints":{"allow":["GET"]}}],"collection":[{"href":"https:\/\/www.normisjon.no\/vebu\/wp-json\/wp\/v2\/pages"}],"about":[{"href":"https:\/\/www.normisjon.no\/vebu\/wp-json\/wp\/v2\/types\/page"}],"author":[{"embeddable":true,"href":"https:\/\/www.normisjon.no\/vebu\/wp-json\/wp\/v2\/users\/24"}],"replies":[{"embeddable":true,"href":"https:\/\/www.normisjon.no\/vebu\/wp-json\/wp\/v2\/comments?post=5565"}],"version-history":[{"count":5,"href":"https:\/\/www.normisjon.no\/vebu\/wp-json\/wp\/v2\/pages\/5565\/revisions"}],"predecessor-version":[{"id":5719,"href":"https:\/\/www.normisjon.no\/vebu\/wp-json\/wp\/v2\/pages\/5565\/revisions\/5719"}],"wp:featuredmedia":[{"embeddable":true,"href":"https:\/\/www.normisjon.no\/vebu\/wp-json\/wp\/v2\/media\/5184"}],"wp:attachment":[{"href":"https:\/\/www.normisjon.no\/vebu\/wp-json\/wp\/v2\/media?parent=5565"}],"curies":[{"name":"wp","href":"https:\/\/api.w.org\/{rel}","templated":true}]}}