{"id":5567,"date":"2026-02-23T14:46:08","date_gmt":"2026-02-23T13:46:08","guid":{"rendered":"https:\/\/www.normisjon.no\/vebu\/?page_id=5567"},"modified":"2026-03-24T11:03:07","modified_gmt":"2026-03-24T10:03:07","slug":"praktisk-info-goforit-2026","status":"publish","type":"page","link":"https:\/\/www.normisjon.no\/vebu\/praktisk-info-goforit-2026\/","title":{"rendered":"Praktisk info GOFORIT 2026"},"content":{"rendered":"<div class=\"entry-content alignfull wp-block-post-content has-global-padding is-layout-constrained wp-block-post-content-is-layout-constrained\">\n<p>Her finner du litt praktisk info, oppdateringer vil skje fortl\u00f8pende. Ta gjerne kontakt dersom du har sp\u00f8rsm\u00e5l.<\/p>\n\n\n\n<p>Alle har ansvar for seg og sitt p\u00e5 turen. Etappene er snart satt og det vil v\u00e6re arrangement p\u00e5 en del steder. <\/p>\n\n\n\n<p><strong>Overnatting:<\/strong> Mange steder tilbys overnatting i forsamlingshus med madrass p\u00e5 gulvet. Her er alle velkommen til \u00e5 overnatte, pris 100 kr pr natt. Mer info om overnattingsteder finner du <a href=\"https:\/\/www.normisjon.no\/vebu\/overnattingsmuligheter-goforit-2026\/\" target=\"_blank\" rel=\"noreferrer noopener\">her<\/a>. Alle m\u00e5 ha med sovepose\/dyne, pute selv.<br>Ut over dette, ordner en overnatting selv. Sjekk Airbnb og hotell i omr\u00e5det. Det er selvf\u00f8lgelig mulig \u00e5 bo hjemme for dem som bor i n\u00e6rheten.<\/p>\n\n\n\n<p><strong>Mat:<\/strong> N\u00e5r det gjelder mat, ordner hver enkelt dette selv, ogs\u00e5 de som skal overnatte. Det er lurt \u00e5 tenke p\u00e5 at en ikke har mulighet for \u00e5 holde mat kald i l\u00f8pet av dagen. Polarbr\u00f8d og tubeost fungerer godt.<br>Flere av etappene er s\u00e5 korte at en ikke trenger mer enn en mellombar el.l. underveis i tillegg til drikke. Det er opp til hver enkelt om en vil sm\u00f8re med seg niste. Er det kafe\/bensinstasjon langs veien, kan en innom disse for et lite p\u00e5fyll. Det vil nok bli noe servering p\u00e5 enkelte arrangement, dette vil det komme oversikt over. Pris for denne serveringen vil variere.<\/p>\n\n\n\n<p><strong>Bagasje: <\/strong>Vi vil hver dag ha en bil som frakter bagasje fra overnattingssted til neste sted. En beh\u00f8ver derfor ikke b\u00e6re mer enn det en trenger p\u00e5 selve g\u00e5etappen. <\/p>\n\n\n\n<p><strong>Etappene:<\/strong> Dagsetappene har litt forskjellige lengder og vi tenker \u00e5 holde et jevnt tempo p\u00e5 ca 4-4,5 km\/t. Vi vil legge inn noen pauser, men det blir ikke stopp for \u00e5 se p\u00e5 hver minste interessante detalj vi passerer. En er selvf\u00f8lgelig fri til \u00e5 g\u00e5 i eget tempo, sykle, l\u00f8pe el.l., men fellesarrangement er lagt opp etter tempo som nevnt over med ganske god margin. &nbsp;<\/p>\n\n\n\n<p><strong>Transport:<\/strong> For de som skal v\u00e6re med p\u00e5 enkeltetapper eller drar hjem hver kveld, foresl\u00e5s det \u00e5 gj\u00f8re avtaler med familie\/venner om \u00e5 bringe og hente dersom det ikke er kollektivtilbud. En kan ogs\u00e5 gj\u00f8re avtale med andre som g\u00e5r der \u00e8n har bilen ved avgangsstedet og den andre ved etappens slutt. <\/p>\n\n\n\n<p><strong>Kontaktinfo: <\/strong><br>Det er Normisjonsregionene Telemark og VeBu som arrangerer dette sammen. Ta kontakt om det er noe du lurer p\u00e5.<br> <a href=\"mailto:svein.tony.gardso@normisjon.no\">Svein Tony G\u00e5rds\u00f8<\/a>, 953 36 440 eller <a href=\"mailto:gunn.marit.selle@normisjon.no\">Gunn-Marit E. Selle<\/a>, 928 40 659<\/p>\n\n\n\n<p><br><strong>Go-for-it-vettregler<\/strong><\/p>\n\n\n\n<ol style=\"list-style-type:1\" class=\"wp-block-list\">\n<li>Planlegg turen og meld deg p\u00e5 etappen du har tenkt \u00e5 g\u00e5<\/li>\n\n\n\n<li>Vurder etappen etter evne og forhold<\/li>\n\n\n\n<li>Ta hensyn til de du g\u00e5r sammen med<\/li>\n\n\n\n<li>V\u00e6r forberedt p\u00e5 mye hum\u00f8r, men ogs\u00e5 svette og s\u00e5re f\u00f8tter (t\u00e5rer)<\/li>\n\n\n\n<li>Ta kun med det du trenger for g\u00e5turen, det andre fraktes med bil<\/li>\n\n\n\n<li>Det er gjort trygge veivalg, mest mulig utenfor hovedvei. <\/li>\n\n\n\n<li>Kjentmann som er med vet alltid hvor vi er<\/li>\n\n\n\n<li>Bryt i tide, det er ingen skam \u00e5 tilkalle bil hvis du ikke kan g\u00e5 lenger<\/li>\n\n\n\n<li>G\u00e5 rolig, men jevnt. S\u00f8rg for egnet overnatting n\u00e5r etappen er over.<\/li>\n<\/ol>\n<\/div>","protected":false},"excerpt":{"rendered":"<p>Her finner du litt praktisk info, oppdateringer vil skje fortl\u00f8pende. Ta gjerne kontakt dersom du har sp\u00f8rsm\u00e5l. Alle har ansvar for seg og sitt p\u00e5 [&hellip;]<\/p>\n","protected":false},"author":24,"featured_media":4209,"parent":0,"menu_order":0,"comment_status":"closed","ping_status":"closed","template":"","meta":{"_acf_changed":false,"footnotes":""},"class_list":["post-5567","page","type-page","status-publish","has-post-thumbnail","hentry"],"acf":[],"yoast_head":"<!-- This site is optimized with the Yoast SEO plugin v25.9 - https:\/\/yoast.com\/wordpress\/plugins\/seo\/ -->\n<title>Praktisk info GOFORIT 2026 - Region VeBu<\/title>\n<meta name=\"robots\" content=\"index, follow, max-snippet:-1, max-image-preview:large, max-video-preview:-1\" \/>\n<link rel=\"canonical\" href=\"https:\/\/www.normisjon.no\/vebu\/praktisk-info-goforit-2026\/\" \/>\n<meta property=\"og:locale\" content=\"nb_NO\" \/>\n<meta property=\"og:type\" content=\"article\" \/>\n<meta property=\"og:title\" content=\"Praktisk info GOFORIT 2026 - Region VeBu\" \/>\n<meta property=\"og:description\" content=\"Her finner du litt praktisk info, oppdateringer vil skje fortl\u00f8pende. Ta gjerne kontakt dersom du har sp\u00f8rsm\u00e5l. Alle har ansvar for seg og sitt p\u00e5 [&hellip;]\" \/>\n<meta property=\"og:url\" content=\"https:\/\/www.normisjon.no\/vebu\/praktisk-info-goforit-2026\/\" \/>\n<meta property=\"og:site_name\" content=\"Region VeBu\" \/>\n<meta property=\"article:modified_time\" content=\"2026-03-24T10:03:07+00:00\" \/>\n<meta property=\"og:image\" content=\"https:\/\/www.normisjon.no\/content\/uploads\/sites\/22\/2024\/05\/Praktisk-info.jpg\" \/>\n\t<meta property=\"og:image:width\" content=\"1748\" \/>\n\t<meta property=\"og:image:height\" content=\"1240\" \/>\n\t<meta property=\"og:image:type\" content=\"image\/jpeg\" \/>\n<meta name=\"twitter:card\" content=\"summary_large_image\" \/>\n<meta name=\"twitter:label1\" content=\"Ansl. lesetid\" \/>\n\t<meta name=\"twitter:data1\" content=\"3 minutter\" \/>\n<script type=\"application\/ld+json\" class=\"yoast-schema-graph\">{\"@context\":\"https:\/\/schema.org\",\"@graph\":[{\"@type\":\"WebPage\",\"@id\":\"https:\/\/www.normisjon.no\/vebu\/praktisk-info-goforit-2026\/\",\"url\":\"https:\/\/www.normisjon.no\/vebu\/praktisk-info-goforit-2026\/\",\"name\":\"Praktisk info GOFORIT 2026 - Region VeBu\",\"isPartOf\":{\"@id\":\"https:\/\/www.normisjon.no\/vebu\/#website\"},\"primaryImageOfPage\":{\"@id\":\"https:\/\/www.normisjon.no\/vebu\/praktisk-info-goforit-2026\/#primaryimage\"},\"image\":{\"@id\":\"https:\/\/www.normisjon.no\/vebu\/praktisk-info-goforit-2026\/#primaryimage\"},\"thumbnailUrl\":\"https:\/\/www.normisjon.no\/content\/uploads\/sites\/22\/2024\/05\/Praktisk-info.jpg\",\"datePublished\":\"2026-02-23T13:46:08+00:00\",\"dateModified\":\"2026-03-24T10:03:07+00:00\",\"breadcrumb\":{\"@id\":\"https:\/\/www.normisjon.no\/vebu\/praktisk-info-goforit-2026\/#breadcrumb\"},\"inLanguage\":\"nb-NO\",\"potentialAction\":[{\"@type\":\"ReadAction\",\"target\":[\"https:\/\/www.normisjon.no\/vebu\/praktisk-info-goforit-2026\/\"]}]},{\"@type\":\"ImageObject\",\"inLanguage\":\"nb-NO\",\"@id\":\"https:\/\/www.normisjon.no\/vebu\/praktisk-info-goforit-2026\/#primaryimage\",\"url\":\"https:\/\/www.normisjon.no\/content\/uploads\/sites\/22\/2024\/05\/Praktisk-info.jpg\",\"contentUrl\":\"https:\/\/www.normisjon.no\/content\/uploads\/sites\/22\/2024\/05\/Praktisk-info.jpg\",\"width\":1748,\"height\":1240},{\"@type\":\"BreadcrumbList\",\"@id\":\"https:\/\/www.normisjon.no\/vebu\/praktisk-info-goforit-2026\/#breadcrumb\",\"itemListElement\":[{\"@type\":\"ListItem\",\"position\":1,\"name\":\"Home\",\"item\":\"https:\/\/www.normisjon.no\/vebu\/\"},{\"@type\":\"ListItem\",\"position\":2,\"name\":\"Praktisk info GOFORIT 2026\"}]},{\"@type\":\"WebSite\",\"@id\":\"https:\/\/www.normisjon.no\/vebu\/#website\",\"url\":\"https:\/\/www.normisjon.no\/vebu\/\",\"name\":\"Region VeBu\",\"description\":\"\",\"potentialAction\":[{\"@type\":\"SearchAction\",\"target\":{\"@type\":\"EntryPoint\",\"urlTemplate\":\"https:\/\/www.normisjon.no\/vebu\/?s={search_term_string}\"},\"query-input\":{\"@type\":\"PropertyValueSpecification\",\"valueRequired\":true,\"valueName\":\"search_term_string\"}}],\"inLanguage\":\"nb-NO\"}]}<\/script>\n<!-- \/ Yoast SEO plugin. -->","yoast_head_json":{"title":"Praktisk info GOFORIT 2026 - Region VeBu","robots":{"index":"index","follow":"follow","max-snippet":"max-snippet:-1","max-image-preview":"max-image-preview:large","max-video-preview":"max-video-preview:-1"},"canonical":"https:\/\/www.normisjon.no\/vebu\/praktisk-info-goforit-2026\/","og_locale":"nb_NO","og_type":"article","og_title":"Praktisk info GOFORIT 2026 - Region VeBu","og_description":"Her finner du litt praktisk info, oppdateringer vil skje fortl\u00f8pende. Ta gjerne kontakt dersom du har sp\u00f8rsm\u00e5l. Alle har ansvar for seg og sitt p\u00e5 [&hellip;]","og_url":"https:\/\/www.normisjon.no\/vebu\/praktisk-info-goforit-2026\/","og_site_name":"Region VeBu","article_modified_time":"2026-03-24T10:03:07+00:00","og_image":[{"width":1748,"height":1240,"url":"https:\/\/www.normisjon.no\/content\/uploads\/sites\/22\/2024\/05\/Praktisk-info.jpg","type":"image\/jpeg"}],"twitter_card":"summary_large_image","twitter_misc":{"Ansl. lesetid":"3 minutter"},"schema":{"@context":"https:\/\/schema.org","@graph":[{"@type":"WebPage","@id":"https:\/\/www.normisjon.no\/vebu\/praktisk-info-goforit-2026\/","url":"https:\/\/www.normisjon.no\/vebu\/praktisk-info-goforit-2026\/","name":"Praktisk info GOFORIT 2026 - Region VeBu","isPartOf":{"@id":"https:\/\/www.normisjon.no\/vebu\/#website"},"primaryImageOfPage":{"@id":"https:\/\/www.normisjon.no\/vebu\/praktisk-info-goforit-2026\/#primaryimage"},"image":{"@id":"https:\/\/www.normisjon.no\/vebu\/praktisk-info-goforit-2026\/#primaryimage"},"thumbnailUrl":"https:\/\/www.normisjon.no\/content\/uploads\/sites\/22\/2024\/05\/Praktisk-info.jpg","datePublished":"2026-02-23T13:46:08+00:00","dateModified":"2026-03-24T10:03:07+00:00","breadcrumb":{"@id":"https:\/\/www.normisjon.no\/vebu\/praktisk-info-goforit-2026\/#breadcrumb"},"inLanguage":"nb-NO","potentialAction":[{"@type":"ReadAction","target":["https:\/\/www.normisjon.no\/vebu\/praktisk-info-goforit-2026\/"]}]},{"@type":"ImageObject","inLanguage":"nb-NO","@id":"https:\/\/www.normisjon.no\/vebu\/praktisk-info-goforit-2026\/#primaryimage","url":"https:\/\/www.normisjon.no\/content\/uploads\/sites\/22\/2024\/05\/Praktisk-info.jpg","contentUrl":"https:\/\/www.normisjon.no\/content\/uploads\/sites\/22\/2024\/05\/Praktisk-info.jpg","width":1748,"height":1240},{"@type":"BreadcrumbList","@id":"https:\/\/www.normisjon.no\/vebu\/praktisk-info-goforit-2026\/#breadcrumb","itemListElement":[{"@type":"ListItem","position":1,"name":"Home","item":"https:\/\/www.normisjon.no\/vebu\/"},{"@type":"ListItem","position":2,"name":"Praktisk info GOFORIT 2026"}]},{"@type":"WebSite","@id":"https:\/\/www.normisjon.no\/vebu\/#website","url":"https:\/\/www.normisjon.no\/vebu\/","name":"Region VeBu","description":"","potentialAction":[{"@type":"SearchAction","target":{"@type":"EntryPoint","urlTemplate":"https:\/\/www.normisjon.no\/vebu\/?s={search_term_string}"},"query-input":{"@type":"PropertyValueSpecification","valueRequired":true,"valueName":"search_term_string"}}],"inLanguage":"nb-NO"}]}},"_links":{"self":[{"href":"https:\/\/www.normisjon.no\/vebu\/wp-json\/wp\/v2\/pages\/5567","targetHints":{"allow":["GET"]}}],"collection":[{"href":"https:\/\/www.normisjon.no\/vebu\/wp-json\/wp\/v2\/pages"}],"about":[{"href":"https:\/\/www.normisjon.no\/vebu\/wp-json\/wp\/v2\/types\/page"}],"author":[{"embeddable":true,"href":"https:\/\/www.normisjon.no\/vebu\/wp-json\/wp\/v2\/users\/24"}],"replies":[{"embeddable":true,"href":"https:\/\/www.normisjon.no\/vebu\/wp-json\/wp\/v2\/comments?post=5567"}],"version-history":[{"count":3,"href":"https:\/\/www.normisjon.no\/vebu\/wp-json\/wp\/v2\/pages\/5567\/revisions"}],"predecessor-version":[{"id":5664,"href":"https:\/\/www.normisjon.no\/vebu\/wp-json\/wp\/v2\/pages\/5567\/revisions\/5664"}],"wp:featuredmedia":[{"embeddable":true,"href":"https:\/\/www.normisjon.no\/vebu\/wp-json\/wp\/v2\/media\/4209"}],"wp:attachment":[{"href":"https:\/\/www.normisjon.no\/vebu\/wp-json\/wp\/v2\/media?parent=5567"}],"curies":[{"name":"wp","href":"https:\/\/api.w.org\/{rel}","templated":true}]}}