{"id":5569,"date":"2026-02-23T14:45:00","date_gmt":"2026-02-23T13:45:00","guid":{"rendered":"https:\/\/www.normisjon.no\/vebu\/?page_id=5569"},"modified":"2026-04-29T14:41:10","modified_gmt":"2026-04-29T12:41:10","slug":"etapper-goforit-2026","status":"publish","type":"page","link":"https:\/\/www.normisjon.no\/vebu\/etapper-goforit-2026\/","title":{"rendered":"Etapper GOFORIT 2026"},"content":{"rendered":"<div class=\"entry-content alignfull wp-block-post-content has-global-padding is-layout-constrained wp-block-post-content-is-layout-constrained\">\n<p>Her er en oversikt over etappene med ca antall km. Det kan bli noen endringer, dette oppdateres fram mot turen. <br>Det kan ogs\u00e5 skje mindre endringer underveis n\u00e5r vi er i gang. Kontakt Svein-Tony eller Gunn-Marit hvis du planlegger \u00e5 komme med underveis eller st\u00e5 ved ruta, s\u00e5 vi unng\u00e5r misforst\u00e5elser.<\/p>\n\n\n\n<p>Turen starter to steder, Vr\u00e5dal og Vestfossen, og m\u00f8tes i B\u00f8<\/p>\n\n\n\n<figure class=\"wp-block-table\"><table><tbody><tr><td><strong>Dag\/Dato<\/strong><\/td><td class=\"has-text-align-left\" data-align=\"left\"><strong>Etappe<\/strong><\/td><td><strong>Start-tidspunkt<\/strong><\/td><td><strong>Ca km \u00e5 g\u00e5<\/strong><\/td><\/tr><tr><td><em>Fredag 29. mai<\/em><\/td><td class=\"has-text-align-left\" data-align=\"left\"><em><a href=\"https:\/\/www.normisjon.no\/vebu\/etappen-vradal-kviteseid\/\" target=\"_blank\" rel=\"noreferrer noopener\">Vr\u00e5dal &#8211; Kviteseid<\/a><\/em><\/td><td>12.00<\/td><td><em>12<\/em><\/td><\/tr><tr><td>Fredag 29. mai<\/td><td class=\"has-text-align-left\" data-align=\"left\">Vestfossen &#8211; Kongsberg<\/td><td>10.00<\/td><td>19<\/td><\/tr><tr><td><em>L\u00f8rdag 30. mai<\/em><\/td><td class=\"has-text-align-left\" data-align=\"left\"><em><a href=\"https:\/\/www.normisjon.no\/vebu\/etappe-kviteseid-seljord\/\" target=\"_blank\" rel=\"noreferrer noopener\">Kviteseid -Seljord<\/a><\/em><\/td><td>10.00<\/td><td><em>16<\/em><\/td><\/tr><tr><td>L\u00f8rdag 30. mai<\/td><td class=\"has-text-align-left\" data-align=\"left\"><a href=\"https:\/\/www.normisjon.no\/vebu\/etappe-kongsberg-notodden\/\" target=\"_blank\" rel=\"noreferrer noopener\">Kongsberg &#8211; S\u00f8lvgruvene-Notodden<\/a><\/td><td>10.00<\/td><td>7 +1,4 (resten bil)<\/td><\/tr><tr><td><em>S\u00f8ndag 31. mai<\/em><\/td><td class=\"has-text-align-left\" data-align=\"left\"><em><a href=\"https:\/\/www.normisjon.no\/vebu\/etappe-seljord-sanda-camping\/\">Seljord &#8211; Sand<\/a><\/em><a href=\"https:\/\/www.normisjon.no\/vebu\/etappe-seljord-sanda-camping\/\" target=\"_blank\" rel=\"noreferrer noopener\"><em>a Camping<\/em><\/a><\/td><td>09.00<\/td><td><em>22<\/em><\/td><\/tr><tr><td>S\u00f8ndag 31. mai<\/td><td class=\"has-text-align-left\" data-align=\"left\"><a href=\"https:\/\/www.normisjon.no\/vebu\/etappe-notodden-vatnarvegen\/\" target=\"_blank\" rel=\"noreferrer noopener\">Notodden &#8211; Vatnarvegen<\/a><\/td><td>10.30<\/td><td>16<\/td><\/tr><tr><td><em>Mandag 1. juni<\/em><\/td><td class=\"has-text-align-left\" data-align=\"left\"><em><a href=\"https:\/\/www.normisjon.no\/vebu\/etappe-sanda-camping-bo\/\" target=\"_blank\" rel=\"noreferrer noopener\">Sanda camping &#8211; B\u00f8 bedehus<\/a><\/em><\/td><td>10.00<\/td><td><em>12<\/em><\/td><\/tr><tr><td>Mandag 1. juni<\/td><td class=\"has-text-align-left\" data-align=\"left\"><a href=\"https:\/\/www.normisjon.no\/vebu\/etappe-vatnarvegen-bo\/\" target=\"_blank\" rel=\"noreferrer noopener\">Vatnarvegen &#8211; B\u00f8 bedehus<\/a><\/td><td>10.00<\/td><td>15<\/td><\/tr><tr><td>Tirsdag 2. juni<\/td><td class=\"has-text-align-left\" data-align=\"left\"><a href=\"https:\/\/www.normisjon.no\/vebu\/etappe-bo-lunde-skien\/\" target=\"_blank\" rel=\"noreferrer noopener\">B\u00f8-Lunde-Telemarkskanalen -Skien.<\/a><br>Mulig \u00e5 koble seg p\u00e5 ved <a href=\"https:\/\/www.normisjon.no\/vebu\/nordheimtjonn-badeplass-stralandet\/\" target=\"_blank\" rel=\"noreferrer noopener\">Nordheimtj\u00f8nn badeplass<\/a> kl. 9.30<\/td><td>07.00<br>09.30<\/td><td>17<\/td><\/tr><tr><td>Onsdag 3. juni<\/td><td class=\"has-text-align-left\" data-align=\"left\"><a href=\"https:\/\/www.normisjon.no\/vebu\/etappe-skien-porsgrunn\/\">Skien &#8211; Porsgrunn<\/a> (Stridsklev)<\/td><td>09.30<\/td><td>14<\/td><\/tr><tr><td>Torsdag 4. juni<\/td><td class=\"has-text-align-left\" data-align=\"left\"><a href=\"https:\/\/www.normisjon.no\/vebu\/etappe-porsgrunn-langesund\/\" target=\"_blank\" rel=\"noreferrer noopener\">Porsgrunn (Stridsklev) &#8211; Langesund<\/a><\/td><td>10.00<\/td><td>17<\/td><\/tr><tr><td>Fredag 5. juni<\/td><td class=\"has-text-align-left\" data-align=\"left\"><a href=\"https:\/\/www.normisjon.no\/vebu\/etappe-langesund-feset\/\" target=\"_blank\" rel=\"noreferrer noopener\">Langesund &#8211; Feset<\/a><\/td><td>10.00<\/td><td>17<\/td><\/tr><tr><td>L\u00f8rdag 6. juni<\/td><td class=\"has-text-align-left\" data-align=\"left\"><a href=\"https:\/\/www.normisjon.no\/vebu\/etappe-feset-helle\/\" target=\"_blank\" rel=\"noreferrer noopener\">Feset &#8211; Hellekirken<\/a><\/td><td>10.00<\/td><td>17<\/td><\/tr><tr><td>S\u00f8ndag 7. juni<\/td><td class=\"has-text-align-left\" data-align=\"left\"><a href=\"https:\/\/www.normisjon.no\/vebu\/etappe-helle-kragero\/\" target=\"_blank\" rel=\"noreferrer noopener\">Hellekirken &#8211; Krager\u00f8<br>Sjarm\u00f8retappe<\/a> fra Granholt villa (ca 3 km)<\/td><td>11.00<br>13.00<\/td><td>9<\/td><\/tr><\/tbody><\/table><\/figure>\n\n\n\n<figure class=\"wp-block-image size-large\"><img loading=\"lazy\" decoding=\"async\" width=\"935\" height=\"1024\" src=\"https:\/\/www.normisjon.no\/content\/uploads\/sites\/22\/2026\/02\/Ruta-2026-935x1024.jpg\" alt=\"\" class=\"wp-image-5586\" srcset=\"https:\/\/www.normisjon.no\/content\/uploads\/sites\/22\/2026\/02\/Ruta-2026-935x1024.jpg 935w, https:\/\/www.normisjon.no\/content\/uploads\/sites\/22\/2026\/02\/Ruta-2026-274x300.jpg 274w, https:\/\/www.normisjon.no\/content\/uploads\/sites\/22\/2026\/02\/Ruta-2026-768x842.jpg 768w, https:\/\/www.normisjon.no\/content\/uploads\/sites\/22\/2026\/02\/Ruta-2026-1402x1536.jpg 1402w, https:\/\/www.normisjon.no\/content\/uploads\/sites\/22\/2026\/02\/Ruta-2026-1869x2048.jpg 1869w, https:\/\/www.normisjon.no\/content\/uploads\/sites\/22\/2026\/02\/Ruta-2026-1920x2104.jpg 1920w, https:\/\/www.normisjon.no\/content\/uploads\/sites\/22\/2026\/02\/Ruta-2026-1360x1490.jpg 1360w, https:\/\/www.normisjon.no\/content\/uploads\/sites\/22\/2026\/02\/Ruta-2026-1752x1920.jpg 1752w, https:\/\/www.normisjon.no\/content\/uploads\/sites\/22\/2026\/02\/Ruta-2026-876x960.jpg 876w, https:\/\/www.normisjon.no\/content\/uploads\/sites\/22\/2026\/02\/Ruta-2026.jpg 1995w\" sizes=\"auto, (max-width: 935px) 100vw, 935px\" \/><\/figure>\n<\/div>","protected":false},"excerpt":{"rendered":"<p>Her er en oversikt over etappene med ca antall km. Det kan bli noen endringer, dette oppdateres fram mot turen. Det kan ogs\u00e5 skje mindre [&hellip;]<\/p>\n","protected":false},"author":24,"featured_media":5586,"parent":0,"menu_order":0,"comment_status":"closed","ping_status":"closed","template":"","meta":{"_acf_changed":false,"footnotes":""},"class_list":["post-5569","page","type-page","status-publish","has-post-thumbnail","hentry"],"acf":[],"yoast_head":"<!-- This site is optimized with the Yoast SEO plugin v25.9 - https:\/\/yoast.com\/wordpress\/plugins\/seo\/ -->\n<title>Etapper GOFORIT 2026 - Region VeBu<\/title>\n<meta name=\"robots\" content=\"index, follow, max-snippet:-1, max-image-preview:large, max-video-preview:-1\" \/>\n<link rel=\"canonical\" href=\"https:\/\/www.normisjon.no\/vebu\/etapper-goforit-2026\/\" \/>\n<meta property=\"og:locale\" content=\"nb_NO\" \/>\n<meta property=\"og:type\" content=\"article\" \/>\n<meta property=\"og:title\" content=\"Etapper GOFORIT 2026 - Region VeBu\" \/>\n<meta property=\"og:description\" content=\"Her er en oversikt over etappene med ca antall km. Det kan bli noen endringer, dette oppdateres fram mot turen. Det kan ogs\u00e5 skje mindre [&hellip;]\" \/>\n<meta property=\"og:url\" content=\"https:\/\/www.normisjon.no\/vebu\/etapper-goforit-2026\/\" \/>\n<meta property=\"og:site_name\" content=\"Region VeBu\" \/>\n<meta property=\"article:modified_time\" content=\"2026-04-29T12:41:10+00:00\" \/>\n<meta property=\"og:image\" content=\"https:\/\/www.normisjon.no\/content\/uploads\/sites\/22\/2026\/02\/Ruta-2026.jpg\" \/>\n\t<meta property=\"og:image:width\" content=\"1995\" \/>\n\t<meta property=\"og:image:height\" content=\"2186\" \/>\n\t<meta property=\"og:image:type\" content=\"image\/jpeg\" \/>\n<meta name=\"twitter:card\" content=\"summary_large_image\" \/>\n<meta name=\"twitter:label1\" content=\"Ansl. lesetid\" \/>\n\t<meta name=\"twitter:data1\" content=\"2 minutter\" \/>\n<script type=\"application\/ld+json\" class=\"yoast-schema-graph\">{\"@context\":\"https:\/\/schema.org\",\"@graph\":[{\"@type\":\"WebPage\",\"@id\":\"https:\/\/www.normisjon.no\/vebu\/etapper-goforit-2026\/\",\"url\":\"https:\/\/www.normisjon.no\/vebu\/etapper-goforit-2026\/\",\"name\":\"Etapper GOFORIT 2026 - Region VeBu\",\"isPartOf\":{\"@id\":\"https:\/\/www.normisjon.no\/vebu\/#website\"},\"primaryImageOfPage\":{\"@id\":\"https:\/\/www.normisjon.no\/vebu\/etapper-goforit-2026\/#primaryimage\"},\"image\":{\"@id\":\"https:\/\/www.normisjon.no\/vebu\/etapper-goforit-2026\/#primaryimage\"},\"thumbnailUrl\":\"https:\/\/www.normisjon.no\/content\/uploads\/sites\/22\/2026\/02\/Ruta-2026.jpg\",\"datePublished\":\"2026-02-23T13:45:00+00:00\",\"dateModified\":\"2026-04-29T12:41:10+00:00\",\"breadcrumb\":{\"@id\":\"https:\/\/www.normisjon.no\/vebu\/etapper-goforit-2026\/#breadcrumb\"},\"inLanguage\":\"nb-NO\",\"potentialAction\":[{\"@type\":\"ReadAction\",\"target\":[\"https:\/\/www.normisjon.no\/vebu\/etapper-goforit-2026\/\"]}]},{\"@type\":\"ImageObject\",\"inLanguage\":\"nb-NO\",\"@id\":\"https:\/\/www.normisjon.no\/vebu\/etapper-goforit-2026\/#primaryimage\",\"url\":\"https:\/\/www.normisjon.no\/content\/uploads\/sites\/22\/2026\/02\/Ruta-2026.jpg\",\"contentUrl\":\"https:\/\/www.normisjon.no\/content\/uploads\/sites\/22\/2026\/02\/Ruta-2026.jpg\",\"width\":1995,\"height\":2186},{\"@type\":\"BreadcrumbList\",\"@id\":\"https:\/\/www.normisjon.no\/vebu\/etapper-goforit-2026\/#breadcrumb\",\"itemListElement\":[{\"@type\":\"ListItem\",\"position\":1,\"name\":\"Home\",\"item\":\"https:\/\/www.normisjon.no\/vebu\/\"},{\"@type\":\"ListItem\",\"position\":2,\"name\":\"Etapper GOFORIT 2026\"}]},{\"@type\":\"WebSite\",\"@id\":\"https:\/\/www.normisjon.no\/vebu\/#website\",\"url\":\"https:\/\/www.normisjon.no\/vebu\/\",\"name\":\"Region VeBu\",\"description\":\"\",\"potentialAction\":[{\"@type\":\"SearchAction\",\"target\":{\"@type\":\"EntryPoint\",\"urlTemplate\":\"https:\/\/www.normisjon.no\/vebu\/?s={search_term_string}\"},\"query-input\":{\"@type\":\"PropertyValueSpecification\",\"valueRequired\":true,\"valueName\":\"search_term_string\"}}],\"inLanguage\":\"nb-NO\"}]}<\/script>\n<!-- \/ Yoast SEO plugin. -->","yoast_head_json":{"title":"Etapper GOFORIT 2026 - Region VeBu","robots":{"index":"index","follow":"follow","max-snippet":"max-snippet:-1","max-image-preview":"max-image-preview:large","max-video-preview":"max-video-preview:-1"},"canonical":"https:\/\/www.normisjon.no\/vebu\/etapper-goforit-2026\/","og_locale":"nb_NO","og_type":"article","og_title":"Etapper GOFORIT 2026 - Region VeBu","og_description":"Her er en oversikt over etappene med ca antall km. Det kan bli noen endringer, dette oppdateres fram mot turen. Det kan ogs\u00e5 skje mindre [&hellip;]","og_url":"https:\/\/www.normisjon.no\/vebu\/etapper-goforit-2026\/","og_site_name":"Region VeBu","article_modified_time":"2026-04-29T12:41:10+00:00","og_image":[{"width":1995,"height":2186,"url":"https:\/\/www.normisjon.no\/content\/uploads\/sites\/22\/2026\/02\/Ruta-2026.jpg","type":"image\/jpeg"}],"twitter_card":"summary_large_image","twitter_misc":{"Ansl. lesetid":"2 minutter"},"schema":{"@context":"https:\/\/schema.org","@graph":[{"@type":"WebPage","@id":"https:\/\/www.normisjon.no\/vebu\/etapper-goforit-2026\/","url":"https:\/\/www.normisjon.no\/vebu\/etapper-goforit-2026\/","name":"Etapper GOFORIT 2026 - Region VeBu","isPartOf":{"@id":"https:\/\/www.normisjon.no\/vebu\/#website"},"primaryImageOfPage":{"@id":"https:\/\/www.normisjon.no\/vebu\/etapper-goforit-2026\/#primaryimage"},"image":{"@id":"https:\/\/www.normisjon.no\/vebu\/etapper-goforit-2026\/#primaryimage"},"thumbnailUrl":"https:\/\/www.normisjon.no\/content\/uploads\/sites\/22\/2026\/02\/Ruta-2026.jpg","datePublished":"2026-02-23T13:45:00+00:00","dateModified":"2026-04-29T12:41:10+00:00","breadcrumb":{"@id":"https:\/\/www.normisjon.no\/vebu\/etapper-goforit-2026\/#breadcrumb"},"inLanguage":"nb-NO","potentialAction":[{"@type":"ReadAction","target":["https:\/\/www.normisjon.no\/vebu\/etapper-goforit-2026\/"]}]},{"@type":"ImageObject","inLanguage":"nb-NO","@id":"https:\/\/www.normisjon.no\/vebu\/etapper-goforit-2026\/#primaryimage","url":"https:\/\/www.normisjon.no\/content\/uploads\/sites\/22\/2026\/02\/Ruta-2026.jpg","contentUrl":"https:\/\/www.normisjon.no\/content\/uploads\/sites\/22\/2026\/02\/Ruta-2026.jpg","width":1995,"height":2186},{"@type":"BreadcrumbList","@id":"https:\/\/www.normisjon.no\/vebu\/etapper-goforit-2026\/#breadcrumb","itemListElement":[{"@type":"ListItem","position":1,"name":"Home","item":"https:\/\/www.normisjon.no\/vebu\/"},{"@type":"ListItem","position":2,"name":"Etapper GOFORIT 2026"}]},{"@type":"WebSite","@id":"https:\/\/www.normisjon.no\/vebu\/#website","url":"https:\/\/www.normisjon.no\/vebu\/","name":"Region VeBu","description":"","potentialAction":[{"@type":"SearchAction","target":{"@type":"EntryPoint","urlTemplate":"https:\/\/www.normisjon.no\/vebu\/?s={search_term_string}"},"query-input":{"@type":"PropertyValueSpecification","valueRequired":true,"valueName":"search_term_string"}}],"inLanguage":"nb-NO"}]}},"_links":{"self":[{"href":"https:\/\/www.normisjon.no\/vebu\/wp-json\/wp\/v2\/pages\/5569","targetHints":{"allow":["GET"]}}],"collection":[{"href":"https:\/\/www.normisjon.no\/vebu\/wp-json\/wp\/v2\/pages"}],"about":[{"href":"https:\/\/www.normisjon.no\/vebu\/wp-json\/wp\/v2\/types\/page"}],"author":[{"embeddable":true,"href":"https:\/\/www.normisjon.no\/vebu\/wp-json\/wp\/v2\/users\/24"}],"replies":[{"embeddable":true,"href":"https:\/\/www.normisjon.no\/vebu\/wp-json\/wp\/v2\/comments?post=5569"}],"version-history":[{"count":21,"href":"https:\/\/www.normisjon.no\/vebu\/wp-json\/wp\/v2\/pages\/5569\/revisions"}],"predecessor-version":[{"id":5798,"href":"https:\/\/www.normisjon.no\/vebu\/wp-json\/wp\/v2\/pages\/5569\/revisions\/5798"}],"wp:featuredmedia":[{"embeddable":true,"href":"https:\/\/www.normisjon.no\/vebu\/wp-json\/wp\/v2\/media\/5586"}],"wp:attachment":[{"href":"https:\/\/www.normisjon.no\/vebu\/wp-json\/wp\/v2\/media?parent=5569"}],"curies":[{"name":"wp","href":"https:\/\/api.w.org\/{rel}","templated":true}]}}