{"id":5651,"date":"2026-03-24T10:04:30","date_gmt":"2026-03-24T09:04:30","guid":{"rendered":"https:\/\/www.normisjon.no\/vebu\/?page_id=5651"},"modified":"2026-04-15T10:34:17","modified_gmt":"2026-04-15T08:34:17","slug":"pamelding-enkeltarrangement-goforit-2026","status":"publish","type":"page","link":"https:\/\/www.normisjon.no\/vebu\/pamelding-enkeltarrangement-goforit-2026\/","title":{"rendered":"P\u00e5melding til enkeltarrangement under GOFORIT 2026"},"content":{"rendered":"<div class=\"entry-content alignfull wp-block-post-content has-global-padding is-layout-constrained wp-block-post-content-is-layout-constrained\">\n<p>P\u00e5melding og billetter for deg som ikke er p\u00e5meldt g\u00e5etappen gjeldende dag.<\/p>\n\n\n\n<p>Her finner du billetter til S\u00f8lvgruvene 30. mai, Felles middag 2. juni i Skien og guidet tur og foredrag i Brekkeparken 3. juni (det er mulig \u00e5 bare v\u00e6re med p\u00e5 deler av opplegget 3. juni. Det koster 150 kr uavhengig av hvor mye du er med p\u00e5).<\/p>\n<\/div><div id=\"module-0\" class=\"hogan-module hogan-module-text hogan-module-0\"><div class=\"hogan-module-inner\"><div id=\"checkin_registration\"><\/div>\n<p><script src=\"https:\/\/registration.checkin.no\/registration.loader.js\" data-event-id=\"221213\" async><\/script><\/p><\/div><\/div>","protected":false},"excerpt":{"rendered":"<p>P\u00e5melding og billetter for deg som ikke er p\u00e5meldt g\u00e5etappen gjeldende dag. Her finner du billetter til S\u00f8lvgruvene 30. mai, Felles middag 2. juni i [&hellip;]<\/p>\n","protected":false},"author":24,"featured_media":0,"parent":0,"menu_order":0,"comment_status":"closed","ping_status":"closed","template":"","meta":{"_acf_changed":false,"footnotes":""},"class_list":["post-5651","page","type-page","status-publish","hentry"],"acf":[],"yoast_head":"<!-- This site is optimized with the Yoast SEO plugin v25.9 - https:\/\/yoast.com\/wordpress\/plugins\/seo\/ -->\n<title>P\u00e5melding til enkeltarrangement under GOFORIT 2026 - Region VeBu<\/title>\n<meta name=\"robots\" content=\"index, follow, max-snippet:-1, max-image-preview:large, max-video-preview:-1\" \/>\n<link rel=\"canonical\" href=\"https:\/\/www.normisjon.no\/vebu\/pamelding-enkeltarrangement-goforit-2026\/\" \/>\n<meta property=\"og:locale\" content=\"nb_NO\" \/>\n<meta property=\"og:type\" content=\"article\" \/>\n<meta property=\"og:title\" content=\"P\u00e5melding til enkeltarrangement under GOFORIT 2026 - Region VeBu\" \/>\n<meta property=\"og:description\" content=\"P\u00e5melding og billetter for deg som ikke er p\u00e5meldt g\u00e5etappen gjeldende dag. Her finner du billetter til S\u00f8lvgruvene 30. mai, Felles middag 2. juni i [&hellip;]\" \/>\n<meta property=\"og:url\" content=\"https:\/\/www.normisjon.no\/vebu\/pamelding-enkeltarrangement-goforit-2026\/\" \/>\n<meta property=\"og:site_name\" content=\"Region VeBu\" \/>\n<meta property=\"article:modified_time\" content=\"2026-04-15T08:34:17+00:00\" \/>\n<meta name=\"twitter:card\" content=\"summary_large_image\" \/>\n<meta name=\"twitter:label1\" content=\"Ansl. lesetid\" \/>\n\t<meta name=\"twitter:data1\" content=\"1 minutt\" \/>\n<script type=\"application\/ld+json\" class=\"yoast-schema-graph\">{\"@context\":\"https:\/\/schema.org\",\"@graph\":[{\"@type\":\"WebPage\",\"@id\":\"https:\/\/www.normisjon.no\/vebu\/pamelding-enkeltarrangement-goforit-2026\/\",\"url\":\"https:\/\/www.normisjon.no\/vebu\/pamelding-enkeltarrangement-goforit-2026\/\",\"name\":\"P\u00e5melding til enkeltarrangement under GOFORIT 2026 - Region VeBu\",\"isPartOf\":{\"@id\":\"https:\/\/www.normisjon.no\/vebu\/#website\"},\"datePublished\":\"2026-03-24T09:04:30+00:00\",\"dateModified\":\"2026-04-15T08:34:17+00:00\",\"breadcrumb\":{\"@id\":\"https:\/\/www.normisjon.no\/vebu\/pamelding-enkeltarrangement-goforit-2026\/#breadcrumb\"},\"inLanguage\":\"nb-NO\",\"potentialAction\":[{\"@type\":\"ReadAction\",\"target\":[\"https:\/\/www.normisjon.no\/vebu\/pamelding-enkeltarrangement-goforit-2026\/\"]}]},{\"@type\":\"BreadcrumbList\",\"@id\":\"https:\/\/www.normisjon.no\/vebu\/pamelding-enkeltarrangement-goforit-2026\/#breadcrumb\",\"itemListElement\":[{\"@type\":\"ListItem\",\"position\":1,\"name\":\"Home\",\"item\":\"https:\/\/www.normisjon.no\/vebu\/\"},{\"@type\":\"ListItem\",\"position\":2,\"name\":\"P\u00e5melding til enkeltarrangement under GOFORIT 2026\"}]},{\"@type\":\"WebSite\",\"@id\":\"https:\/\/www.normisjon.no\/vebu\/#website\",\"url\":\"https:\/\/www.normisjon.no\/vebu\/\",\"name\":\"Region VeBu\",\"description\":\"\",\"potentialAction\":[{\"@type\":\"SearchAction\",\"target\":{\"@type\":\"EntryPoint\",\"urlTemplate\":\"https:\/\/www.normisjon.no\/vebu\/?s={search_term_string}\"},\"query-input\":{\"@type\":\"PropertyValueSpecification\",\"valueRequired\":true,\"valueName\":\"search_term_string\"}}],\"inLanguage\":\"nb-NO\"}]}<\/script>\n<!-- \/ Yoast SEO plugin. -->","yoast_head_json":{"title":"P\u00e5melding til enkeltarrangement under GOFORIT 2026 - Region VeBu","robots":{"index":"index","follow":"follow","max-snippet":"max-snippet:-1","max-image-preview":"max-image-preview:large","max-video-preview":"max-video-preview:-1"},"canonical":"https:\/\/www.normisjon.no\/vebu\/pamelding-enkeltarrangement-goforit-2026\/","og_locale":"nb_NO","og_type":"article","og_title":"P\u00e5melding til enkeltarrangement under GOFORIT 2026 - Region VeBu","og_description":"P\u00e5melding og billetter for deg som ikke er p\u00e5meldt g\u00e5etappen gjeldende dag. Her finner du billetter til S\u00f8lvgruvene 30. mai, Felles middag 2. juni i [&hellip;]","og_url":"https:\/\/www.normisjon.no\/vebu\/pamelding-enkeltarrangement-goforit-2026\/","og_site_name":"Region VeBu","article_modified_time":"2026-04-15T08:34:17+00:00","twitter_card":"summary_large_image","twitter_misc":{"Ansl. lesetid":"1 minutt"},"schema":{"@context":"https:\/\/schema.org","@graph":[{"@type":"WebPage","@id":"https:\/\/www.normisjon.no\/vebu\/pamelding-enkeltarrangement-goforit-2026\/","url":"https:\/\/www.normisjon.no\/vebu\/pamelding-enkeltarrangement-goforit-2026\/","name":"P\u00e5melding til enkeltarrangement under GOFORIT 2026 - Region VeBu","isPartOf":{"@id":"https:\/\/www.normisjon.no\/vebu\/#website"},"datePublished":"2026-03-24T09:04:30+00:00","dateModified":"2026-04-15T08:34:17+00:00","breadcrumb":{"@id":"https:\/\/www.normisjon.no\/vebu\/pamelding-enkeltarrangement-goforit-2026\/#breadcrumb"},"inLanguage":"nb-NO","potentialAction":[{"@type":"ReadAction","target":["https:\/\/www.normisjon.no\/vebu\/pamelding-enkeltarrangement-goforit-2026\/"]}]},{"@type":"BreadcrumbList","@id":"https:\/\/www.normisjon.no\/vebu\/pamelding-enkeltarrangement-goforit-2026\/#breadcrumb","itemListElement":[{"@type":"ListItem","position":1,"name":"Home","item":"https:\/\/www.normisjon.no\/vebu\/"},{"@type":"ListItem","position":2,"name":"P\u00e5melding til enkeltarrangement under GOFORIT 2026"}]},{"@type":"WebSite","@id":"https:\/\/www.normisjon.no\/vebu\/#website","url":"https:\/\/www.normisjon.no\/vebu\/","name":"Region VeBu","description":"","potentialAction":[{"@type":"SearchAction","target":{"@type":"EntryPoint","urlTemplate":"https:\/\/www.normisjon.no\/vebu\/?s={search_term_string}"},"query-input":{"@type":"PropertyValueSpecification","valueRequired":true,"valueName":"search_term_string"}}],"inLanguage":"nb-NO"}]}},"_links":{"self":[{"href":"https:\/\/www.normisjon.no\/vebu\/wp-json\/wp\/v2\/pages\/5651","targetHints":{"allow":["GET"]}}],"collection":[{"href":"https:\/\/www.normisjon.no\/vebu\/wp-json\/wp\/v2\/pages"}],"about":[{"href":"https:\/\/www.normisjon.no\/vebu\/wp-json\/wp\/v2\/types\/page"}],"author":[{"embeddable":true,"href":"https:\/\/www.normisjon.no\/vebu\/wp-json\/wp\/v2\/users\/24"}],"replies":[{"embeddable":true,"href":"https:\/\/www.normisjon.no\/vebu\/wp-json\/wp\/v2\/comments?post=5651"}],"version-history":[{"count":3,"href":"https:\/\/www.normisjon.no\/vebu\/wp-json\/wp\/v2\/pages\/5651\/revisions"}],"predecessor-version":[{"id":5718,"href":"https:\/\/www.normisjon.no\/vebu\/wp-json\/wp\/v2\/pages\/5651\/revisions\/5718"}],"wp:attachment":[{"href":"https:\/\/www.normisjon.no\/vebu\/wp-json\/wp\/v2\/media?parent=5651"}],"curies":[{"name":"wp","href":"https:\/\/api.w.org\/{rel}","templated":true}]}}