{"id":5661,"date":"2026-03-24T11:00:59","date_gmt":"2026-03-24T10:00:59","guid":{"rendered":"https:\/\/www.normisjon.no\/vebu\/?page_id=5661"},"modified":"2026-04-13T13:52:31","modified_gmt":"2026-04-13T11:52:31","slug":"overnattingsmuligheter-goforit-2026","status":"publish","type":"page","link":"https:\/\/www.normisjon.no\/vebu\/overnattingsmuligheter-goforit-2026\/","title":{"rendered":"Overnattingsmuligheter GOFORIT 2026"},"content":{"rendered":"<div class=\"entry-content alignfull wp-block-post-content has-global-padding is-layout-constrained wp-block-post-content-is-layout-constrained\">\n<p>Hver enkelt ordner i utgangspunktet overnatting selv, men vi har tilbud om felles overnatting de fleste nettene. Dette blir madrass p\u00e5 gulvet i et forsamlingshus. Fellesovernatting koster kr 100 pr pers pr natt og betales p\u00e5 turen. Madrasser har vi med oss, men sovepose\/dyne og senget\u00f8y m\u00e5 hver enkelt ta med.<\/p>\n\n\n\n<p>29. mai: Kommer alternativ (turen fra Vestfossen)<br>29. mai: Felles overnatting p\u00e5 Kviteseid misjonshus (turen fra Vr\u00e5dal)<br>30. mai: Felles overnatting p\u00e5 Notodden bedehus (turen fra Vestfossen)<br>30. mai: Felles overnatting p\u00e5 Seljord Misjonshus (turen fra Vr\u00e5dal)<br>31. mai: Felles overnatting p\u00e5 Notodden bedehus (turen fra Vestfossen)<br>31. mai: Overnatting ordnes selv, mulig \u00e5 booke hytte p\u00e5 <a href=\"https:\/\/sandacamping.no\/\" target=\"_blank\" rel=\"noreferrer noopener\">Sanda camping<\/a> i Seljord. (turen fra Vr\u00e5dal) <br>1. juni: Felles overnatting p\u00e5 B\u00f8 bedehus<br>2. juni: Felles overnatting i Hauges Minde, Skien<br>3. juni: Felles overnatting, Stridsklev kirke, Porsgrunn<br>4. juni: Alle ordner overnatting selv. Mulig \u00e5 booke rom p\u00e5 f.eks. Langesund bad. <br>5. juni: Felles overnatting p\u00e5 Feset bedehus<br>6. juni: Felles overnatting i Hellekirken<br><\/p>\n<\/div>","protected":false},"excerpt":{"rendered":"<p>Hver enkelt ordner i utgangspunktet overnatting selv, men vi har tilbud om felles overnatting de fleste nettene. Dette blir madrass p\u00e5 gulvet i et forsamlingshus. [&hellip;]<\/p>\n","protected":false},"author":24,"featured_media":0,"parent":0,"menu_order":0,"comment_status":"closed","ping_status":"closed","template":"","meta":{"_acf_changed":false,"footnotes":""},"class_list":["post-5661","page","type-page","status-publish","hentry"],"acf":[],"yoast_head":"<!-- This site is optimized with the Yoast SEO plugin v25.9 - https:\/\/yoast.com\/wordpress\/plugins\/seo\/ -->\n<title>Overnattingsmuligheter GOFORIT 2026 - Region VeBu<\/title>\n<meta name=\"robots\" content=\"index, follow, max-snippet:-1, max-image-preview:large, max-video-preview:-1\" \/>\n<link rel=\"canonical\" href=\"https:\/\/www.normisjon.no\/vebu\/overnattingsmuligheter-goforit-2026\/\" \/>\n<meta property=\"og:locale\" content=\"nb_NO\" \/>\n<meta property=\"og:type\" content=\"article\" \/>\n<meta property=\"og:title\" content=\"Overnattingsmuligheter GOFORIT 2026 - Region VeBu\" \/>\n<meta property=\"og:description\" content=\"Hver enkelt ordner i utgangspunktet overnatting selv, men vi har tilbud om felles overnatting de fleste nettene. Dette blir madrass p\u00e5 gulvet i et forsamlingshus. [&hellip;]\" \/>\n<meta property=\"og:url\" content=\"https:\/\/www.normisjon.no\/vebu\/overnattingsmuligheter-goforit-2026\/\" \/>\n<meta property=\"og:site_name\" content=\"Region VeBu\" \/>\n<meta property=\"article:modified_time\" content=\"2026-04-13T11:52:31+00:00\" \/>\n<meta name=\"twitter:card\" content=\"summary_large_image\" \/>\n<meta name=\"twitter:label1\" content=\"Ansl. lesetid\" \/>\n\t<meta name=\"twitter:data1\" content=\"1 minutt\" \/>\n<script type=\"application\/ld+json\" class=\"yoast-schema-graph\">{\"@context\":\"https:\/\/schema.org\",\"@graph\":[{\"@type\":\"WebPage\",\"@id\":\"https:\/\/www.normisjon.no\/vebu\/overnattingsmuligheter-goforit-2026\/\",\"url\":\"https:\/\/www.normisjon.no\/vebu\/overnattingsmuligheter-goforit-2026\/\",\"name\":\"Overnattingsmuligheter GOFORIT 2026 - Region VeBu\",\"isPartOf\":{\"@id\":\"https:\/\/www.normisjon.no\/vebu\/#website\"},\"datePublished\":\"2026-03-24T10:00:59+00:00\",\"dateModified\":\"2026-04-13T11:52:31+00:00\",\"breadcrumb\":{\"@id\":\"https:\/\/www.normisjon.no\/vebu\/overnattingsmuligheter-goforit-2026\/#breadcrumb\"},\"inLanguage\":\"nb-NO\",\"potentialAction\":[{\"@type\":\"ReadAction\",\"target\":[\"https:\/\/www.normisjon.no\/vebu\/overnattingsmuligheter-goforit-2026\/\"]}]},{\"@type\":\"BreadcrumbList\",\"@id\":\"https:\/\/www.normisjon.no\/vebu\/overnattingsmuligheter-goforit-2026\/#breadcrumb\",\"itemListElement\":[{\"@type\":\"ListItem\",\"position\":1,\"name\":\"Home\",\"item\":\"https:\/\/www.normisjon.no\/vebu\/\"},{\"@type\":\"ListItem\",\"position\":2,\"name\":\"Overnattingsmuligheter GOFORIT 2026\"}]},{\"@type\":\"WebSite\",\"@id\":\"https:\/\/www.normisjon.no\/vebu\/#website\",\"url\":\"https:\/\/www.normisjon.no\/vebu\/\",\"name\":\"Region VeBu\",\"description\":\"\",\"potentialAction\":[{\"@type\":\"SearchAction\",\"target\":{\"@type\":\"EntryPoint\",\"urlTemplate\":\"https:\/\/www.normisjon.no\/vebu\/?s={search_term_string}\"},\"query-input\":{\"@type\":\"PropertyValueSpecification\",\"valueRequired\":true,\"valueName\":\"search_term_string\"}}],\"inLanguage\":\"nb-NO\"}]}<\/script>\n<!-- \/ Yoast SEO plugin. -->","yoast_head_json":{"title":"Overnattingsmuligheter GOFORIT 2026 - Region VeBu","robots":{"index":"index","follow":"follow","max-snippet":"max-snippet:-1","max-image-preview":"max-image-preview:large","max-video-preview":"max-video-preview:-1"},"canonical":"https:\/\/www.normisjon.no\/vebu\/overnattingsmuligheter-goforit-2026\/","og_locale":"nb_NO","og_type":"article","og_title":"Overnattingsmuligheter GOFORIT 2026 - Region VeBu","og_description":"Hver enkelt ordner i utgangspunktet overnatting selv, men vi har tilbud om felles overnatting de fleste nettene. Dette blir madrass p\u00e5 gulvet i et forsamlingshus. [&hellip;]","og_url":"https:\/\/www.normisjon.no\/vebu\/overnattingsmuligheter-goforit-2026\/","og_site_name":"Region VeBu","article_modified_time":"2026-04-13T11:52:31+00:00","twitter_card":"summary_large_image","twitter_misc":{"Ansl. lesetid":"1 minutt"},"schema":{"@context":"https:\/\/schema.org","@graph":[{"@type":"WebPage","@id":"https:\/\/www.normisjon.no\/vebu\/overnattingsmuligheter-goforit-2026\/","url":"https:\/\/www.normisjon.no\/vebu\/overnattingsmuligheter-goforit-2026\/","name":"Overnattingsmuligheter GOFORIT 2026 - Region VeBu","isPartOf":{"@id":"https:\/\/www.normisjon.no\/vebu\/#website"},"datePublished":"2026-03-24T10:00:59+00:00","dateModified":"2026-04-13T11:52:31+00:00","breadcrumb":{"@id":"https:\/\/www.normisjon.no\/vebu\/overnattingsmuligheter-goforit-2026\/#breadcrumb"},"inLanguage":"nb-NO","potentialAction":[{"@type":"ReadAction","target":["https:\/\/www.normisjon.no\/vebu\/overnattingsmuligheter-goforit-2026\/"]}]},{"@type":"BreadcrumbList","@id":"https:\/\/www.normisjon.no\/vebu\/overnattingsmuligheter-goforit-2026\/#breadcrumb","itemListElement":[{"@type":"ListItem","position":1,"name":"Home","item":"https:\/\/www.normisjon.no\/vebu\/"},{"@type":"ListItem","position":2,"name":"Overnattingsmuligheter GOFORIT 2026"}]},{"@type":"WebSite","@id":"https:\/\/www.normisjon.no\/vebu\/#website","url":"https:\/\/www.normisjon.no\/vebu\/","name":"Region VeBu","description":"","potentialAction":[{"@type":"SearchAction","target":{"@type":"EntryPoint","urlTemplate":"https:\/\/www.normisjon.no\/vebu\/?s={search_term_string}"},"query-input":{"@type":"PropertyValueSpecification","valueRequired":true,"valueName":"search_term_string"}}],"inLanguage":"nb-NO"}]}},"_links":{"self":[{"href":"https:\/\/www.normisjon.no\/vebu\/wp-json\/wp\/v2\/pages\/5661","targetHints":{"allow":["GET"]}}],"collection":[{"href":"https:\/\/www.normisjon.no\/vebu\/wp-json\/wp\/v2\/pages"}],"about":[{"href":"https:\/\/www.normisjon.no\/vebu\/wp-json\/wp\/v2\/types\/page"}],"author":[{"embeddable":true,"href":"https:\/\/www.normisjon.no\/vebu\/wp-json\/wp\/v2\/users\/24"}],"replies":[{"embeddable":true,"href":"https:\/\/www.normisjon.no\/vebu\/wp-json\/wp\/v2\/comments?post=5661"}],"version-history":[{"count":5,"href":"https:\/\/www.normisjon.no\/vebu\/wp-json\/wp\/v2\/pages\/5661\/revisions"}],"predecessor-version":[{"id":5704,"href":"https:\/\/www.normisjon.no\/vebu\/wp-json\/wp\/v2\/pages\/5661\/revisions\/5704"}],"wp:attachment":[{"href":"https:\/\/www.normisjon.no\/vebu\/wp-json\/wp\/v2\/media?parent=5661"}],"curies":[{"name":"wp","href":"https:\/\/api.w.org\/{rel}","templated":true}]}}