{"id":5747,"date":"2026-04-29T11:04:22","date_gmt":"2026-04-29T09:04:22","guid":{"rendered":"https:\/\/www.normisjon.no\/vebu\/?page_id=5747"},"modified":"2026-04-29T11:04:23","modified_gmt":"2026-04-29T09:04:23","slug":"etappe-kongsberg-notodden","status":"publish","type":"page","link":"https:\/\/www.normisjon.no\/vebu\/etappe-kongsberg-notodden\/","title":{"rendered":"Etappe Kongsberg &#8211; Notodden"},"content":{"rendered":"<div class=\"entry-content alignfull wp-block-post-content has-global-padding is-layout-constrained wp-block-post-content-is-layout-constrained\">\n<p>Kongsberg kirke &#8211; Kirkegata &#8211; M\u00f8llergata &#8211; Kirkeg\u00e5rdsveien &#8211; Sexesgate &#8211; Sandsv\u00e6rveien &#8211; Bergmannsveien &#8211; Sakkerhusveien &#8211; liten vei over til Malmveien &#8211; S\u00f8lvgruvene. Bil fra s\u00f8lvgruvene til Extra Kongsbergveien &#8211; Kongsbergveien &#8211; Hegneskottet &#8211; Bakkegata &#8211; T\u00f8mmerveien &#8211; liten vei over til Kirkegata &#8211; Hydros gate &#8211; Notodden Normisjon<\/p>\n<\/div>","protected":false},"excerpt":{"rendered":"<p>Kongsberg kirke &#8211; Kirkegata &#8211; M\u00f8llergata &#8211; Kirkeg\u00e5rdsveien &#8211; Sexesgate &#8211; Sandsv\u00e6rveien &#8211; Bergmannsveien &#8211; Sakkerhusveien &#8211; liten vei over til Malmveien &#8211; S\u00f8lvgruvene. Bil [&hellip;]<\/p>\n","protected":false},"author":24,"featured_media":0,"parent":0,"menu_order":0,"comment_status":"closed","ping_status":"closed","template":"","meta":{"_acf_changed":false,"footnotes":""},"class_list":["post-5747","page","type-page","status-publish","hentry"],"acf":[],"yoast_head":"<!-- This site is optimized with the Yoast SEO plugin v25.9 - https:\/\/yoast.com\/wordpress\/plugins\/seo\/ -->\n<title>Etappe Kongsberg - Notodden - Region VeBu<\/title>\n<meta name=\"robots\" content=\"index, follow, max-snippet:-1, max-image-preview:large, max-video-preview:-1\" \/>\n<link rel=\"canonical\" href=\"https:\/\/www.normisjon.no\/vebu\/etappe-kongsberg-notodden\/\" \/>\n<meta property=\"og:locale\" content=\"nb_NO\" \/>\n<meta property=\"og:type\" content=\"article\" \/>\n<meta property=\"og:title\" content=\"Etappe Kongsberg - Notodden - Region VeBu\" \/>\n<meta property=\"og:description\" content=\"Kongsberg kirke &#8211; Kirkegata &#8211; M\u00f8llergata &#8211; Kirkeg\u00e5rdsveien &#8211; Sexesgate &#8211; Sandsv\u00e6rveien &#8211; Bergmannsveien &#8211; Sakkerhusveien &#8211; liten vei over til Malmveien &#8211; S\u00f8lvgruvene. Bil [&hellip;]\" \/>\n<meta property=\"og:url\" content=\"https:\/\/www.normisjon.no\/vebu\/etappe-kongsberg-notodden\/\" \/>\n<meta property=\"og:site_name\" content=\"Region VeBu\" \/>\n<meta property=\"article:modified_time\" content=\"2026-04-29T09:04:23+00:00\" \/>\n<meta name=\"twitter:card\" content=\"summary_large_image\" \/>\n<meta name=\"twitter:label1\" content=\"Ansl. lesetid\" \/>\n\t<meta name=\"twitter:data1\" content=\"1 minutt\" \/>\n<script type=\"application\/ld+json\" class=\"yoast-schema-graph\">{\"@context\":\"https:\/\/schema.org\",\"@graph\":[{\"@type\":\"WebPage\",\"@id\":\"https:\/\/www.normisjon.no\/vebu\/etappe-kongsberg-notodden\/\",\"url\":\"https:\/\/www.normisjon.no\/vebu\/etappe-kongsberg-notodden\/\",\"name\":\"Etappe Kongsberg - Notodden - Region VeBu\",\"isPartOf\":{\"@id\":\"https:\/\/www.normisjon.no\/vebu\/#website\"},\"datePublished\":\"2026-04-29T09:04:22+00:00\",\"dateModified\":\"2026-04-29T09:04:23+00:00\",\"breadcrumb\":{\"@id\":\"https:\/\/www.normisjon.no\/vebu\/etappe-kongsberg-notodden\/#breadcrumb\"},\"inLanguage\":\"nb-NO\",\"potentialAction\":[{\"@type\":\"ReadAction\",\"target\":[\"https:\/\/www.normisjon.no\/vebu\/etappe-kongsberg-notodden\/\"]}]},{\"@type\":\"BreadcrumbList\",\"@id\":\"https:\/\/www.normisjon.no\/vebu\/etappe-kongsberg-notodden\/#breadcrumb\",\"itemListElement\":[{\"@type\":\"ListItem\",\"position\":1,\"name\":\"Home\",\"item\":\"https:\/\/www.normisjon.no\/vebu\/\"},{\"@type\":\"ListItem\",\"position\":2,\"name\":\"Etappe Kongsberg &#8211; Notodden\"}]},{\"@type\":\"WebSite\",\"@id\":\"https:\/\/www.normisjon.no\/vebu\/#website\",\"url\":\"https:\/\/www.normisjon.no\/vebu\/\",\"name\":\"Region VeBu\",\"description\":\"\",\"potentialAction\":[{\"@type\":\"SearchAction\",\"target\":{\"@type\":\"EntryPoint\",\"urlTemplate\":\"https:\/\/www.normisjon.no\/vebu\/?s={search_term_string}\"},\"query-input\":{\"@type\":\"PropertyValueSpecification\",\"valueRequired\":true,\"valueName\":\"search_term_string\"}}],\"inLanguage\":\"nb-NO\"}]}<\/script>\n<!-- \/ Yoast SEO plugin. -->","yoast_head_json":{"title":"Etappe Kongsberg - Notodden - Region VeBu","robots":{"index":"index","follow":"follow","max-snippet":"max-snippet:-1","max-image-preview":"max-image-preview:large","max-video-preview":"max-video-preview:-1"},"canonical":"https:\/\/www.normisjon.no\/vebu\/etappe-kongsberg-notodden\/","og_locale":"nb_NO","og_type":"article","og_title":"Etappe Kongsberg - Notodden - Region VeBu","og_description":"Kongsberg kirke &#8211; Kirkegata &#8211; M\u00f8llergata &#8211; Kirkeg\u00e5rdsveien &#8211; Sexesgate &#8211; Sandsv\u00e6rveien &#8211; Bergmannsveien &#8211; Sakkerhusveien &#8211; liten vei over til Malmveien &#8211; S\u00f8lvgruvene. Bil [&hellip;]","og_url":"https:\/\/www.normisjon.no\/vebu\/etappe-kongsberg-notodden\/","og_site_name":"Region VeBu","article_modified_time":"2026-04-29T09:04:23+00:00","twitter_card":"summary_large_image","twitter_misc":{"Ansl. lesetid":"1 minutt"},"schema":{"@context":"https:\/\/schema.org","@graph":[{"@type":"WebPage","@id":"https:\/\/www.normisjon.no\/vebu\/etappe-kongsberg-notodden\/","url":"https:\/\/www.normisjon.no\/vebu\/etappe-kongsberg-notodden\/","name":"Etappe Kongsberg - Notodden - Region VeBu","isPartOf":{"@id":"https:\/\/www.normisjon.no\/vebu\/#website"},"datePublished":"2026-04-29T09:04:22+00:00","dateModified":"2026-04-29T09:04:23+00:00","breadcrumb":{"@id":"https:\/\/www.normisjon.no\/vebu\/etappe-kongsberg-notodden\/#breadcrumb"},"inLanguage":"nb-NO","potentialAction":[{"@type":"ReadAction","target":["https:\/\/www.normisjon.no\/vebu\/etappe-kongsberg-notodden\/"]}]},{"@type":"BreadcrumbList","@id":"https:\/\/www.normisjon.no\/vebu\/etappe-kongsberg-notodden\/#breadcrumb","itemListElement":[{"@type":"ListItem","position":1,"name":"Home","item":"https:\/\/www.normisjon.no\/vebu\/"},{"@type":"ListItem","position":2,"name":"Etappe Kongsberg &#8211; Notodden"}]},{"@type":"WebSite","@id":"https:\/\/www.normisjon.no\/vebu\/#website","url":"https:\/\/www.normisjon.no\/vebu\/","name":"Region VeBu","description":"","potentialAction":[{"@type":"SearchAction","target":{"@type":"EntryPoint","urlTemplate":"https:\/\/www.normisjon.no\/vebu\/?s={search_term_string}"},"query-input":{"@type":"PropertyValueSpecification","valueRequired":true,"valueName":"search_term_string"}}],"inLanguage":"nb-NO"}]}},"_links":{"self":[{"href":"https:\/\/www.normisjon.no\/vebu\/wp-json\/wp\/v2\/pages\/5747","targetHints":{"allow":["GET"]}}],"collection":[{"href":"https:\/\/www.normisjon.no\/vebu\/wp-json\/wp\/v2\/pages"}],"about":[{"href":"https:\/\/www.normisjon.no\/vebu\/wp-json\/wp\/v2\/types\/page"}],"author":[{"embeddable":true,"href":"https:\/\/www.normisjon.no\/vebu\/wp-json\/wp\/v2\/users\/24"}],"replies":[{"embeddable":true,"href":"https:\/\/www.normisjon.no\/vebu\/wp-json\/wp\/v2\/comments?post=5747"}],"version-history":[{"count":2,"href":"https:\/\/www.normisjon.no\/vebu\/wp-json\/wp\/v2\/pages\/5747\/revisions"}],"predecessor-version":[{"id":5776,"href":"https:\/\/www.normisjon.no\/vebu\/wp-json\/wp\/v2\/pages\/5747\/revisions\/5776"}],"wp:attachment":[{"href":"https:\/\/www.normisjon.no\/vebu\/wp-json\/wp\/v2\/media?parent=5747"}],"curies":[{"name":"wp","href":"https:\/\/api.w.org\/{rel}","templated":true}]}}