{"id":5757,"date":"2026-04-29T13:43:15","date_gmt":"2026-04-29T11:43:15","guid":{"rendered":"https:\/\/www.normisjon.no\/vebu\/?page_id=5757"},"modified":"2026-04-29T13:43:16","modified_gmt":"2026-04-29T11:43:16","slug":"etappe-porsgrunn-langesund","status":"publish","type":"page","link":"https:\/\/www.normisjon.no\/vebu\/etappe-porsgrunn-langesund\/","title":{"rendered":"Etappe Porsgrunn &#8211; Langesund"},"content":{"rendered":"<div class=\"entry-content alignfull wp-block-post-content has-global-padding is-layout-constrained wp-block-post-content-is-layout-constrained\">\n<p>Stridsklev kirke &#8211; Stridsklev Ring &#8211; Malmvegen &#8211; Bl\u00e5veiskroken &#8211; under E18 &#8211; \u00d8stvedtvegen &#8211; Damfaret &#8211; Hvalenvegen &#8211; Hagerup Knutsons veg &#8211; T\u00f8mmervegen &#8211; Nedre Lundeveg &#8211; \u00d8vre Lundeveg &#8211; Fjordgl\u00f8ttvegen &#8211; Molstadvegen &#8211; Bryggevegen &#8211;  lite vei til Helle\u00e5svegen &#8211;  Tangenvegen &#8211; Breviksvegen &#8211; Setrevegen &#8211; Storgata &#8211; Langbrygga &#8211; Berget &#8211; Gropkleiva &#8211; Bergvegen &#8211; Breviksvegen &#8211; Breviksbrua &#8211; Gangveien &#8211; Kveldsolveien &#8211; Bergstien -Dalen &#8211; Brochs gate -Strandgata &#8211; Langesundveien &#8211; Stathelleveien &#8211; Stoa -Kongshavn &#8211; Skarpenordveien &#8211; Baneveien &#8211; Kirkeveien &#8211; Linaaes gate &#8211; Langesund kirke<\/p>\n\n\n\n<p><\/p>\n<\/div>","protected":false},"excerpt":{"rendered":"<p>Stridsklev kirke &#8211; Stridsklev Ring &#8211; Malmvegen &#8211; Bl\u00e5veiskroken &#8211; under E18 &#8211; \u00d8stvedtvegen &#8211; Damfaret &#8211; Hvalenvegen &#8211; Hagerup Knutsons veg &#8211; T\u00f8mmervegen &#8211; [&hellip;]<\/p>\n","protected":false},"author":24,"featured_media":0,"parent":0,"menu_order":0,"comment_status":"closed","ping_status":"closed","template":"","meta":{"_acf_changed":false,"footnotes":""},"class_list":["post-5757","page","type-page","status-publish","hentry"],"acf":[],"yoast_head":"<!-- This site is optimized with the Yoast SEO plugin v25.9 - https:\/\/yoast.com\/wordpress\/plugins\/seo\/ -->\n<title>Etappe Porsgrunn - Langesund - Region VeBu<\/title>\n<meta name=\"robots\" content=\"index, follow, max-snippet:-1, max-image-preview:large, max-video-preview:-1\" \/>\n<link rel=\"canonical\" href=\"https:\/\/www.normisjon.no\/vebu\/etappe-porsgrunn-langesund\/\" \/>\n<meta property=\"og:locale\" content=\"nb_NO\" \/>\n<meta property=\"og:type\" content=\"article\" \/>\n<meta property=\"og:title\" content=\"Etappe Porsgrunn - Langesund - Region VeBu\" \/>\n<meta property=\"og:description\" content=\"Stridsklev kirke &#8211; Stridsklev Ring &#8211; Malmvegen &#8211; Bl\u00e5veiskroken &#8211; under E18 &#8211; \u00d8stvedtvegen &#8211; Damfaret &#8211; Hvalenvegen &#8211; Hagerup Knutsons veg &#8211; T\u00f8mmervegen &#8211; [&hellip;]\" \/>\n<meta property=\"og:url\" content=\"https:\/\/www.normisjon.no\/vebu\/etappe-porsgrunn-langesund\/\" \/>\n<meta property=\"og:site_name\" content=\"Region VeBu\" \/>\n<meta property=\"article:modified_time\" content=\"2026-04-29T11:43:16+00:00\" \/>\n<meta name=\"twitter:card\" content=\"summary_large_image\" \/>\n<meta name=\"twitter:label1\" content=\"Ansl. lesetid\" \/>\n\t<meta name=\"twitter:data1\" content=\"1 minutt\" \/>\n<script type=\"application\/ld+json\" class=\"yoast-schema-graph\">{\"@context\":\"https:\/\/schema.org\",\"@graph\":[{\"@type\":\"WebPage\",\"@id\":\"https:\/\/www.normisjon.no\/vebu\/etappe-porsgrunn-langesund\/\",\"url\":\"https:\/\/www.normisjon.no\/vebu\/etappe-porsgrunn-langesund\/\",\"name\":\"Etappe Porsgrunn - Langesund - Region VeBu\",\"isPartOf\":{\"@id\":\"https:\/\/www.normisjon.no\/vebu\/#website\"},\"datePublished\":\"2026-04-29T11:43:15+00:00\",\"dateModified\":\"2026-04-29T11:43:16+00:00\",\"breadcrumb\":{\"@id\":\"https:\/\/www.normisjon.no\/vebu\/etappe-porsgrunn-langesund\/#breadcrumb\"},\"inLanguage\":\"nb-NO\",\"potentialAction\":[{\"@type\":\"ReadAction\",\"target\":[\"https:\/\/www.normisjon.no\/vebu\/etappe-porsgrunn-langesund\/\"]}]},{\"@type\":\"BreadcrumbList\",\"@id\":\"https:\/\/www.normisjon.no\/vebu\/etappe-porsgrunn-langesund\/#breadcrumb\",\"itemListElement\":[{\"@type\":\"ListItem\",\"position\":1,\"name\":\"Home\",\"item\":\"https:\/\/www.normisjon.no\/vebu\/\"},{\"@type\":\"ListItem\",\"position\":2,\"name\":\"Etappe Porsgrunn &#8211; Langesund\"}]},{\"@type\":\"WebSite\",\"@id\":\"https:\/\/www.normisjon.no\/vebu\/#website\",\"url\":\"https:\/\/www.normisjon.no\/vebu\/\",\"name\":\"Region VeBu\",\"description\":\"\",\"potentialAction\":[{\"@type\":\"SearchAction\",\"target\":{\"@type\":\"EntryPoint\",\"urlTemplate\":\"https:\/\/www.normisjon.no\/vebu\/?s={search_term_string}\"},\"query-input\":{\"@type\":\"PropertyValueSpecification\",\"valueRequired\":true,\"valueName\":\"search_term_string\"}}],\"inLanguage\":\"nb-NO\"}]}<\/script>\n<!-- \/ Yoast SEO plugin. -->","yoast_head_json":{"title":"Etappe Porsgrunn - Langesund - Region VeBu","robots":{"index":"index","follow":"follow","max-snippet":"max-snippet:-1","max-image-preview":"max-image-preview:large","max-video-preview":"max-video-preview:-1"},"canonical":"https:\/\/www.normisjon.no\/vebu\/etappe-porsgrunn-langesund\/","og_locale":"nb_NO","og_type":"article","og_title":"Etappe Porsgrunn - Langesund - Region VeBu","og_description":"Stridsklev kirke &#8211; Stridsklev Ring &#8211; Malmvegen &#8211; Bl\u00e5veiskroken &#8211; under E18 &#8211; \u00d8stvedtvegen &#8211; Damfaret &#8211; Hvalenvegen &#8211; Hagerup Knutsons veg &#8211; T\u00f8mmervegen &#8211; [&hellip;]","og_url":"https:\/\/www.normisjon.no\/vebu\/etappe-porsgrunn-langesund\/","og_site_name":"Region VeBu","article_modified_time":"2026-04-29T11:43:16+00:00","twitter_card":"summary_large_image","twitter_misc":{"Ansl. lesetid":"1 minutt"},"schema":{"@context":"https:\/\/schema.org","@graph":[{"@type":"WebPage","@id":"https:\/\/www.normisjon.no\/vebu\/etappe-porsgrunn-langesund\/","url":"https:\/\/www.normisjon.no\/vebu\/etappe-porsgrunn-langesund\/","name":"Etappe Porsgrunn - Langesund - Region VeBu","isPartOf":{"@id":"https:\/\/www.normisjon.no\/vebu\/#website"},"datePublished":"2026-04-29T11:43:15+00:00","dateModified":"2026-04-29T11:43:16+00:00","breadcrumb":{"@id":"https:\/\/www.normisjon.no\/vebu\/etappe-porsgrunn-langesund\/#breadcrumb"},"inLanguage":"nb-NO","potentialAction":[{"@type":"ReadAction","target":["https:\/\/www.normisjon.no\/vebu\/etappe-porsgrunn-langesund\/"]}]},{"@type":"BreadcrumbList","@id":"https:\/\/www.normisjon.no\/vebu\/etappe-porsgrunn-langesund\/#breadcrumb","itemListElement":[{"@type":"ListItem","position":1,"name":"Home","item":"https:\/\/www.normisjon.no\/vebu\/"},{"@type":"ListItem","position":2,"name":"Etappe Porsgrunn &#8211; Langesund"}]},{"@type":"WebSite","@id":"https:\/\/www.normisjon.no\/vebu\/#website","url":"https:\/\/www.normisjon.no\/vebu\/","name":"Region VeBu","description":"","potentialAction":[{"@type":"SearchAction","target":{"@type":"EntryPoint","urlTemplate":"https:\/\/www.normisjon.no\/vebu\/?s={search_term_string}"},"query-input":{"@type":"PropertyValueSpecification","valueRequired":true,"valueName":"search_term_string"}}],"inLanguage":"nb-NO"}]}},"_links":{"self":[{"href":"https:\/\/www.normisjon.no\/vebu\/wp-json\/wp\/v2\/pages\/5757","targetHints":{"allow":["GET"]}}],"collection":[{"href":"https:\/\/www.normisjon.no\/vebu\/wp-json\/wp\/v2\/pages"}],"about":[{"href":"https:\/\/www.normisjon.no\/vebu\/wp-json\/wp\/v2\/types\/page"}],"author":[{"embeddable":true,"href":"https:\/\/www.normisjon.no\/vebu\/wp-json\/wp\/v2\/users\/24"}],"replies":[{"embeddable":true,"href":"https:\/\/www.normisjon.no\/vebu\/wp-json\/wp\/v2\/comments?post=5757"}],"version-history":[{"count":4,"href":"https:\/\/www.normisjon.no\/vebu\/wp-json\/wp\/v2\/pages\/5757\/revisions"}],"predecessor-version":[{"id":5785,"href":"https:\/\/www.normisjon.no\/vebu\/wp-json\/wp\/v2\/pages\/5757\/revisions\/5785"}],"wp:attachment":[{"href":"https:\/\/www.normisjon.no\/vebu\/wp-json\/wp\/v2\/media?parent=5757"}],"curies":[{"name":"wp","href":"https:\/\/api.w.org\/{rel}","templated":true}]}}