{"id":5763,"date":"2026-04-29T14:19:25","date_gmt":"2026-04-29T12:19:25","guid":{"rendered":"https:\/\/www.normisjon.no\/vebu\/?page_id=5763"},"modified":"2026-04-29T14:19:25","modified_gmt":"2026-04-29T12:19:25","slug":"etappe-helle-kragero","status":"publish","type":"page","link":"https:\/\/www.normisjon.no\/vebu\/etappe-helle-kragero\/","title":{"rendered":"Etappe Helle &#8211; Krager\u00f8"},"content":{"rendered":"<div class=\"entry-content alignfull wp-block-post-content has-global-padding is-layout-constrained wp-block-post-content-is-layout-constrained\">\n<p>Hellekirken &#8211; R\u00e5dyrveien &#8211; Helleveien &#8211; Krager\u00f8veien\/38 &#8211; Fv253 &#8211; Dalaneveien &#8211; Nordre Kalstadvei &#8211; Symreveien &#8211; Tursti &#8211; over Krager\u00f8veien &#8211; Sch\u00f8nbergs vei &#8211; Gamle Krager\u00f8vei &#8211; Granholthagen\/Gamle Krager\u00f8vei 81<\/p>\n\n\n\n<p><strong>Sjarm\u00f8retappen:<\/strong> Granholthagen\/Gamle Krager\u00f8vei 81 &#8211; Gamle Krager\u00f8vei &#8211; Kirkegata &#8211; Storgata &#8211; R\u00e5dhusgata &#8211; R\u00e5dhuset &#8211; R\u00e5dhusgata &#8211; Storgata &#8211; Th. Kittelsens vei &#8211; Lauersens bakke &#8211; Torvgata &#8211; Nordraaks gate &#8211; And\u00f8lingen &#8211; Skippergata &#8211; J\u00f8ransberg &#8211; Krager\u00f8 kirke<\/p>\n\n\n\n<p><\/p>\n<\/div>","protected":false},"excerpt":{"rendered":"<p>Hellekirken &#8211; R\u00e5dyrveien &#8211; Helleveien &#8211; Krager\u00f8veien\/38 &#8211; Fv253 &#8211; Dalaneveien &#8211; Nordre Kalstadvei &#8211; Symreveien &#8211; Tursti &#8211; over Krager\u00f8veien &#8211; Sch\u00f8nbergs vei &#8211; [&hellip;]<\/p>\n","protected":false},"author":24,"featured_media":0,"parent":0,"menu_order":0,"comment_status":"closed","ping_status":"closed","template":"","meta":{"_acf_changed":false,"footnotes":""},"class_list":["post-5763","page","type-page","status-publish","hentry"],"acf":[],"yoast_head":"<!-- This site is optimized with the Yoast SEO plugin v25.9 - https:\/\/yoast.com\/wordpress\/plugins\/seo\/ -->\n<title>Etappe Helle - Krager\u00f8 - Region VeBu<\/title>\n<meta name=\"robots\" content=\"index, follow, max-snippet:-1, max-image-preview:large, max-video-preview:-1\" \/>\n<link rel=\"canonical\" href=\"https:\/\/www.normisjon.no\/vebu\/etappe-helle-kragero\/\" \/>\n<meta property=\"og:locale\" content=\"nb_NO\" \/>\n<meta property=\"og:type\" content=\"article\" \/>\n<meta property=\"og:title\" content=\"Etappe Helle - Krager\u00f8 - Region VeBu\" \/>\n<meta property=\"og:description\" content=\"Hellekirken &#8211; R\u00e5dyrveien &#8211; Helleveien &#8211; Krager\u00f8veien\/38 &#8211; Fv253 &#8211; Dalaneveien &#8211; Nordre Kalstadvei &#8211; Symreveien &#8211; Tursti &#8211; over Krager\u00f8veien &#8211; Sch\u00f8nbergs vei &#8211; [&hellip;]\" \/>\n<meta property=\"og:url\" content=\"https:\/\/www.normisjon.no\/vebu\/etappe-helle-kragero\/\" \/>\n<meta property=\"og:site_name\" content=\"Region VeBu\" \/>\n<meta name=\"twitter:card\" content=\"summary_large_image\" \/>\n<meta name=\"twitter:label1\" content=\"Ansl. lesetid\" \/>\n\t<meta name=\"twitter:data1\" content=\"1 minutt\" \/>\n<script type=\"application\/ld+json\" class=\"yoast-schema-graph\">{\"@context\":\"https:\/\/schema.org\",\"@graph\":[{\"@type\":\"WebPage\",\"@id\":\"https:\/\/www.normisjon.no\/vebu\/etappe-helle-kragero\/\",\"url\":\"https:\/\/www.normisjon.no\/vebu\/etappe-helle-kragero\/\",\"name\":\"Etappe Helle - Krager\u00f8 - Region VeBu\",\"isPartOf\":{\"@id\":\"https:\/\/www.normisjon.no\/vebu\/#website\"},\"datePublished\":\"2026-04-29T12:19:25+00:00\",\"breadcrumb\":{\"@id\":\"https:\/\/www.normisjon.no\/vebu\/etappe-helle-kragero\/#breadcrumb\"},\"inLanguage\":\"nb-NO\",\"potentialAction\":[{\"@type\":\"ReadAction\",\"target\":[\"https:\/\/www.normisjon.no\/vebu\/etappe-helle-kragero\/\"]}]},{\"@type\":\"BreadcrumbList\",\"@id\":\"https:\/\/www.normisjon.no\/vebu\/etappe-helle-kragero\/#breadcrumb\",\"itemListElement\":[{\"@type\":\"ListItem\",\"position\":1,\"name\":\"Home\",\"item\":\"https:\/\/www.normisjon.no\/vebu\/\"},{\"@type\":\"ListItem\",\"position\":2,\"name\":\"Etappe Helle &#8211; Krager\u00f8\"}]},{\"@type\":\"WebSite\",\"@id\":\"https:\/\/www.normisjon.no\/vebu\/#website\",\"url\":\"https:\/\/www.normisjon.no\/vebu\/\",\"name\":\"Region VeBu\",\"description\":\"\",\"potentialAction\":[{\"@type\":\"SearchAction\",\"target\":{\"@type\":\"EntryPoint\",\"urlTemplate\":\"https:\/\/www.normisjon.no\/vebu\/?s={search_term_string}\"},\"query-input\":{\"@type\":\"PropertyValueSpecification\",\"valueRequired\":true,\"valueName\":\"search_term_string\"}}],\"inLanguage\":\"nb-NO\"}]}<\/script>\n<!-- \/ Yoast SEO plugin. -->","yoast_head_json":{"title":"Etappe Helle - Krager\u00f8 - Region VeBu","robots":{"index":"index","follow":"follow","max-snippet":"max-snippet:-1","max-image-preview":"max-image-preview:large","max-video-preview":"max-video-preview:-1"},"canonical":"https:\/\/www.normisjon.no\/vebu\/etappe-helle-kragero\/","og_locale":"nb_NO","og_type":"article","og_title":"Etappe Helle - Krager\u00f8 - Region VeBu","og_description":"Hellekirken &#8211; R\u00e5dyrveien &#8211; Helleveien &#8211; Krager\u00f8veien\/38 &#8211; Fv253 &#8211; Dalaneveien &#8211; Nordre Kalstadvei &#8211; Symreveien &#8211; Tursti &#8211; over Krager\u00f8veien &#8211; Sch\u00f8nbergs vei &#8211; [&hellip;]","og_url":"https:\/\/www.normisjon.no\/vebu\/etappe-helle-kragero\/","og_site_name":"Region VeBu","twitter_card":"summary_large_image","twitter_misc":{"Ansl. lesetid":"1 minutt"},"schema":{"@context":"https:\/\/schema.org","@graph":[{"@type":"WebPage","@id":"https:\/\/www.normisjon.no\/vebu\/etappe-helle-kragero\/","url":"https:\/\/www.normisjon.no\/vebu\/etappe-helle-kragero\/","name":"Etappe Helle - Krager\u00f8 - Region VeBu","isPartOf":{"@id":"https:\/\/www.normisjon.no\/vebu\/#website"},"datePublished":"2026-04-29T12:19:25+00:00","breadcrumb":{"@id":"https:\/\/www.normisjon.no\/vebu\/etappe-helle-kragero\/#breadcrumb"},"inLanguage":"nb-NO","potentialAction":[{"@type":"ReadAction","target":["https:\/\/www.normisjon.no\/vebu\/etappe-helle-kragero\/"]}]},{"@type":"BreadcrumbList","@id":"https:\/\/www.normisjon.no\/vebu\/etappe-helle-kragero\/#breadcrumb","itemListElement":[{"@type":"ListItem","position":1,"name":"Home","item":"https:\/\/www.normisjon.no\/vebu\/"},{"@type":"ListItem","position":2,"name":"Etappe Helle &#8211; Krager\u00f8"}]},{"@type":"WebSite","@id":"https:\/\/www.normisjon.no\/vebu\/#website","url":"https:\/\/www.normisjon.no\/vebu\/","name":"Region VeBu","description":"","potentialAction":[{"@type":"SearchAction","target":{"@type":"EntryPoint","urlTemplate":"https:\/\/www.normisjon.no\/vebu\/?s={search_term_string}"},"query-input":{"@type":"PropertyValueSpecification","valueRequired":true,"valueName":"search_term_string"}}],"inLanguage":"nb-NO"}]}},"_links":{"self":[{"href":"https:\/\/www.normisjon.no\/vebu\/wp-json\/wp\/v2\/pages\/5763","targetHints":{"allow":["GET"]}}],"collection":[{"href":"https:\/\/www.normisjon.no\/vebu\/wp-json\/wp\/v2\/pages"}],"about":[{"href":"https:\/\/www.normisjon.no\/vebu\/wp-json\/wp\/v2\/types\/page"}],"author":[{"embeddable":true,"href":"https:\/\/www.normisjon.no\/vebu\/wp-json\/wp\/v2\/users\/24"}],"replies":[{"embeddable":true,"href":"https:\/\/www.normisjon.no\/vebu\/wp-json\/wp\/v2\/comments?post=5763"}],"version-history":[{"count":2,"href":"https:\/\/www.normisjon.no\/vebu\/wp-json\/wp\/v2\/pages\/5763\/revisions"}],"predecessor-version":[{"id":5791,"href":"https:\/\/www.normisjon.no\/vebu\/wp-json\/wp\/v2\/pages\/5763\/revisions\/5791"}],"wp:attachment":[{"href":"https:\/\/www.normisjon.no\/vebu\/wp-json\/wp\/v2\/media?parent=5763"}],"curies":[{"name":"wp","href":"https:\/\/api.w.org\/{rel}","templated":true}]}}