{"id":5806,"date":"2026-05-07T10:23:24","date_gmt":"2026-05-07T08:23:24","guid":{"rendered":"https:\/\/www.normisjon.no\/vebu\/?page_id=5806"},"modified":"2026-05-07T11:06:17","modified_gmt":"2026-05-07T09:06:17","slug":"mariahelg-2026","status":"publish","type":"page","link":"https:\/\/www.normisjon.no\/vebu\/mariahelg-2026\/","title":{"rendered":"Mariahelg 2026"},"content":{"rendered":"<div class=\"entry-content alignfull wp-block-post-content has-global-padding is-layout-constrained wp-block-post-content-is-layout-constrained\">\n<p>23.-24. oktober inviteres alle damer til avkobling og p\u00e5kobling p\u00e5 Strand leirsted i Sandefjord.<\/p>\n\n\n\n<p>Tema for helga er: Glede.<\/p>\n\n\n\n<p>Med oss denne helga har vi Heidi Halvorsen og Heidi Gellein. <a href=\"https:\/\/www.normisjon.no\/vebu\/gjester-mariahelg-2026\/\" target=\"_blank\" rel=\"noreferrer noopener\">Les mer her.<\/a><\/p>\n\n\n\n<p><a href=\"https:\/\/www.normisjon.no\/vebu\/program-mariahleg-2026\/\" target=\"_blank\" rel=\"noreferrer noopener\">Program<\/a><\/p>\n\n\n\n<p><a href=\"https:\/\/www.normisjon.no\/vebu\/praktisk-info-mariahelg-2026\/\" target=\"_blank\" rel=\"noreferrer noopener\">Praktisk info og priser<\/a><\/p>\n\n\n\n<p>Har du sp\u00f8rsm\u00e5l, ta kontakt med Gunn-Marit p\u00e5 e-post <a href=\"mailto:gunn.marit.selle@normisjon.no\">gunn.marit.selle@normisjon.n<\/a><a href=\"https:\/\/www.normisjon.no\/vebu\/wp-admin\/gunn.marit.selle@normisjon.no\">o<\/a> eller telefon 406 03 097.<br><br><a href=\"https:\/\/www.normisjon.no\/content\/uploads\/sites\/22\/2026\/05\/Brosjyre-2026.pdf\" target=\"_blank\" rel=\"noreferrer noopener\">Last ned brosjyre<\/a><br><\/p>\n\n\n\n<p>Meld deg p\u00e5 her:<\/p>\n<\/div><div id=\"module-0\" class=\"hogan-module hogan-module-text hogan-module-0\"><div class=\"hogan-module-inner\"><div id=\"checkin_registration\"><\/div>\n<p><script src=\"https:\/\/registration.checkin.no\/registration.loader.js\" data-event-id=\"222101\" async><\/script><\/p><\/div><\/div>","protected":false},"excerpt":{"rendered":"<p>23.-24. oktober inviteres alle damer til avkobling og p\u00e5kobling p\u00e5 Strand leirsted i Sandefjord. Tema for helga er: Glede. Med oss denne helga har vi [&hellip;]<\/p>\n","protected":false},"author":24,"featured_media":5821,"parent":0,"menu_order":0,"comment_status":"closed","ping_status":"closed","template":"","meta":{"_acf_changed":false,"footnotes":""},"class_list":["post-5806","page","type-page","status-publish","has-post-thumbnail","hentry"],"acf":[],"yoast_head":"<!-- This site is optimized with the Yoast SEO plugin v25.9 - https:\/\/yoast.com\/wordpress\/plugins\/seo\/ -->\n<title>Mariahelg 2026 - Region VeBu<\/title>\n<meta name=\"robots\" content=\"index, follow, max-snippet:-1, max-image-preview:large, max-video-preview:-1\" \/>\n<link rel=\"canonical\" href=\"https:\/\/www.normisjon.no\/vebu\/mariahelg-2026\/\" \/>\n<meta property=\"og:locale\" content=\"nb_NO\" \/>\n<meta property=\"og:type\" content=\"article\" \/>\n<meta property=\"og:title\" content=\"Mariahelg 2026 - Region VeBu\" \/>\n<meta property=\"og:description\" content=\"23.-24. oktober inviteres alle damer til avkobling og p\u00e5kobling p\u00e5 Strand leirsted i Sandefjord. Tema for helga er: Glede. Med oss denne helga har vi [&hellip;]\" \/>\n<meta property=\"og:url\" content=\"https:\/\/www.normisjon.no\/vebu\/mariahelg-2026\/\" \/>\n<meta property=\"og:site_name\" content=\"Region VeBu\" \/>\n<meta property=\"article:modified_time\" content=\"2026-05-07T09:06:17+00:00\" \/>\n<meta property=\"og:image\" content=\"https:\/\/www.normisjon.no\/content\/uploads\/sites\/22\/2026\/05\/Fremhevet-bilde.jpg\" \/>\n\t<meta property=\"og:image:width\" content=\"968\" \/>\n\t<meta property=\"og:image:height\" content=\"720\" \/>\n\t<meta property=\"og:image:type\" content=\"image\/jpeg\" \/>\n<meta name=\"twitter:card\" content=\"summary_large_image\" \/>\n<meta name=\"twitter:label1\" content=\"Ansl. lesetid\" \/>\n\t<meta name=\"twitter:data1\" content=\"1 minutt\" \/>\n<script type=\"application\/ld+json\" class=\"yoast-schema-graph\">{\"@context\":\"https:\/\/schema.org\",\"@graph\":[{\"@type\":\"WebPage\",\"@id\":\"https:\/\/www.normisjon.no\/vebu\/mariahelg-2026\/\",\"url\":\"https:\/\/www.normisjon.no\/vebu\/mariahelg-2026\/\",\"name\":\"Mariahelg 2026 - Region VeBu\",\"isPartOf\":{\"@id\":\"https:\/\/www.normisjon.no\/vebu\/#website\"},\"primaryImageOfPage\":{\"@id\":\"https:\/\/www.normisjon.no\/vebu\/mariahelg-2026\/#primaryimage\"},\"image\":{\"@id\":\"https:\/\/www.normisjon.no\/vebu\/mariahelg-2026\/#primaryimage\"},\"thumbnailUrl\":\"https:\/\/www.normisjon.no\/content\/uploads\/sites\/22\/2026\/05\/Fremhevet-bilde.jpg\",\"datePublished\":\"2026-05-07T08:23:24+00:00\",\"dateModified\":\"2026-05-07T09:06:17+00:00\",\"breadcrumb\":{\"@id\":\"https:\/\/www.normisjon.no\/vebu\/mariahelg-2026\/#breadcrumb\"},\"inLanguage\":\"nb-NO\",\"potentialAction\":[{\"@type\":\"ReadAction\",\"target\":[\"https:\/\/www.normisjon.no\/vebu\/mariahelg-2026\/\"]}]},{\"@type\":\"ImageObject\",\"inLanguage\":\"nb-NO\",\"@id\":\"https:\/\/www.normisjon.no\/vebu\/mariahelg-2026\/#primaryimage\",\"url\":\"https:\/\/www.normisjon.no\/content\/uploads\/sites\/22\/2026\/05\/Fremhevet-bilde.jpg\",\"contentUrl\":\"https:\/\/www.normisjon.no\/content\/uploads\/sites\/22\/2026\/05\/Fremhevet-bilde.jpg\",\"width\":968,\"height\":720},{\"@type\":\"BreadcrumbList\",\"@id\":\"https:\/\/www.normisjon.no\/vebu\/mariahelg-2026\/#breadcrumb\",\"itemListElement\":[{\"@type\":\"ListItem\",\"position\":1,\"name\":\"Home\",\"item\":\"https:\/\/www.normisjon.no\/vebu\/\"},{\"@type\":\"ListItem\",\"position\":2,\"name\":\"Mariahelg 2026\"}]},{\"@type\":\"WebSite\",\"@id\":\"https:\/\/www.normisjon.no\/vebu\/#website\",\"url\":\"https:\/\/www.normisjon.no\/vebu\/\",\"name\":\"Region VeBu\",\"description\":\"\",\"potentialAction\":[{\"@type\":\"SearchAction\",\"target\":{\"@type\":\"EntryPoint\",\"urlTemplate\":\"https:\/\/www.normisjon.no\/vebu\/?s={search_term_string}\"},\"query-input\":{\"@type\":\"PropertyValueSpecification\",\"valueRequired\":true,\"valueName\":\"search_term_string\"}}],\"inLanguage\":\"nb-NO\"}]}<\/script>\n<!-- \/ Yoast SEO plugin. -->","yoast_head_json":{"title":"Mariahelg 2026 - Region VeBu","robots":{"index":"index","follow":"follow","max-snippet":"max-snippet:-1","max-image-preview":"max-image-preview:large","max-video-preview":"max-video-preview:-1"},"canonical":"https:\/\/www.normisjon.no\/vebu\/mariahelg-2026\/","og_locale":"nb_NO","og_type":"article","og_title":"Mariahelg 2026 - Region VeBu","og_description":"23.-24. oktober inviteres alle damer til avkobling og p\u00e5kobling p\u00e5 Strand leirsted i Sandefjord. Tema for helga er: Glede. Med oss denne helga har vi [&hellip;]","og_url":"https:\/\/www.normisjon.no\/vebu\/mariahelg-2026\/","og_site_name":"Region VeBu","article_modified_time":"2026-05-07T09:06:17+00:00","og_image":[{"width":968,"height":720,"url":"https:\/\/www.normisjon.no\/content\/uploads\/sites\/22\/2026\/05\/Fremhevet-bilde.jpg","type":"image\/jpeg"}],"twitter_card":"summary_large_image","twitter_misc":{"Ansl. lesetid":"1 minutt"},"schema":{"@context":"https:\/\/schema.org","@graph":[{"@type":"WebPage","@id":"https:\/\/www.normisjon.no\/vebu\/mariahelg-2026\/","url":"https:\/\/www.normisjon.no\/vebu\/mariahelg-2026\/","name":"Mariahelg 2026 - Region VeBu","isPartOf":{"@id":"https:\/\/www.normisjon.no\/vebu\/#website"},"primaryImageOfPage":{"@id":"https:\/\/www.normisjon.no\/vebu\/mariahelg-2026\/#primaryimage"},"image":{"@id":"https:\/\/www.normisjon.no\/vebu\/mariahelg-2026\/#primaryimage"},"thumbnailUrl":"https:\/\/www.normisjon.no\/content\/uploads\/sites\/22\/2026\/05\/Fremhevet-bilde.jpg","datePublished":"2026-05-07T08:23:24+00:00","dateModified":"2026-05-07T09:06:17+00:00","breadcrumb":{"@id":"https:\/\/www.normisjon.no\/vebu\/mariahelg-2026\/#breadcrumb"},"inLanguage":"nb-NO","potentialAction":[{"@type":"ReadAction","target":["https:\/\/www.normisjon.no\/vebu\/mariahelg-2026\/"]}]},{"@type":"ImageObject","inLanguage":"nb-NO","@id":"https:\/\/www.normisjon.no\/vebu\/mariahelg-2026\/#primaryimage","url":"https:\/\/www.normisjon.no\/content\/uploads\/sites\/22\/2026\/05\/Fremhevet-bilde.jpg","contentUrl":"https:\/\/www.normisjon.no\/content\/uploads\/sites\/22\/2026\/05\/Fremhevet-bilde.jpg","width":968,"height":720},{"@type":"BreadcrumbList","@id":"https:\/\/www.normisjon.no\/vebu\/mariahelg-2026\/#breadcrumb","itemListElement":[{"@type":"ListItem","position":1,"name":"Home","item":"https:\/\/www.normisjon.no\/vebu\/"},{"@type":"ListItem","position":2,"name":"Mariahelg 2026"}]},{"@type":"WebSite","@id":"https:\/\/www.normisjon.no\/vebu\/#website","url":"https:\/\/www.normisjon.no\/vebu\/","name":"Region VeBu","description":"","potentialAction":[{"@type":"SearchAction","target":{"@type":"EntryPoint","urlTemplate":"https:\/\/www.normisjon.no\/vebu\/?s={search_term_string}"},"query-input":{"@type":"PropertyValueSpecification","valueRequired":true,"valueName":"search_term_string"}}],"inLanguage":"nb-NO"}]}},"_links":{"self":[{"href":"https:\/\/www.normisjon.no\/vebu\/wp-json\/wp\/v2\/pages\/5806","targetHints":{"allow":["GET"]}}],"collection":[{"href":"https:\/\/www.normisjon.no\/vebu\/wp-json\/wp\/v2\/pages"}],"about":[{"href":"https:\/\/www.normisjon.no\/vebu\/wp-json\/wp\/v2\/types\/page"}],"author":[{"embeddable":true,"href":"https:\/\/www.normisjon.no\/vebu\/wp-json\/wp\/v2\/users\/24"}],"replies":[{"embeddable":true,"href":"https:\/\/www.normisjon.no\/vebu\/wp-json\/wp\/v2\/comments?post=5806"}],"version-history":[{"count":3,"href":"https:\/\/www.normisjon.no\/vebu\/wp-json\/wp\/v2\/pages\/5806\/revisions"}],"predecessor-version":[{"id":5823,"href":"https:\/\/www.normisjon.no\/vebu\/wp-json\/wp\/v2\/pages\/5806\/revisions\/5823"}],"wp:featuredmedia":[{"embeddable":true,"href":"https:\/\/www.normisjon.no\/vebu\/wp-json\/wp\/v2\/media\/5821"}],"wp:attachment":[{"href":"https:\/\/www.normisjon.no\/vebu\/wp-json\/wp\/v2\/media?parent=5806"}],"curies":[{"name":"wp","href":"https:\/\/api.w.org\/{rel}","templated":true}]}}