{"id":5809,"date":"2026-05-07T10:42:22","date_gmt":"2026-05-07T08:42:22","guid":{"rendered":"https:\/\/www.normisjon.no\/vebu\/?page_id=5809"},"modified":"2026-05-07T10:42:22","modified_gmt":"2026-05-07T08:42:22","slug":"gjester-mariahelg-2026","status":"publish","type":"page","link":"https:\/\/www.normisjon.no\/vebu\/gjester-mariahelg-2026\/","title":{"rendered":"Gjester Mariahelg 2026"},"content":{"rendered":"<div class=\"entry-content alignfull wp-block-post-content has-global-padding is-layout-constrained wp-block-post-content-is-layout-constrained\">\n<div class=\"wp-block-media-text is-stacked-on-mobile\"><figure class=\"wp-block-media-text__media\"><img loading=\"lazy\" decoding=\"async\" width=\"397\" height=\"403\" src=\"https:\/\/www.normisjon.no\/content\/uploads\/sites\/22\/2026\/05\/Heidi-Halvorsen.jpg\" alt=\"\" class=\"wp-image-5813 size-full\" srcset=\"https:\/\/www.normisjon.no\/content\/uploads\/sites\/22\/2026\/05\/Heidi-Halvorsen.jpg 397w, https:\/\/www.normisjon.no\/content\/uploads\/sites\/22\/2026\/05\/Heidi-Halvorsen-296x300.jpg 296w\" sizes=\"auto, (max-width: 397px) 100vw, 397px\" \/><\/figure><div class=\"wp-block-media-text__content\">\n<p>Heidi Halvorsen er 48 \u00e5r, gift med Torkjell og har to nesten voksne barn og bor i V\u00e5le.<\/p>\n\n\n\n<p>Heidi jobber p\u00e5 Re vgs og er utdannet spesialpedagog. Hun har gitt ut to diktsamlinger, og hennes tredje bok, \u00abMed mine \u00f8yne\u00bb, kommer i september. Der forteller hun sin historie om \u00e5 vokse opp med sv\u00e6rt d\u00e5rlig syn uten \u00e5 vite det for s\u00e5 \u00e5 bli helt blind.<\/p>\n\n\n\n<p>Hun reiser ogs\u00e5 med forestillingen som har samme navn som den kommende boka. Det er denne forestillingen vi skal f\u00e5 se fredag kveld. Den handler om hennes liv, om det \u00e5 miste synet og om det \u00e5 finne seg selv og gleden igjen.<\/p>\n<\/div><\/div>\n\n\n\n<div class=\"wp-block-media-text is-stacked-on-mobile\"><figure class=\"wp-block-media-text__media\"><img loading=\"lazy\" decoding=\"async\" width=\"683\" height=\"1024\" src=\"https:\/\/www.normisjon.no\/content\/uploads\/sites\/22\/2026\/05\/Heidi-Gellein-683x1024.jpg\" alt=\"\" class=\"wp-image-5811 size-full\" srcset=\"https:\/\/www.normisjon.no\/content\/uploads\/sites\/22\/2026\/05\/Heidi-Gellein-683x1024.jpg 683w, https:\/\/www.normisjon.no\/content\/uploads\/sites\/22\/2026\/05\/Heidi-Gellein-200x300.jpg 200w, https:\/\/www.normisjon.no\/content\/uploads\/sites\/22\/2026\/05\/Heidi-Gellein-768x1152.jpg 768w, https:\/\/www.normisjon.no\/content\/uploads\/sites\/22\/2026\/05\/Heidi-Gellein-1024x1536.jpg 1024w, https:\/\/www.normisjon.no\/content\/uploads\/sites\/22\/2026\/05\/Heidi-Gellein-1280x1920.jpg 1280w, https:\/\/www.normisjon.no\/content\/uploads\/sites\/22\/2026\/05\/Heidi-Gellein-640x960.jpg 640w, https:\/\/www.normisjon.no\/content\/uploads\/sites\/22\/2026\/05\/Heidi-Gellein.jpg 1365w\" sizes=\"auto, (max-width: 683px) 100vw, 683px\" \/><\/figure><div class=\"wp-block-media-text__content\">\n<p>Heidi Gellein bor i Grimstad sammen med mann og tre ten\u00e5ringsbarn. Hun jobber som sosiall\u00e6rer og milj\u00f8arbeider p\u00e5 Drottningborg ungdomsskole. Heidi elsker \u00e5 formidle Jesus og \u00e6rlig liv og tro. Dette har resultert i seks b\u00f8ker utgitt p\u00e5 Luther forlag og mange taler rundt i Norge. Siste boka, Glede, kom i mai 2025.<\/p>\n<\/div><\/div>\n<\/div>","protected":false},"excerpt":{"rendered":"<p>Heidi Halvorsen er 48 \u00e5r, gift med Torkjell og har to nesten voksne barn og bor i V\u00e5le. Heidi jobber p\u00e5 Re vgs og er [&hellip;]<\/p>\n","protected":false},"author":24,"featured_media":0,"parent":0,"menu_order":0,"comment_status":"closed","ping_status":"closed","template":"","meta":{"_acf_changed":false,"footnotes":""},"class_list":["post-5809","page","type-page","status-publish","hentry"],"acf":[],"yoast_head":"<!-- This site is optimized with the Yoast SEO plugin v25.9 - https:\/\/yoast.com\/wordpress\/plugins\/seo\/ -->\n<title>Gjester Mariahelg 2026 - Region VeBu<\/title>\n<meta name=\"robots\" content=\"index, follow, max-snippet:-1, max-image-preview:large, max-video-preview:-1\" \/>\n<link rel=\"canonical\" href=\"https:\/\/www.normisjon.no\/vebu\/gjester-mariahelg-2026\/\" \/>\n<meta property=\"og:locale\" content=\"nb_NO\" \/>\n<meta property=\"og:type\" content=\"article\" \/>\n<meta property=\"og:title\" content=\"Gjester Mariahelg 2026 - Region VeBu\" \/>\n<meta property=\"og:description\" content=\"Heidi Halvorsen er 48 \u00e5r, gift med Torkjell og har to nesten voksne barn og bor i V\u00e5le. Heidi jobber p\u00e5 Re vgs og er [&hellip;]\" \/>\n<meta property=\"og:url\" content=\"https:\/\/www.normisjon.no\/vebu\/gjester-mariahelg-2026\/\" \/>\n<meta property=\"og:site_name\" content=\"Region VeBu\" \/>\n<meta property=\"og:image\" content=\"https:\/\/www.normisjon.no\/content\/uploads\/sites\/22\/2026\/05\/Heidi-Halvorsen.jpg\" \/>\n\t<meta property=\"og:image:width\" content=\"397\" \/>\n\t<meta property=\"og:image:height\" content=\"403\" \/>\n\t<meta property=\"og:image:type\" content=\"image\/jpeg\" \/>\n<meta name=\"twitter:card\" content=\"summary_large_image\" \/>\n<meta name=\"twitter:label1\" content=\"Ansl. lesetid\" \/>\n\t<meta name=\"twitter:data1\" content=\"2 minutter\" \/>\n<script type=\"application\/ld+json\" class=\"yoast-schema-graph\">{\"@context\":\"https:\/\/schema.org\",\"@graph\":[{\"@type\":\"WebPage\",\"@id\":\"https:\/\/www.normisjon.no\/vebu\/gjester-mariahelg-2026\/\",\"url\":\"https:\/\/www.normisjon.no\/vebu\/gjester-mariahelg-2026\/\",\"name\":\"Gjester Mariahelg 2026 - Region VeBu\",\"isPartOf\":{\"@id\":\"https:\/\/www.normisjon.no\/vebu\/#website\"},\"primaryImageOfPage\":{\"@id\":\"https:\/\/www.normisjon.no\/vebu\/gjester-mariahelg-2026\/#primaryimage\"},\"image\":{\"@id\":\"https:\/\/www.normisjon.no\/vebu\/gjester-mariahelg-2026\/#primaryimage\"},\"thumbnailUrl\":\"https:\/\/www.normisjon.no\/content\/uploads\/sites\/22\/2026\/05\/Heidi-Halvorsen.jpg\",\"datePublished\":\"2026-05-07T08:42:22+00:00\",\"breadcrumb\":{\"@id\":\"https:\/\/www.normisjon.no\/vebu\/gjester-mariahelg-2026\/#breadcrumb\"},\"inLanguage\":\"nb-NO\",\"potentialAction\":[{\"@type\":\"ReadAction\",\"target\":[\"https:\/\/www.normisjon.no\/vebu\/gjester-mariahelg-2026\/\"]}]},{\"@type\":\"ImageObject\",\"inLanguage\":\"nb-NO\",\"@id\":\"https:\/\/www.normisjon.no\/vebu\/gjester-mariahelg-2026\/#primaryimage\",\"url\":\"https:\/\/www.normisjon.no\/content\/uploads\/sites\/22\/2026\/05\/Heidi-Halvorsen.jpg\",\"contentUrl\":\"https:\/\/www.normisjon.no\/content\/uploads\/sites\/22\/2026\/05\/Heidi-Halvorsen.jpg\"},{\"@type\":\"BreadcrumbList\",\"@id\":\"https:\/\/www.normisjon.no\/vebu\/gjester-mariahelg-2026\/#breadcrumb\",\"itemListElement\":[{\"@type\":\"ListItem\",\"position\":1,\"name\":\"Home\",\"item\":\"https:\/\/www.normisjon.no\/vebu\/\"},{\"@type\":\"ListItem\",\"position\":2,\"name\":\"Gjester Mariahelg 2026\"}]},{\"@type\":\"WebSite\",\"@id\":\"https:\/\/www.normisjon.no\/vebu\/#website\",\"url\":\"https:\/\/www.normisjon.no\/vebu\/\",\"name\":\"Region VeBu\",\"description\":\"\",\"potentialAction\":[{\"@type\":\"SearchAction\",\"target\":{\"@type\":\"EntryPoint\",\"urlTemplate\":\"https:\/\/www.normisjon.no\/vebu\/?s={search_term_string}\"},\"query-input\":{\"@type\":\"PropertyValueSpecification\",\"valueRequired\":true,\"valueName\":\"search_term_string\"}}],\"inLanguage\":\"nb-NO\"}]}<\/script>\n<!-- \/ Yoast SEO plugin. -->","yoast_head_json":{"title":"Gjester Mariahelg 2026 - Region VeBu","robots":{"index":"index","follow":"follow","max-snippet":"max-snippet:-1","max-image-preview":"max-image-preview:large","max-video-preview":"max-video-preview:-1"},"canonical":"https:\/\/www.normisjon.no\/vebu\/gjester-mariahelg-2026\/","og_locale":"nb_NO","og_type":"article","og_title":"Gjester Mariahelg 2026 - Region VeBu","og_description":"Heidi Halvorsen er 48 \u00e5r, gift med Torkjell og har to nesten voksne barn og bor i V\u00e5le. Heidi jobber p\u00e5 Re vgs og er [&hellip;]","og_url":"https:\/\/www.normisjon.no\/vebu\/gjester-mariahelg-2026\/","og_site_name":"Region VeBu","og_image":[{"width":397,"height":403,"url":"https:\/\/www.normisjon.no\/content\/uploads\/sites\/22\/2026\/05\/Heidi-Halvorsen.jpg","type":"image\/jpeg"}],"twitter_card":"summary_large_image","twitter_misc":{"Ansl. lesetid":"2 minutter"},"schema":{"@context":"https:\/\/schema.org","@graph":[{"@type":"WebPage","@id":"https:\/\/www.normisjon.no\/vebu\/gjester-mariahelg-2026\/","url":"https:\/\/www.normisjon.no\/vebu\/gjester-mariahelg-2026\/","name":"Gjester Mariahelg 2026 - Region VeBu","isPartOf":{"@id":"https:\/\/www.normisjon.no\/vebu\/#website"},"primaryImageOfPage":{"@id":"https:\/\/www.normisjon.no\/vebu\/gjester-mariahelg-2026\/#primaryimage"},"image":{"@id":"https:\/\/www.normisjon.no\/vebu\/gjester-mariahelg-2026\/#primaryimage"},"thumbnailUrl":"https:\/\/www.normisjon.no\/content\/uploads\/sites\/22\/2026\/05\/Heidi-Halvorsen.jpg","datePublished":"2026-05-07T08:42:22+00:00","breadcrumb":{"@id":"https:\/\/www.normisjon.no\/vebu\/gjester-mariahelg-2026\/#breadcrumb"},"inLanguage":"nb-NO","potentialAction":[{"@type":"ReadAction","target":["https:\/\/www.normisjon.no\/vebu\/gjester-mariahelg-2026\/"]}]},{"@type":"ImageObject","inLanguage":"nb-NO","@id":"https:\/\/www.normisjon.no\/vebu\/gjester-mariahelg-2026\/#primaryimage","url":"https:\/\/www.normisjon.no\/content\/uploads\/sites\/22\/2026\/05\/Heidi-Halvorsen.jpg","contentUrl":"https:\/\/www.normisjon.no\/content\/uploads\/sites\/22\/2026\/05\/Heidi-Halvorsen.jpg"},{"@type":"BreadcrumbList","@id":"https:\/\/www.normisjon.no\/vebu\/gjester-mariahelg-2026\/#breadcrumb","itemListElement":[{"@type":"ListItem","position":1,"name":"Home","item":"https:\/\/www.normisjon.no\/vebu\/"},{"@type":"ListItem","position":2,"name":"Gjester Mariahelg 2026"}]},{"@type":"WebSite","@id":"https:\/\/www.normisjon.no\/vebu\/#website","url":"https:\/\/www.normisjon.no\/vebu\/","name":"Region VeBu","description":"","potentialAction":[{"@type":"SearchAction","target":{"@type":"EntryPoint","urlTemplate":"https:\/\/www.normisjon.no\/vebu\/?s={search_term_string}"},"query-input":{"@type":"PropertyValueSpecification","valueRequired":true,"valueName":"search_term_string"}}],"inLanguage":"nb-NO"}]}},"_links":{"self":[{"href":"https:\/\/www.normisjon.no\/vebu\/wp-json\/wp\/v2\/pages\/5809","targetHints":{"allow":["GET"]}}],"collection":[{"href":"https:\/\/www.normisjon.no\/vebu\/wp-json\/wp\/v2\/pages"}],"about":[{"href":"https:\/\/www.normisjon.no\/vebu\/wp-json\/wp\/v2\/types\/page"}],"author":[{"embeddable":true,"href":"https:\/\/www.normisjon.no\/vebu\/wp-json\/wp\/v2\/users\/24"}],"replies":[{"embeddable":true,"href":"https:\/\/www.normisjon.no\/vebu\/wp-json\/wp\/v2\/comments?post=5809"}],"version-history":[{"count":2,"href":"https:\/\/www.normisjon.no\/vebu\/wp-json\/wp\/v2\/pages\/5809\/revisions"}],"predecessor-version":[{"id":5814,"href":"https:\/\/www.normisjon.no\/vebu\/wp-json\/wp\/v2\/pages\/5809\/revisions\/5814"}],"wp:attachment":[{"href":"https:\/\/www.normisjon.no\/vebu\/wp-json\/wp\/v2\/media?parent=5809"}],"curies":[{"name":"wp","href":"https:\/\/api.w.org\/{rel}","templated":true}]}}